{"id":12345,"date":"2022-07-22T10:00:39","date_gmt":"2022-07-22T08:00:39","guid":{"rendered":"https:\/\/dev.jardindigital.com\/www.maisonschwind.lu\/ueber-uns\/"},"modified":"2023-03-11T20:22:27","modified_gmt":"2023-03-11T19:22:27","slug":"qui-sommes-nous","status":"publish","type":"page","link":"https:\/\/www.maisonschwind.lu\/fr\/qui-sommes-nous\/","title":{"rendered":"Qui sommes-nous"},"content":{"rendered":"\t\t<div data-elementor-type=\"wp-page\" data-elementor-id=\"12345\" class=\"elementor elementor-12345 elementor-39\">\n\t\t\t\t\t\t\t\t\t<section class=\"elementor-section elementor-top-section elementor-element elementor-element-7b875e0 elementor-section-stretched elementor-section-boxed elementor-section-height-default elementor-section-height-default\" data-id=\"7b875e0\" data-element_type=\"section\" data-settings=\"{&quot;stretch_section&quot;:&quot;section-stretched&quot;}\">\n\t\t\t\t\t\t<div class=\"elementor-container elementor-column-gap-extended\">\n\t\t\t\t\t<div class=\"elementor-column elementor-col-100 elementor-top-column elementor-element elementor-element-71cbfdb\" data-id=\"71cbfdb\" data-element_type=\"column\">\n\t\t\t<div class=\"elementor-widget-wrap elementor-element-populated\">\n\t\t\t\t\t\t\t\t<div class=\"elementor-element elementor-element-f496946 elementor-widget elementor-widget-heading\" data-id=\"f496946\" data-element_type=\"widget\" data-widget_type=\"heading.default\">\n\t\t\t\t<div class=\"elementor-widget-container\">\n\t\t\t<style>\/*! elementor - v3.6.7 - 03-07-2022 *\/\n.elementor-heading-title{padding:0;margin:0;line-height:1}.elementor-widget-heading .elementor-heading-title[class*=elementor-size-]>a{color:inherit;font-size:inherit;line-height:inherit}.elementor-widget-heading .elementor-heading-title.elementor-size-small{font-size:15px}.elementor-widget-heading .elementor-heading-title.elementor-size-medium{font-size:19px}.elementor-widget-heading .elementor-heading-title.elementor-size-large{font-size:29px}.elementor-widget-heading .elementor-heading-title.elementor-size-xl{font-size:39px}.elementor-widget-heading .elementor-heading-title.elementor-size-xxl{font-size:59px}<\/style><h2 class=\"elementor-heading-title elementor-size-default\">La Maison Schwind\u2026 c\u2019est qui ?<\/h2>\t\t<\/div>\n\t\t\t\t<\/div>\n\t\t\t\t\t<\/div>\n\t\t<\/div>\n\t\t\t\t\t\t\t<\/div>\n\t\t<\/section>\n\t\t\t\t<section class=\"elementor-section elementor-top-section elementor-element elementor-element-22a2ee8 elementor-section-stretched elementor-section-boxed elementor-section-height-default elementor-section-height-default\" data-id=\"22a2ee8\" data-element_type=\"section\" data-settings=\"{&quot;stretch_section&quot;:&quot;section-stretched&quot;}\">\n\t\t\t\t\t\t<div class=\"elementor-container elementor-column-gap-extended\">\n\t\t\t\t\t<div class=\"elementor-column elementor-col-100 elementor-top-column elementor-element elementor-element-9fc39cd\" data-id=\"9fc39cd\" data-element_type=\"column\">\n\t\t\t<div class=\"elementor-widget-wrap elementor-element-populated\">\n\t\t\t\t\t\t\t\t<div class=\"elementor-element elementor-element-42df237 elementor-widget elementor-widget-image\" data-id=\"42df237\" data-element_type=\"widget\" data-widget_type=\"image.default\">\n\t\t\t\t<div class=\"elementor-widget-container\">\n\t\t\t<style>\/*! elementor - v3.6.7 - 03-07-2022 *\/\n.elementor-widget-image{text-align:center}.elementor-widget-image a{display:inline-block}.elementor-widget-image a img[src$=\".svg\"]{width:48px}.elementor-widget-image img{vertical-align:middle;display:inline-block}<\/style>\t\t\t\t\t\t\t\t\t\t\t\t<img width=\"1000\" height=\"380\" src=\"https:\/\/www.maisonschwind.lu\/shop\/wp-content\/uploads\/2022\/09\/maison-schwind-lu-header-web.jpg\" class=\"attachment-full size-full\" alt=\"\" loading=\"lazy\" srcset=\"https:\/\/www.maisonschwind.lu\/shop\/wp-content\/uploads\/2022\/09\/maison-schwind-lu-header-web.jpg 1000w, https:\/\/www.maisonschwind.lu\/shop\/wp-content\/uploads\/2022\/09\/maison-schwind-lu-header-web-300x114.jpg 300w, https:\/\/www.maisonschwind.lu\/shop\/wp-content\/uploads\/2022\/09\/maison-schwind-lu-header-web-768x292.jpg 768w, https:\/\/www.maisonschwind.lu\/shop\/wp-content\/uploads\/2022\/09\/maison-schwind-lu-header-web-600x228.jpg 600w\" sizes=\"(max-width: 1000px) 100vw, 1000px\" \/>\t\t\t\t\t\t\t\t\t\t\t\t\t\t\t<\/div>\n\t\t\t\t<\/div>\n\t\t\t\t\t<\/div>\n\t\t<\/div>\n\t\t\t\t\t\t\t<\/div>\n\t\t<\/section>\n\t\t\t\t<section class=\"elementor-section elementor-top-section elementor-element elementor-element-794874d elementor-section-stretched elementor-section-boxed elementor-section-height-default elementor-section-height-default\" data-id=\"794874d\" data-element_type=\"section\" data-settings=\"{&quot;stretch_section&quot;:&quot;section-stretched&quot;}\">\n\t\t\t\t\t\t<div class=\"elementor-container elementor-column-gap-extended\">\n\t\t\t\t\t<div class=\"elementor-column elementor-col-100 elementor-top-column elementor-element elementor-element-ca4e23b\" data-id=\"ca4e23b\" data-element_type=\"column\">\n\t\t\t<div class=\"elementor-widget-wrap elementor-element-populated\">\n\t\t\t\t\t\t\t\t<div class=\"elementor-element elementor-element-bd971ef elementor-widget elementor-widget-text-editor\" data-id=\"bd971ef\" data-element_type=\"widget\" data-widget_type=\"text-editor.default\">\n\t\t\t\t<div class=\"elementor-widget-container\">\n\t\t\t<style>\/*! elementor - v3.6.7 - 03-07-2022 *\/\n.elementor-widget-text-editor.elementor-drop-cap-view-stacked .elementor-drop-cap{background-color:#818a91;color:#fff}.elementor-widget-text-editor.elementor-drop-cap-view-framed .elementor-drop-cap{color:#818a91;border:3px solid;background-color:transparent}.elementor-widget-text-editor:not(.elementor-drop-cap-view-default) .elementor-drop-cap{margin-top:8px}.elementor-widget-text-editor:not(.elementor-drop-cap-view-default) .elementor-drop-cap-letter{width:1em;height:1em}.elementor-widget-text-editor .elementor-drop-cap{float:left;text-align:center;line-height:1;font-size:50px}.elementor-widget-text-editor .elementor-drop-cap-letter{display:inline-block}<\/style>\t\t\t\t<p>L\u2019histoire a commenc\u00e9 dans les ann\u00e9es 1960 lorsque mon grand-p\u00e8re paternel eu l\u2019id\u00e9e de faire de la machine \u00e0 coudre sa sp\u00e9cialit\u00e9.<\/p><p>Il a exerc\u00e9 dans son magasin \u00e0 Stavelot en Belgique.<\/p><p>Vers la fin des ann\u00e9es 1980, mon p\u00e8re d\u00e9cida lui aussi de se lancer dans l\u2019aventure et c\u2019est en 1991 qu\u2019il ouvrit son magasin \u00e0 Saint-Vith, en Belgique en r\u00e9gion germanophone. Son fr\u00e8re jumeau a \u00e9galement eu un magasin \u00e0 Verviers pendant de nombreuses ann\u00e9es avant de d\u00e9m\u00e9nager \u00e0 Eupen.\u00a0 Il a maintenant arr\u00eat\u00e9 ses activit\u00e9s.<\/p><p>C\u2019est en 2008, apr\u00e8s mes \u00e9tudes en \u00e9lectro-automation, que j\u2019ai pris la d\u00e9cision de rejoindre mon p\u00e8re dans son activit\u00e9. Ma s\u0153ur nous a rejoint en 2016, suivie de ma compagne en 2020.\u00a0 Une v\u00e9ritable histoire familiale !<\/p><p>En 2022, avec plus de 13 ans d\u2019exp\u00e9rience, et selon moi, ayant acquis des bases solides dans ce beau m\u00e9tier, j\u2019ai eu l\u2019id\u00e9e d\u2019\u00e9voluer et d\u2019ouvrir mon propre magasin, et c\u2019est au Luxembourg que j\u2019ai d\u00e9cid\u00e9 de poser mes valises\u2026ou plut\u00f4t mes machines \u00e0 coudre !<\/p><p>Je souhaite de tout c\u0153ur que cette nouvelle aventure soit une belle r\u00e9ussite, aussi bien pour moi, pour mes partenaires et pour mes futurs clients !<\/p>\t\t\t\t\t\t<\/div>\n\t\t\t\t<\/div>\n\t\t\t\t\t<\/div>\n\t\t<\/div>\n\t\t\t\t\t\t\t<\/div>\n\t\t<\/section>\n\t\t\t\t\t\t\t<\/div>\n\t\t","protected":false},"excerpt":{"rendered":"<p>\/*! elementor &#8211; v3.6.7 &#8211; 03-07-2022 *\/ .elementor-heading-title{padding:0;margin:0;line-height:1}.elementor-widget-heading .elementor-heading-title[class*=elementor-size-]&gt;a{color:inherit;font-size:inherit;line-height:inherit}.elementor-widget-heading .elementor-heading-title.elementor-size-small{font-size:15px}.elementor-widget-heading .elementor-heading-title.elementor-size-medium{font-size:19px}.elementor-widget-heading .elementor-heading-title.elementor-size-large{font-size:29px}.elementor-widget-heading .elementor-heading-title.elementor-size-xl{font-size:39px}.elementor-widget-heading .elementor-heading-title.elementor-size-xxl{font-size:59px} La Maison Schwind\u2026 c\u2019est qui ? \/*! elementor &#8211; v3.6.7 &#8211; 03-07-2022 *\/ .elementor-widget-image{text-align:center}.elementor-widget-image a{display:inline-block}.elementor-widget-image a img[src$=&#8221;.svg&#8221;]{width:48px}.elementor-widget-image img{vertical-align:middle;display:inline-block} L\u2019histoire a commenc\u00e9 dans les ann\u00e9es 1960 lorsque mon grand-p\u00e8re paternel eu l\u2019id\u00e9e de faire de la machine \u00e0 coudre sa sp\u00e9cialit\u00e9. Il &hellip; <br \/><a href=\"https:\/\/www.maisonschwind.lu\/fr\/qui-sommes-nous\/\" class=\"more-link\">Continue reading <span class=\"screen-reader-text\">Qui sommes-nous<\/span><\/a><\/p>\n","protected":false},"author":1,"featured_media":0,"parent":0,"menu_order":0,"comment_status":"closed","ping_status":"closed","template":"","meta":[],"aioseo_notices":[],"_links":{"self":[{"href":"https:\/\/www.maisonschwind.lu\/fr\/wp-json\/wp\/v2\/pages\/12345"}],"collection":[{"href":"https:\/\/www.maisonschwind.lu\/fr\/wp-json\/wp\/v2\/pages"}],"about":[{"href":"https:\/\/www.maisonschwind.lu\/fr\/wp-json\/wp\/v2\/types\/page"}],"author":[{"embeddable":true,"href":"https:\/\/www.maisonschwind.lu\/fr\/wp-json\/wp\/v2\/users\/1"}],"replies":[{"embeddable":true,"href":"https:\/\/www.maisonschwind.lu\/fr\/wp-json\/wp\/v2\/comments?post=12345"}],"version-history":[{"count":11,"href":"https:\/\/www.maisonschwind.lu\/fr\/wp-json\/wp\/v2\/pages\/12345\/revisions"}],"predecessor-version":[{"id":29865,"href":"https:\/\/www.maisonschwind.lu\/fr\/wp-json\/wp\/v2\/pages\/12345\/revisions\/29865"}],"wp:attachment":[{"href":"https:\/\/www.maisonschwind.lu\/fr\/wp-json\/wp\/v2\/media?parent=12345"}],"curies":[{"name":"wp","href":"https:\/\/api.w.org\/{rel}","templated":true}]}}