{"id":24972,"date":"2022-10-12T15:22:42","date_gmt":"2022-10-12T13:22:42","guid":{"rendered":"https:\/\/www.maisonschwind.lu\/product\/brother-kd144s-little-angel\/"},"modified":"2025-09-22T22:10:24","modified_gmt":"2025-09-22T20:10:24","slug":"brother-kd144s-little-angel","status":"publish","type":"product","link":"https:\/\/www.maisonschwind.lu\/fr\/produit\/brother-kd144s-little-angel\/","title":{"rendered":"Brother KD144s Little Angel"},"content":{"rendered":"\t\t<div data-elementor-type=\"wp-post\" data-elementor-id=\"24972\" class=\"elementor elementor-24972 elementor-24948\">\n\t\t\t\t\t\t\t\t\t<section class=\"elementor-section elementor-top-section elementor-element elementor-element-10749cc8 elementor-section-boxed elementor-section-height-default elementor-section-height-default\" data-id=\"10749cc8\" data-element_type=\"section\">\n\t\t\t\t\t\t<div class=\"elementor-container elementor-column-gap-default\">\n\t\t\t\t\t<div class=\"elementor-column elementor-col-100 elementor-top-column elementor-element elementor-element-3391f45a\" data-id=\"3391f45a\" data-element_type=\"column\">\n\t\t\t<div class=\"elementor-widget-wrap elementor-element-populated\">\n\t\t\t\t\t\t\t\t<div class=\"elementor-element elementor-element-241e0352 elementor-widget elementor-widget-text-editor\" data-id=\"241e0352\" data-element_type=\"widget\" data-widget_type=\"text-editor.default\">\n\t\t\t\t<div class=\"elementor-widget-container\">\n\t\t\t<style>\/*! elementor - v3.6.7 - 03-07-2022 *\/\n.elementor-widget-text-editor.elementor-drop-cap-view-stacked .elementor-drop-cap{background-color:#818a91;color:#fff}.elementor-widget-text-editor.elementor-drop-cap-view-framed .elementor-drop-cap{color:#818a91;border:3px solid;background-color:transparent}.elementor-widget-text-editor:not(.elementor-drop-cap-view-default) .elementor-drop-cap{margin-top:8px}.elementor-widget-text-editor:not(.elementor-drop-cap-view-default) .elementor-drop-cap-letter{width:1em;height:1em}.elementor-widget-text-editor .elementor-drop-cap{float:left;text-align:center;line-height:1;font-size:50px}.elementor-widget-text-editor .elementor-drop-cap-letter{display:inline-block}<\/style>\t\t\t\t<p>14 points dont une boutonni\u00e8re en 4 \u00e9tapes<\/p><p>Prot\u00e8ge-doigts pour une s\u00e9curit\u00e9 maximale<\/p><p>DVD d\u2019initiation aux manipulations de base inclus<\/p><p>Eclairage LED<\/p><p>Face-avant personnalisable<\/p><p><strong>Attention : cette machine n\u2019est pas un jouet, ne laissez pas votre enfant l\u2019utiliser sans surveillance !\u00a0<\/strong><\/p>\t\t\t\t\t\t<\/div>\n\t\t\t\t<\/div>\n\t\t\t\t\t<\/div>\n\t\t<\/div>\n\t\t\t\t\t\t\t<\/div>\n\t\t<\/section>\n\t\t\t\t\t\t\t<\/div>\n\t\t","protected":false},"excerpt":{"rendered":"<p><em><strong>La machine id\u00e9ale pour les jeunes couturier(e)s !<\/strong><\/em><\/p>\n<p>14 points dont une boutonni\u00e8re en 4 \u00e9tapes<\/p>\n<p>Prot\u00e8ge-doigts pour une s\u00e9curit\u00e9 maximale<\/p>\n<p>DVD d\u2019initiation aux manipulations de base inclus<\/p>\n<p>3 ans de garantie<\/p>\n<p><a href=\"https:\/\/www.brother.eu\/-\/media\/product-downloads\/bsme\/fr\/kd144s_fr.pdf?_ga=2.17908345.1381337922.1695906391-715216963.1669998359\" target=\"_blank\" rel=\"noopener\"><img loading=\"lazy\" class=\"alignnone wp-image-17938 size-full\" src=\"https:\/\/www.maisonschwind.lu\/shop\/wp-content\/uploads\/2022\/09\/pdf-brochure-fr-3.png\" alt=\"\" width=\"150\" height=\"60\" \/><\/a><\/p>\n","protected":false},"featured_media":38515,"comment_status":"closed","ping_status":"closed","template":"","meta":[],"product_cat":[1379],"product_tag":[1528],"aioseo_notices":[],"_links":{"self":[{"href":"https:\/\/www.maisonschwind.lu\/fr\/wp-json\/wp\/v2\/product\/24972"}],"collection":[{"href":"https:\/\/www.maisonschwind.lu\/fr\/wp-json\/wp\/v2\/product"}],"about":[{"href":"https:\/\/www.maisonschwind.lu\/fr\/wp-json\/wp\/v2\/types\/product"}],"replies":[{"embeddable":true,"href":"https:\/\/www.maisonschwind.lu\/fr\/wp-json\/wp\/v2\/comments?post=24972"}],"version-history":[{"count":4,"href":"https:\/\/www.maisonschwind.lu\/fr\/wp-json\/wp\/v2\/product\/24972\/revisions"}],"predecessor-version":[{"id":37196,"href":"https:\/\/www.maisonschwind.lu\/fr\/wp-json\/wp\/v2\/product\/24972\/revisions\/37196"}],"wp:featuredmedia":[{"embeddable":true,"href":"https:\/\/www.maisonschwind.lu\/fr\/wp-json\/wp\/v2\/media\/38515"}],"wp:attachment":[{"href":"https:\/\/www.maisonschwind.lu\/fr\/wp-json\/wp\/v2\/media?parent=24972"}],"wp:term":[{"taxonomy":"product_cat","embeddable":true,"href":"https:\/\/www.maisonschwind.lu\/fr\/wp-json\/wp\/v2\/product_cat?post=24972"},{"taxonomy":"product_tag","embeddable":true,"href":"https:\/\/www.maisonschwind.lu\/fr\/wp-json\/wp\/v2\/product_tag?post=24972"}],"curies":[{"name":"wp","href":"https:\/\/api.w.org\/{rel}","templated":true}]}}