{"id":28051,"date":"2023-01-28T13:42:06","date_gmt":"2023-01-28T12:42:06","guid":{"rendered":"https:\/\/www.maisonschwind.lu\/product\/trolley-grand-modele-babylock\/"},"modified":"2023-06-19T07:08:22","modified_gmt":"2023-06-19T05:08:22","slug":"trolley-grand-modele-babylock","status":"publish","type":"product","link":"https:\/\/www.maisonschwind.lu\/fr\/produit\/trolley-grand-modele-babylock\/","title":{"rendered":"Trolley grand mod\u00e8le Babylock"},"content":{"rendered":"\t\t<div data-elementor-type=\"wp-post\" data-elementor-id=\"28051\" class=\"elementor elementor-28051 elementor-28044\">\n\t\t\t\t\t\t\t\t\t<section class=\"elementor-section elementor-top-section elementor-element elementor-element-10749cc8 elementor-section-boxed elementor-section-height-default elementor-section-height-default\" data-id=\"10749cc8\" data-element_type=\"section\">\n\t\t\t\t\t\t<div class=\"elementor-container elementor-column-gap-default\">\n\t\t\t\t\t<div class=\"elementor-column elementor-col-100 elementor-top-column elementor-element elementor-element-3391f45a\" data-id=\"3391f45a\" data-element_type=\"column\">\n\t\t\t<div class=\"elementor-widget-wrap elementor-element-populated\">\n\t\t\t\t\t\t\t\t<div class=\"elementor-element elementor-element-241e0352 elementor-widget elementor-widget-text-editor\" data-id=\"241e0352\" data-element_type=\"widget\" data-widget_type=\"text-editor.default\">\n\t\t\t\t<div class=\"elementor-widget-container\">\n\t\t\t<style>\/*! elementor - v3.6.7 - 03-07-2022 *\/\n.elementor-widget-text-editor.elementor-drop-cap-view-stacked .elementor-drop-cap{background-color:#818a91;color:#fff}.elementor-widget-text-editor.elementor-drop-cap-view-framed .elementor-drop-cap{color:#818a91;border:3px solid;background-color:transparent}.elementor-widget-text-editor:not(.elementor-drop-cap-view-default) .elementor-drop-cap{margin-top:8px}.elementor-widget-text-editor:not(.elementor-drop-cap-view-default) .elementor-drop-cap-letter{width:1em;height:1em}.elementor-widget-text-editor .elementor-drop-cap{float:left;text-align:center;line-height:1;font-size:50px}.elementor-widget-text-editor .elementor-drop-cap-letter{display:inline-block}<\/style>\t\t\t\t<p>Fabriqu\u00e9e sur mesure par une petite entreprise britannique, la valise \u00e0 roulettes baby lock convainc d\u2019abord par sa l\u00e9g\u00e8ret\u00e9. Contrairement aux valises trolley lourdes, cette \u00abprotection pour le transport\u00bb est \u00e9galement tr\u00e8s facile \u00e0 manipuler seule. Les sangles pratiques des deux c\u00f4t\u00e9s permettent, par exemple, de la ranger ais\u00e9ment dans le coffre de la voiture sans aucune aide. La poign\u00e9e coulissante et les roulettes permettent de la d\u00e9placer tout en m\u00e9nageant le dos m\u00eame lorsqu\u2019elle est bien remplie.<\/p><p>Le rembourrage int\u00e9rieur est parfaitement adapt\u00e9 \u00e0 nos machines baby lock et leurs accessoires tels que la genouill\u00e8re ou le porte bobine secondaire trouvent leur place. M\u00eame les tissus et les fils pour votre prochain ouvrage de couture peuvent y \u00eatre rang\u00e9s sans probl\u00e8me. Avec la valise \u00e0 roulettes baby lock, vos machines sont parfaitement entrepos\u00e9es et prot\u00e9g\u00e9es, aussi bien \u00e0 la maison qu\u2019en d\u00e9placement.<\/p><p><strong>PRINCIPALES CARACTERISTIQUES DE LA VALISE A ROULETTES<\/strong><br \/>\u2022 surface robuste et facile d\u2019entretien en toile r\u00e9sistante<br \/>\u2022 fermeture \u00e0 glissi\u00e8re renforc\u00e9e avec double curseur et rembourrage en mousse parfaitement ajust\u00e9<\/p><p>Mod\u00e8le 2 &#8211; grand \/ BL-3000-07<br \/>Dimensions en cm (LxHxP) 44 x 63 x 50<br \/>Hauteur avec poign\u00e9e 120 cm<br \/>Poids \u00e0 vide 5,80 kg\u00a0<\/p><p>Machine non-incluse<\/p>\t\t\t\t\t\t<\/div>\n\t\t\t\t<\/div>\n\t\t\t\t\t<\/div>\n\t\t<\/div>\n\t\t\t\t\t\t\t<\/div>\n\t\t<\/section>\n\t\t\t\t\t\t\t<\/div>\n\t\t","protected":false},"excerpt":{"rendered":"<div class=\"views-field views-field-title-field\">\n<div class=\"field-content\">Valise \u00e0 roulettes baby lock<\/div>\n<div><\/div>\n<\/div>\n<div class=\"views-field views-field-description-field\">\n<div class=\"field-content\">\n<p><strong>Voyagez en toute tranquillit\u00e9 et s\u00e9curit\u00e9 avec baby lock !<\/strong><\/p>\n<\/div>\n<\/div>\n","protected":false},"featured_media":28046,"comment_status":"closed","ping_status":"closed","template":"","meta":[],"product_cat":[1516,1391],"product_tag":[],"aioseo_notices":[],"_links":{"self":[{"href":"https:\/\/www.maisonschwind.lu\/fr\/wp-json\/wp\/v2\/product\/28051"}],"collection":[{"href":"https:\/\/www.maisonschwind.lu\/fr\/wp-json\/wp\/v2\/product"}],"about":[{"href":"https:\/\/www.maisonschwind.lu\/fr\/wp-json\/wp\/v2\/types\/product"}],"replies":[{"embeddable":true,"href":"https:\/\/www.maisonschwind.lu\/fr\/wp-json\/wp\/v2\/comments?post=28051"}],"version-history":[{"count":6,"href":"https:\/\/www.maisonschwind.lu\/fr\/wp-json\/wp\/v2\/product\/28051\/revisions"}],"predecessor-version":[{"id":29826,"href":"https:\/\/www.maisonschwind.lu\/fr\/wp-json\/wp\/v2\/product\/28051\/revisions\/29826"}],"wp:featuredmedia":[{"embeddable":true,"href":"https:\/\/www.maisonschwind.lu\/fr\/wp-json\/wp\/v2\/media\/28046"}],"wp:attachment":[{"href":"https:\/\/www.maisonschwind.lu\/fr\/wp-json\/wp\/v2\/media?parent=28051"}],"wp:term":[{"taxonomy":"product_cat","embeddable":true,"href":"https:\/\/www.maisonschwind.lu\/fr\/wp-json\/wp\/v2\/product_cat?post=28051"},{"taxonomy":"product_tag","embeddable":true,"href":"https:\/\/www.maisonschwind.lu\/fr\/wp-json\/wp\/v2\/product_tag?post=28051"}],"curies":[{"name":"wp","href":"https:\/\/api.w.org\/{rel}","templated":true}]}}