{"id":28609,"date":"2023-02-06T09:38:21","date_gmt":"2023-02-06T08:38:21","guid":{"rendered":"https:\/\/www.maisonschwind.lu\/product\/brother-innov-is-f580\/"},"modified":"2026-04-03T10:51:14","modified_gmt":"2026-04-03T08:51:14","slug":"brother-innov-is-f580","status":"publish","type":"product","link":"https:\/\/www.maisonschwind.lu\/fr\/produit\/brother-innov-is-f580\/","title":{"rendered":"Brother Innov-is F580"},"content":{"rendered":"\t\t<div data-elementor-type=\"wp-post\" data-elementor-id=\"28609\" class=\"elementor elementor-28609 elementor-28575\">\n\t\t\t\t\t\t\t\t\t<section class=\"elementor-section elementor-top-section elementor-element elementor-element-10749cc8 elementor-section-boxed elementor-section-height-default elementor-section-height-default\" data-id=\"10749cc8\" data-element_type=\"section\">\n\t\t\t\t\t\t<div class=\"elementor-container elementor-column-gap-default\">\n\t\t\t\t\t<div class=\"elementor-column elementor-col-100 elementor-top-column elementor-element elementor-element-3391f45a\" data-id=\"3391f45a\" data-element_type=\"column\">\n\t\t\t<div class=\"elementor-widget-wrap elementor-element-populated\">\n\t\t\t\t\t\t\t\t<div class=\"elementor-element elementor-element-241e0352 elementor-widget elementor-widget-text-editor\" data-id=\"241e0352\" data-element_type=\"widget\" data-widget_type=\"text-editor.default\">\n\t\t\t\t<div class=\"elementor-widget-container\">\n\t\t\t<style>\/*! elementor - v3.6.7 - 03-07-2022 *\/\n.elementor-widget-text-editor.elementor-drop-cap-view-stacked .elementor-drop-cap{background-color:#818a91;color:#fff}.elementor-widget-text-editor.elementor-drop-cap-view-framed .elementor-drop-cap{color:#818a91;border:3px solid;background-color:transparent}.elementor-widget-text-editor:not(.elementor-drop-cap-view-default) .elementor-drop-cap{margin-top:8px}.elementor-widget-text-editor:not(.elementor-drop-cap-view-default) .elementor-drop-cap-letter{width:1em;height:1em}.elementor-widget-text-editor .elementor-drop-cap{float:left;text-align:center;line-height:1;font-size:50px}.elementor-widget-text-editor .elementor-drop-cap-letter{display:inline-block}<\/style>\t\t\t\t<p>193 motifs de broderie int\u00e9gr\u00e9s, dont 55 motifs in\u00e9dits !<\/p><p>13 styles de polices de caract\u00e8res dont 2 nouvelles !<\/p><p>Champ de broderie 180 x 130 mm<\/p><p>\u00c9cran tactile LCD couleur<\/p><p>Fonction coupe-fil des points saut\u00e9s<\/p><p>241 points de couture utilitaires et d\u00e9coratifs, dont 10 styles de boutonni\u00e8re, et 5 styles de polices de caract\u00e8res (couture)<\/p><p>Tension automatique du fil sup\u00e9rieur\u00a0<\/p>\t\t\t\t\t\t<\/div>\n\t\t\t\t<\/div>\n\t\t\t\t\t<\/div>\n\t\t<\/div>\n\t\t\t\t\t\t\t<\/div>\n\t\t<\/section>\n\t\t\t\t\t\t\t<\/div>\n\t\t","protected":false},"excerpt":{"rendered":"<p><em><strong>Jusqu\u2019au 15\/05\/26, \u00e0 l\u2019achat d\u2019une F580, possibilit\u00e9 d\u2019acheter le PE-Design 2 pour 300\u20ac seulement !<\/strong><\/em><\/p>\n<p>193 motifs de broderie int\u00e9gr\u00e9s, dont 55 motifs in\u00e9dits !<\/p>\n<p>13 styles de polices de caract\u00e8res dont 2 nouvelles !<\/p>\n<p>Champ de broderie 180 x 130 mm<\/p>\n<p>\u00c9cran tactile LCD couleur<\/p>\n<p>Fonction coupe-fil des points saut\u00e9s<\/p>\n<p>241 points de couture utilitaires et d\u00e9coratifs, dont 10 styles de boutonni\u00e8re, et 5 styles de polices de caract\u00e8res (couture)<\/p>\n<p>Tension automatique du fil sup\u00e9rieur<\/p>\n<p><a href=\"https:\/\/www.brother.eu\/-\/media\/product-downloads\/bsme\/fr\/f540e-and-f580-fr-web.pdf\" target=\"_blank\" rel=\"noopener\"><img loading=\"lazy\" class=\"alignnone wp-image-17937 size-full\" src=\"https:\/\/www.maisonschwind.lu\/shop\/wp-content\/uploads\/2022\/09\/pdf-brochure-fr-3.png\" alt=\"\" width=\"150\" height=\"60\" \/><\/a><\/p>\n","protected":false},"featured_media":39836,"comment_status":"closed","ping_status":"closed","template":"","meta":[],"product_cat":[1375],"product_tag":[],"aioseo_notices":[],"_links":{"self":[{"href":"https:\/\/www.maisonschwind.lu\/fr\/wp-json\/wp\/v2\/product\/28609"}],"collection":[{"href":"https:\/\/www.maisonschwind.lu\/fr\/wp-json\/wp\/v2\/product"}],"about":[{"href":"https:\/\/www.maisonschwind.lu\/fr\/wp-json\/wp\/v2\/types\/product"}],"replies":[{"embeddable":true,"href":"https:\/\/www.maisonschwind.lu\/fr\/wp-json\/wp\/v2\/comments?post=28609"}],"version-history":[{"count":10,"href":"https:\/\/www.maisonschwind.lu\/fr\/wp-json\/wp\/v2\/product\/28609\/revisions"}],"predecessor-version":[{"id":67245,"href":"https:\/\/www.maisonschwind.lu\/fr\/wp-json\/wp\/v2\/product\/28609\/revisions\/67245"}],"wp:featuredmedia":[{"embeddable":true,"href":"https:\/\/www.maisonschwind.lu\/fr\/wp-json\/wp\/v2\/media\/39836"}],"wp:attachment":[{"href":"https:\/\/www.maisonschwind.lu\/fr\/wp-json\/wp\/v2\/media?parent=28609"}],"wp:term":[{"taxonomy":"product_cat","embeddable":true,"href":"https:\/\/www.maisonschwind.lu\/fr\/wp-json\/wp\/v2\/product_cat?post=28609"},{"taxonomy":"product_tag","embeddable":true,"href":"https:\/\/www.maisonschwind.lu\/fr\/wp-json\/wp\/v2\/product_tag?post=28609"}],"curies":[{"name":"wp","href":"https:\/\/api.w.org\/{rel}","templated":true}]}}