{"id":30837,"date":"2023-04-18T18:54:03","date_gmt":"2023-04-18T16:54:03","guid":{"rendered":"https:\/\/www.maisonschwind.lu\/product\/stabilisateur-de-broderie-madeira-cotton-stable-9438\/"},"modified":"2023-04-19T09:16:36","modified_gmt":"2023-04-19T07:16:36","slug":"stabilisateur-de-broderie-madeira-cotton-stable-9438","status":"publish","type":"product","link":"https:\/\/www.maisonschwind.lu\/fr\/produit\/stabilisateur-de-broderie-madeira-cotton-stable-9438\/","title":{"rendered":"Stabilisateur de broderie Madeira Cotton stable 9438"},"content":{"rendered":"\t\t<div data-elementor-type=\"wp-post\" data-elementor-id=\"30837\" class=\"elementor elementor-30837 elementor-30793\">\n\t\t\t\t\t\t\t\t\t<section class=\"elementor-section elementor-top-section elementor-element elementor-element-10749cc8 elementor-section-boxed elementor-section-height-default elementor-section-height-default\" data-id=\"10749cc8\" data-element_type=\"section\">\n\t\t\t\t\t\t<div class=\"elementor-container elementor-column-gap-default\">\n\t\t\t\t\t<div class=\"elementor-column elementor-col-100 elementor-top-column elementor-element elementor-element-3391f45a\" data-id=\"3391f45a\" data-element_type=\"column\">\n\t\t\t<div class=\"elementor-widget-wrap elementor-element-populated\">\n\t\t\t\t\t\t\t\t<div class=\"elementor-element elementor-element-241e0352 elementor-widget elementor-widget-text-editor\" data-id=\"241e0352\" data-element_type=\"widget\" data-widget_type=\"text-editor.default\">\n\t\t\t\t<div class=\"elementor-widget-container\">\n\t\t\t<style>\/*! elementor - v3.6.7 - 03-07-2022 *\/\n.elementor-widget-text-editor.elementor-drop-cap-view-stacked .elementor-drop-cap{background-color:#818a91;color:#fff}.elementor-widget-text-editor.elementor-drop-cap-view-framed .elementor-drop-cap{color:#818a91;border:3px solid;background-color:transparent}.elementor-widget-text-editor:not(.elementor-drop-cap-view-default) .elementor-drop-cap{margin-top:8px}.elementor-widget-text-editor:not(.elementor-drop-cap-view-default) .elementor-drop-cap-letter{width:1em;height:1em}.elementor-widget-text-editor .elementor-drop-cap{float:left;text-align:center;line-height:1;font-size:50px}.elementor-widget-text-editor .elementor-drop-cap-letter{display:inline-block}<\/style>\t\t\t\t<p>Cotton stable est un non-tiss\u00e9 \u00e0 d\u00e9chirer.\u00a0 Au repassage, le tissu se fixe et peut alors \u00eatre broder sans risquer de glisser. Cotton stable peut \u00eatre retirer tr\u00e8s facilement.<\/p><p>Id\u00e9al pour les mati\u00e8res extensibles telles que les tissus en stretch, les T-shirts, le jersey, &#8230;)<\/p><p>Les stabilisateurs Madeira sont des produits de hautes qualit\u00e9.<\/p><p>Le tube de conservation est muni de clips qui prot\u00e8gent le stabilisateur de la poussi\u00e8re, de l&#8217;humidit\u00e9 et du dess\u00e8chement.\u00a0<\/p>\t\t\t\t\t\t<\/div>\n\t\t\t\t<\/div>\n\t\t\t\t\t<\/div>\n\t\t<\/div>\n\t\t\t\t\t\t\t<\/div>\n\t\t<\/section>\n\t\t\t\t\t\t\t<\/div>\n\t\t","protected":false},"excerpt":{"rendered":"<p>Non-tiss\u00e9, \u00e0 d\u00e9chirer et repassable<\/p>\n<p>Id\u00e9al pour les mati\u00e8res extensibles<\/p>\n<p>Rouleau de 30cm X 10m<\/p>\n<p>Blanc<\/p>\n","protected":false},"featured_media":30795,"comment_status":"closed","ping_status":"closed","template":"","meta":[],"product_cat":[1403],"product_tag":[],"aioseo_notices":[],"_links":{"self":[{"href":"https:\/\/www.maisonschwind.lu\/fr\/wp-json\/wp\/v2\/product\/30837"}],"collection":[{"href":"https:\/\/www.maisonschwind.lu\/fr\/wp-json\/wp\/v2\/product"}],"about":[{"href":"https:\/\/www.maisonschwind.lu\/fr\/wp-json\/wp\/v2\/types\/product"}],"replies":[{"embeddable":true,"href":"https:\/\/www.maisonschwind.lu\/fr\/wp-json\/wp\/v2\/comments?post=30837"}],"version-history":[{"count":2,"href":"https:\/\/www.maisonschwind.lu\/fr\/wp-json\/wp\/v2\/product\/30837\/revisions"}],"predecessor-version":[{"id":30844,"href":"https:\/\/www.maisonschwind.lu\/fr\/wp-json\/wp\/v2\/product\/30837\/revisions\/30844"}],"wp:featuredmedia":[{"embeddable":true,"href":"https:\/\/www.maisonschwind.lu\/fr\/wp-json\/wp\/v2\/media\/30795"}],"wp:attachment":[{"href":"https:\/\/www.maisonschwind.lu\/fr\/wp-json\/wp\/v2\/media?parent=30837"}],"wp:term":[{"taxonomy":"product_cat","embeddable":true,"href":"https:\/\/www.maisonschwind.lu\/fr\/wp-json\/wp\/v2\/product_cat?post=30837"},{"taxonomy":"product_tag","embeddable":true,"href":"https:\/\/www.maisonschwind.lu\/fr\/wp-json\/wp\/v2\/product_tag?post=30837"}],"curies":[{"name":"wp","href":"https:\/\/api.w.org\/{rel}","templated":true}]}}