{"id":30848,"date":"2023-04-18T19:01:12","date_gmt":"2023-04-18T17:01:12","guid":{"rendered":"https:\/\/www.maisonschwind.lu\/product\/stabilisateur-de-broderie-madeira-cotton-soft-9436\/"},"modified":"2023-04-19T09:23:31","modified_gmt":"2023-04-19T07:23:31","slug":"stabilisateur-de-broderie-madeira-cotton-soft-9436","status":"publish","type":"product","link":"https:\/\/www.maisonschwind.lu\/fr\/produit\/stabilisateur-de-broderie-madeira-cotton-soft-9436\/","title":{"rendered":"Stabilisateur de broderie Madeira Cotton soft 9436"},"content":{"rendered":"\t\t<div data-elementor-type=\"wp-post\" data-elementor-id=\"30848\" class=\"elementor elementor-30848 elementor-30800\">\n\t\t\t\t\t\t\t\t\t<section class=\"elementor-section elementor-top-section elementor-element elementor-element-10749cc8 elementor-section-boxed elementor-section-height-default elementor-section-height-default\" data-id=\"10749cc8\" data-element_type=\"section\">\n\t\t\t\t\t\t<div class=\"elementor-container elementor-column-gap-default\">\n\t\t\t\t\t<div class=\"elementor-column elementor-col-100 elementor-top-column elementor-element elementor-element-3391f45a\" data-id=\"3391f45a\" data-element_type=\"column\">\n\t\t\t<div class=\"elementor-widget-wrap elementor-element-populated\">\n\t\t\t\t\t\t\t\t<div class=\"elementor-element elementor-element-241e0352 elementor-widget elementor-widget-text-editor\" data-id=\"241e0352\" data-element_type=\"widget\" data-widget_type=\"text-editor.default\">\n\t\t\t\t<div class=\"elementor-widget-container\">\n\t\t\t<style>\/*! elementor - v3.6.7 - 03-07-2022 *\/\n.elementor-widget-text-editor.elementor-drop-cap-view-stacked .elementor-drop-cap{background-color:#818a91;color:#fff}.elementor-widget-text-editor.elementor-drop-cap-view-framed .elementor-drop-cap{color:#818a91;border:3px solid;background-color:transparent}.elementor-widget-text-editor:not(.elementor-drop-cap-view-default) .elementor-drop-cap{margin-top:8px}.elementor-widget-text-editor:not(.elementor-drop-cap-view-default) .elementor-drop-cap-letter{width:1em;height:1em}.elementor-widget-text-editor .elementor-drop-cap{float:left;text-align:center;line-height:1;font-size:50px}.elementor-widget-text-editor .elementor-drop-cap-letter{display:inline-block}<\/style>\t\t\t\t<p>Cotton stable est un non-tiss\u00e9 \u00e0 d\u00e9chirer. Il emp\u00eache que la mati\u00e8re ne se d\u00e9forme lors de la broderie.<\/p><p>Id\u00e9al pour les mati\u00e8res non-extensibles telles que les tissus en coton, les boutonni\u00e8res, &#8230;)<\/p><p>Les stabilisateurs Madeira sont des produits de hautes qualit\u00e9.<\/p><p>Le tube de conservation est muni de clips qui prot\u00e8gent le stabilisateur de la poussi\u00e8re, de l&#8217;humidit\u00e9 et du dess\u00e8chement.\u00a0<\/p>\t\t\t\t\t\t<\/div>\n\t\t\t\t<\/div>\n\t\t\t\t\t<\/div>\n\t\t<\/div>\n\t\t\t\t\t\t\t<\/div>\n\t\t<\/section>\n\t\t\t\t\t\t\t<\/div>\n\t\t","protected":false},"excerpt":{"rendered":"<p>Non-tiss\u00e9, \u00e0 d\u00e9chirer, l\u00e9ger et souple<\/p>\n<p>Id\u00e9al pour les mati\u00e8res non-extensibles<\/p>\n<p>Rouleau de 30cm X 10m<\/p>\n<p>Blanc<\/p>\n","protected":false},"featured_media":30802,"comment_status":"closed","ping_status":"closed","template":"","meta":[],"product_cat":[1403],"product_tag":[],"aioseo_notices":[],"_links":{"self":[{"href":"https:\/\/www.maisonschwind.lu\/fr\/wp-json\/wp\/v2\/product\/30848"}],"collection":[{"href":"https:\/\/www.maisonschwind.lu\/fr\/wp-json\/wp\/v2\/product"}],"about":[{"href":"https:\/\/www.maisonschwind.lu\/fr\/wp-json\/wp\/v2\/types\/product"}],"replies":[{"embeddable":true,"href":"https:\/\/www.maisonschwind.lu\/fr\/wp-json\/wp\/v2\/comments?post=30848"}],"version-history":[{"count":2,"href":"https:\/\/www.maisonschwind.lu\/fr\/wp-json\/wp\/v2\/product\/30848\/revisions"}],"predecessor-version":[{"id":30855,"href":"https:\/\/www.maisonschwind.lu\/fr\/wp-json\/wp\/v2\/product\/30848\/revisions\/30855"}],"wp:featuredmedia":[{"embeddable":true,"href":"https:\/\/www.maisonschwind.lu\/fr\/wp-json\/wp\/v2\/media\/30802"}],"wp:attachment":[{"href":"https:\/\/www.maisonschwind.lu\/fr\/wp-json\/wp\/v2\/media?parent=30848"}],"wp:term":[{"taxonomy":"product_cat","embeddable":true,"href":"https:\/\/www.maisonschwind.lu\/fr\/wp-json\/wp\/v2\/product_cat?post=30848"},{"taxonomy":"product_tag","embeddable":true,"href":"https:\/\/www.maisonschwind.lu\/fr\/wp-json\/wp\/v2\/product_tag?post=30848"}],"curies":[{"name":"wp","href":"https:\/\/api.w.org\/{rel}","templated":true}]}}