{"id":35451,"date":"2023-07-26T11:38:57","date_gmt":"2023-07-26T09:38:57","guid":{"rendered":"https:\/\/www.maisonschwind.lu\/product\/bouteille-anti-calcaire-aqua\/"},"modified":"2024-07-08T11:56:10","modified_gmt":"2024-07-08T09:56:10","slug":"bouteille-anti-calcaire-aqua","status":"publish","type":"product","link":"https:\/\/www.maisonschwind.lu\/fr\/produit\/bouteille-anti-calcaire-aqua\/","title":{"rendered":"Bouteille anti-calcaire Aqua+"},"content":{"rendered":"\t\t<div data-elementor-type=\"wp-post\" data-elementor-id=\"35451\" class=\"elementor elementor-35451 elementor-35444\">\n\t\t\t\t\t\t\t\t\t<section class=\"elementor-section elementor-top-section elementor-element elementor-element-10749cc8 elementor-section-boxed elementor-section-height-default elementor-section-height-default\" data-id=\"10749cc8\" data-element_type=\"section\">\n\t\t\t\t\t\t<div class=\"elementor-container elementor-column-gap-default\">\n\t\t\t\t\t<div class=\"elementor-column elementor-col-100 elementor-top-column elementor-element elementor-element-3391f45a\" data-id=\"3391f45a\" data-element_type=\"column\">\n\t\t\t<div class=\"elementor-widget-wrap elementor-element-populated\">\n\t\t\t\t\t\t\t\t<div class=\"elementor-element elementor-element-241e0352 elementor-widget elementor-widget-text-editor\" data-id=\"241e0352\" data-element_type=\"widget\" data-widget_type=\"text-editor.default\">\n\t\t\t\t<div class=\"elementor-widget-container\">\n\t\t\t<style>\/*! elementor - v3.6.7 - 03-07-2022 *\/\n.elementor-widget-text-editor.elementor-drop-cap-view-stacked .elementor-drop-cap{background-color:#818a91;color:#fff}.elementor-widget-text-editor.elementor-drop-cap-view-framed .elementor-drop-cap{color:#818a91;border:3px solid;background-color:transparent}.elementor-widget-text-editor:not(.elementor-drop-cap-view-default) .elementor-drop-cap{margin-top:8px}.elementor-widget-text-editor:not(.elementor-drop-cap-view-default) .elementor-drop-cap-letter{width:1em;height:1em}.elementor-widget-text-editor .elementor-drop-cap{float:left;text-align:center;line-height:1;font-size:50px}.elementor-widget-text-editor .elementor-drop-cap-letter{display:inline-block}<\/style>\t\t\t\t<p>Le calcaire est un vrai cauchemar !<\/p><p>Aqua+ est la solution simple, efficace, \u00e9conomique et \u00e9cologique pour stopper les ravages du calcaire, pour garantir la long\u00e9vit\u00e9 de vos produits vapeur.<\/p><p>C&#8217;est l&#8217;arme ultime contre le calcaire !<\/p><p>Il est indispensable comme un frigo. Le r\u00e9frig\u00e9rateur prolonge la dur\u00e9e de vie des aliments. Aqua+ prolonge la dur\u00e9e de vie de vos appareils \u00e9lectrom\u00e9nagers tels que votre fer \u00e0 repasser, vos stations de repassage ou votre nettoyeur vapeur.<\/p><p>Aqua+ est un nouveau traitement de l&#8217;eau ionisante\u00a0<\/p>\t\t\t\t\t\t<\/div>\n\t\t\t\t<\/div>\n\t\t\t\t\t<\/div>\n\t\t<\/div>\n\t\t\t\t\t\t\t<\/div>\n\t\t<\/section>\n\t\t\t\t\t\t\t<\/div>\n\t\t","protected":false},"excerpt":{"rendered":"<p>Bouteille anti-calcaire Aqua+<\/p>\n<p>Aqua+ est la solution simple, efficace, \u00e9conomique et \u00e9cologique pour stopper les ravages du calcaire, pour garantir la long\u00e9vit\u00e9 de vos produits vapeur.<\/p>\n<p>L&#8217;ionisation \u00e9liminera toute formation de calcaire dans vos fers \u00e0 vapeur, stations de repassage, nettoyeurs, prolongeant ainsi la dur\u00e9e de vie de vos appareils \u00e0 vapeur !<\/p>\n","protected":false},"featured_media":35446,"comment_status":"closed","ping_status":"closed","template":"","meta":[],"product_cat":[1387],"product_tag":[1522],"aioseo_notices":[],"_links":{"self":[{"href":"https:\/\/www.maisonschwind.lu\/fr\/wp-json\/wp\/v2\/product\/35451"}],"collection":[{"href":"https:\/\/www.maisonschwind.lu\/fr\/wp-json\/wp\/v2\/product"}],"about":[{"href":"https:\/\/www.maisonschwind.lu\/fr\/wp-json\/wp\/v2\/types\/product"}],"replies":[{"embeddable":true,"href":"https:\/\/www.maisonschwind.lu\/fr\/wp-json\/wp\/v2\/comments?post=35451"}],"version-history":[{"count":2,"href":"https:\/\/www.maisonschwind.lu\/fr\/wp-json\/wp\/v2\/product\/35451\/revisions"}],"predecessor-version":[{"id":35457,"href":"https:\/\/www.maisonschwind.lu\/fr\/wp-json\/wp\/v2\/product\/35451\/revisions\/35457"}],"wp:featuredmedia":[{"embeddable":true,"href":"https:\/\/www.maisonschwind.lu\/fr\/wp-json\/wp\/v2\/media\/35446"}],"wp:attachment":[{"href":"https:\/\/www.maisonschwind.lu\/fr\/wp-json\/wp\/v2\/media?parent=35451"}],"wp:term":[{"taxonomy":"product_cat","embeddable":true,"href":"https:\/\/www.maisonschwind.lu\/fr\/wp-json\/wp\/v2\/product_cat?post=35451"},{"taxonomy":"product_tag","embeddable":true,"href":"https:\/\/www.maisonschwind.lu\/fr\/wp-json\/wp\/v2\/product_tag?post=35451"}],"curies":[{"name":"wp","href":"https:\/\/api.w.org\/{rel}","templated":true}]}}