{"id":39116,"date":"2024-01-20T11:43:48","date_gmt":"2024-01-20T10:43:48","guid":{"rendered":"https:\/\/www.maisonschwind.lu\/product\/table-de-rangement-brother-vr-pr\/"},"modified":"2024-01-20T11:47:45","modified_gmt":"2024-01-20T10:47:45","slug":"table-de-rangement-brother-vr-pr","status":"publish","type":"product","link":"https:\/\/www.maisonschwind.lu\/fr\/produit\/table-de-rangement-brother-vr-pr\/","title":{"rendered":"Table de rangement Brother VR &amp; PR"},"content":{"rendered":"\t\t<div data-elementor-type=\"wp-post\" data-elementor-id=\"39116\" class=\"elementor elementor-39116 elementor-39112\">\n\t\t\t\t\t\t\t\t\t<section class=\"elementor-section elementor-top-section elementor-element elementor-element-10749cc8 elementor-section-boxed elementor-section-height-default elementor-section-height-default\" data-id=\"10749cc8\" data-element_type=\"section\">\n\t\t\t\t\t\t<div class=\"elementor-container elementor-column-gap-default\">\n\t\t\t\t\t<div class=\"elementor-column elementor-col-100 elementor-top-column elementor-element elementor-element-3391f45a\" data-id=\"3391f45a\" data-element_type=\"column\">\n\t\t\t<div class=\"elementor-widget-wrap elementor-element-populated\">\n\t\t\t\t\t\t\t\t<div class=\"elementor-element elementor-element-241e0352 elementor-widget elementor-widget-text-editor\" data-id=\"241e0352\" data-element_type=\"widget\" data-widget_type=\"text-editor.default\">\n\t\t\t\t<div class=\"elementor-widget-container\">\n\t\t\t<style>\/*! elementor - v3.6.7 - 03-07-2022 *\/\n.elementor-widget-text-editor.elementor-drop-cap-view-stacked .elementor-drop-cap{background-color:#818a91;color:#fff}.elementor-widget-text-editor.elementor-drop-cap-view-framed .elementor-drop-cap{color:#818a91;border:3px solid;background-color:transparent}.elementor-widget-text-editor:not(.elementor-drop-cap-view-default) .elementor-drop-cap{margin-top:8px}.elementor-widget-text-editor:not(.elementor-drop-cap-view-default) .elementor-drop-cap-letter{width:1em;height:1em}.elementor-widget-text-editor .elementor-drop-cap{float:left;text-align:center;line-height:1;font-size:50px}.elementor-widget-text-editor .elementor-drop-cap-letter{display:inline-block}<\/style>\t\t\t\t<ul><li>Les pieds peuvent \u00eatre r\u00e9gl\u00e9s par pas de 5 cm.<\/li><li>Roulettes verrouillables pour faciliter le d\u00e9placement et le transport.<\/li><li>Le caoutchouc et les verrous s\u00e9curisent votre machine et r\u00e9sistent aux vibrations pendant l&#8217;utilisation.<\/li><li>L\u2019espace d\u00e9di\u00e9 pour le dispositif d\u2019assemblage vous permet facilement de pr\u00e9parer vos casquettes pour la broderie.<\/li><li>Grande tablette pour ranger les accessoires, les modes d\u2019emploi et les petites fournitures.<\/li><\/ul>\t\t\t\t\t\t<\/div>\n\t\t\t\t<\/div>\n\t\t\t\t\t<\/div>\n\t\t<\/div>\n\t\t\t\t\t\t\t<\/div>\n\t\t<\/section>\n\t\t\t\t\t\t\t<\/div>\n\t\t","protected":false},"excerpt":{"rendered":"<p>Con\u00e7ue exclusivement pour les machines \u00e0 broder PR et VR, notre table de rangement en m\u00e9tal comprend d\u00e9sormais une table plus large avec des bords arrondis et un espace de rangement suppl\u00e9mentaire pour tous vos cadres \u00e0 broder ou autres fournitures.<\/p>\n<p>Compatible avec les mod\u00e8les PR1055X, PR1050X, PR1000e, PR1000, PR670E, PR655, PR650e et VR<\/p>\n","protected":false},"featured_media":39114,"comment_status":"closed","ping_status":"closed","template":"","meta":[],"product_cat":[1507,1397],"product_tag":[],"aioseo_notices":[],"_links":{"self":[{"href":"https:\/\/www.maisonschwind.lu\/fr\/wp-json\/wp\/v2\/product\/39116"}],"collection":[{"href":"https:\/\/www.maisonschwind.lu\/fr\/wp-json\/wp\/v2\/product"}],"about":[{"href":"https:\/\/www.maisonschwind.lu\/fr\/wp-json\/wp\/v2\/types\/product"}],"replies":[{"embeddable":true,"href":"https:\/\/www.maisonschwind.lu\/fr\/wp-json\/wp\/v2\/comments?post=39116"}],"version-history":[{"count":3,"href":"https:\/\/www.maisonschwind.lu\/fr\/wp-json\/wp\/v2\/product\/39116\/revisions"}],"predecessor-version":[{"id":39119,"href":"https:\/\/www.maisonschwind.lu\/fr\/wp-json\/wp\/v2\/product\/39116\/revisions\/39119"}],"wp:featuredmedia":[{"embeddable":true,"href":"https:\/\/www.maisonschwind.lu\/fr\/wp-json\/wp\/v2\/media\/39114"}],"wp:attachment":[{"href":"https:\/\/www.maisonschwind.lu\/fr\/wp-json\/wp\/v2\/media?parent=39116"}],"wp:term":[{"taxonomy":"product_cat","embeddable":true,"href":"https:\/\/www.maisonschwind.lu\/fr\/wp-json\/wp\/v2\/product_cat?post=39116"},{"taxonomy":"product_tag","embeddable":true,"href":"https:\/\/www.maisonschwind.lu\/fr\/wp-json\/wp\/v2\/product_tag?post=39116"}],"curies":[{"name":"wp","href":"https:\/\/api.w.org\/{rel}","templated":true}]}}