{"id":39469,"date":"2024-02-14T16:45:09","date_gmt":"2024-02-14T15:45:09","guid":{"rendered":"https:\/\/www.maisonschwind.lu\/product\/table-de-couture-babylock\/"},"modified":"2024-02-14T16:53:07","modified_gmt":"2024-02-14T15:53:07","slug":"table-de-couture-babylock","status":"publish","type":"product","link":"https:\/\/www.maisonschwind.lu\/fr\/produit\/table-de-couture-babylock\/","title":{"rendered":"Table de couture babylock"},"content":{"rendered":"\t\t<div data-elementor-type=\"wp-post\" data-elementor-id=\"39469\" class=\"elementor elementor-39469 elementor-39453\">\n\t\t\t\t\t\t\t\t\t<section class=\"elementor-section elementor-top-section elementor-element elementor-element-10749cc8 elementor-section-boxed elementor-section-height-default elementor-section-height-default\" data-id=\"10749cc8\" data-element_type=\"section\">\n\t\t\t\t\t\t<div class=\"elementor-container elementor-column-gap-default\">\n\t\t\t\t\t<div class=\"elementor-column elementor-col-100 elementor-top-column elementor-element elementor-element-3391f45a\" data-id=\"3391f45a\" data-element_type=\"column\">\n\t\t\t<div class=\"elementor-widget-wrap elementor-element-populated\">\n\t\t\t\t\t\t\t\t<div class=\"elementor-element elementor-element-241e0352 elementor-widget elementor-widget-text-editor\" data-id=\"241e0352\" data-element_type=\"widget\" data-widget_type=\"text-editor.default\">\n\t\t\t\t<div class=\"elementor-widget-container\">\n\t\t\t<style>\/*! elementor - v3.6.7 - 03-07-2022 *\/\n.elementor-widget-text-editor.elementor-drop-cap-view-stacked .elementor-drop-cap{background-color:#818a91;color:#fff}.elementor-widget-text-editor.elementor-drop-cap-view-framed .elementor-drop-cap{color:#818a91;border:3px solid;background-color:transparent}.elementor-widget-text-editor:not(.elementor-drop-cap-view-default) .elementor-drop-cap{margin-top:8px}.elementor-widget-text-editor:not(.elementor-drop-cap-view-default) .elementor-drop-cap-letter{width:1em;height:1em}.elementor-widget-text-editor .elementor-drop-cap{float:left;text-align:center;line-height:1;font-size:50px}.elementor-widget-text-editor .elementor-drop-cap-letter{display:inline-block}<\/style>\t\t\t\t<h5>La table de couture en un coup d\u2018oeil<\/h5><ul><li>Plan de travail spacieux : 56 x 65 cm<\/li><li>Logement pour genouill\u00e8re<\/li><li>Zone aimant\u00e9e<\/li><li>Possibilit\u00e9s de rangement dans les parties lat\u00e9rales, avec tiroir coulissant et petits tiroirs en bambou<\/li><li>Support de sac \u00e0 d\u00e9chets int\u00e9gr\u00e9, sac inclus<\/li><li>Passages bien pens\u00e9s pour les c\u00e2bles d\u2018alimentation et rh\u00e9ostat<\/li><li>Dimensions de la table: 106 x 65 x 80 cm (longueur x largeur x hauteur) , 6 cm plus haut si roulettes install\u00e9es (fournies)<\/li><li>Couleur\/mat\u00e9riau : blanc \u2013 qualit\u00e9 massif et stable<\/li><\/ul><p><em><strong>Bon \u00e0 savoir<\/strong><\/em>\u00a0: Lors de la livraison, le plateau et les parties lat\u00e9rales sont d\u00e9j\u00e0 pr\u00e9mont\u00e9s et ajust\u00e9s. Le montage est simple et un mode d&#8217;emploi vid\u00e9o vous aide \u00e0 le r\u00e9aliser.<\/p><p><em>* Accessoires et machine non-inclus\u00a0<\/em><\/p>\t\t\t\t\t\t<\/div>\n\t\t\t\t<\/div>\n\t\t\t\t\t<\/div>\n\t\t<\/div>\n\t\t\t\t\t\t\t<\/div>\n\t\t<\/section>\n\t\t\t\t\t\t\t<\/div>\n\t\t","protected":false},"excerpt":{"rendered":"<p>D\u00e8s \u00e0 pr\u00e9sent, ce meuble de couture est disponible pour nos babylock de grande taille. Con\u00e7ue en Allemagne de qualit\u00e9 sup\u00e9rieure, un design moderne, d\u2018inspiration scandinave et un grand souci du d\u00e9tail, cette table de couture pr\u00e9sente de nombreux am\u00e8nagements tr\u00e8s sympas. Ainsi, votre poste de travail devient une oasis de bien-\u00eatre !<\/p>\n<p>Convient pour: Gloria, Ovation, Euphoria et Acclaim<\/p>\n","protected":false},"featured_media":39455,"comment_status":"closed","ping_status":"closed","template":"","meta":[],"product_cat":[1516,1397],"product_tag":[],"aioseo_notices":[],"_links":{"self":[{"href":"https:\/\/www.maisonschwind.lu\/fr\/wp-json\/wp\/v2\/product\/39469"}],"collection":[{"href":"https:\/\/www.maisonschwind.lu\/fr\/wp-json\/wp\/v2\/product"}],"about":[{"href":"https:\/\/www.maisonschwind.lu\/fr\/wp-json\/wp\/v2\/types\/product"}],"replies":[{"embeddable":true,"href":"https:\/\/www.maisonschwind.lu\/fr\/wp-json\/wp\/v2\/comments?post=39469"}],"version-history":[{"count":2,"href":"https:\/\/www.maisonschwind.lu\/fr\/wp-json\/wp\/v2\/product\/39469\/revisions"}],"predecessor-version":[{"id":39475,"href":"https:\/\/www.maisonschwind.lu\/fr\/wp-json\/wp\/v2\/product\/39469\/revisions\/39475"}],"wp:featuredmedia":[{"embeddable":true,"href":"https:\/\/www.maisonschwind.lu\/fr\/wp-json\/wp\/v2\/media\/39455"}],"wp:attachment":[{"href":"https:\/\/www.maisonschwind.lu\/fr\/wp-json\/wp\/v2\/media?parent=39469"}],"wp:term":[{"taxonomy":"product_cat","embeddable":true,"href":"https:\/\/www.maisonschwind.lu\/fr\/wp-json\/wp\/v2\/product_cat?post=39469"},{"taxonomy":"product_tag","embeddable":true,"href":"https:\/\/www.maisonschwind.lu\/fr\/wp-json\/wp\/v2\/product_tag?post=39469"}],"curies":[{"name":"wp","href":"https:\/\/api.w.org\/{rel}","templated":true}]}}