{"id":41331,"date":"2024-06-29T10:01:09","date_gmt":"2024-06-29T08:01:09","guid":{"rendered":"https:\/\/www.maisonschwind.lu\/product\/presse-a-plat-craft-express-hobby-30-x-23-cm-bleu\/"},"modified":"2024-06-29T10:56:14","modified_gmt":"2024-06-29T08:56:14","slug":"presse-a-plat-craft-express-hobby-30-x-23-cm-bleu","status":"publish","type":"product","link":"https:\/\/www.maisonschwind.lu\/fr\/produit\/presse-a-plat-craft-express-hobby-30-x-23-cm-bleu\/","title":{"rendered":"Presse \u00e0 plat Craft Express Hobby 30 x 23 cm Bleu"},"content":{"rendered":"\t\t<div data-elementor-type=\"wp-post\" data-elementor-id=\"41331\" class=\"elementor elementor-41331 elementor-41249\">\n\t\t\t\t\t\t\t\t\t<section class=\"elementor-section elementor-top-section elementor-element elementor-element-10749cc8 elementor-section-boxed elementor-section-height-default elementor-section-height-default\" data-id=\"10749cc8\" data-element_type=\"section\">\n\t\t\t\t\t\t<div class=\"elementor-container elementor-column-gap-default\">\n\t\t\t\t\t<div class=\"elementor-column elementor-col-100 elementor-top-column elementor-element elementor-element-3391f45a\" data-id=\"3391f45a\" data-element_type=\"column\">\n\t\t\t<div class=\"elementor-widget-wrap elementor-element-populated\">\n\t\t\t\t\t\t\t\t<div class=\"elementor-element elementor-element-241e0352 elementor-widget elementor-widget-text-editor\" data-id=\"241e0352\" data-element_type=\"widget\" data-widget_type=\"text-editor.default\">\n\t\t\t\t<div class=\"elementor-widget-container\">\n\t\t\t<style>\/*! elementor - v3.6.7 - 03-07-2022 *\/\n.elementor-widget-text-editor.elementor-drop-cap-view-stacked .elementor-drop-cap{background-color:#818a91;color:#fff}.elementor-widget-text-editor.elementor-drop-cap-view-framed .elementor-drop-cap{color:#818a91;border:3px solid;background-color:transparent}.elementor-widget-text-editor:not(.elementor-drop-cap-view-default) .elementor-drop-cap{margin-top:8px}.elementor-widget-text-editor:not(.elementor-drop-cap-view-default) .elementor-drop-cap-letter{width:1em;height:1em}.elementor-widget-text-editor .elementor-drop-cap{float:left;text-align:center;line-height:1;font-size:50px}.elementor-widget-text-editor .elementor-drop-cap-letter{display:inline-block}<\/style>\t\t\t\t<ul><li class=\"ts-product-para\">Code produit :\u00a0<b>CEHBP2330LB<\/b><\/li><li class=\"ts-product-para\">Couleur :\u00a0<b>bleu<\/b><\/li><li class=\"ts-product-para\">Alimentation :\u00a0<b>220 V \/ 50 ~ 60 Hz<\/b><\/li><li class=\"ts-product-para\">Taille maximale de la zone d&#8217;impression :\u00a0<b>27 x 21 cm<\/b><\/li><li class=\"ts-product-para\">Puissance :\u00a0<b>1000 W<\/b><\/li><li class=\"ts-product-para\">Dimensions de la plaque chauffante :\u00a0<b>30 x 23 cm<\/b><\/li><li class=\"ts-product-para\">Dimensions de la presse :\u00a0<b>48 x 31 x 42 cm\u00a0<\/b><\/li><\/ul>\t\t\t\t\t\t<\/div>\n\t\t\t\t<\/div>\n\t\t\t\t\t<\/div>\n\t\t<\/div>\n\t\t\t\t\t\t\t<\/div>\n\t\t<\/section>\n\t\t\t\t\t\t\t<\/div>\n\t\t","protected":false},"excerpt":{"rendered":"<p>La presse \u00e0 plat Hobby est un appareil simple qui vous permet d&#8217;imprimer sur des objets plats tels que des sacs de shopping, des t-shirts, des d\u00e9corations, des panneaux photo, et bien plus encore.<\/p>\n<p>Le grand panneau de contr\u00f4le tactile en couleur permet de r\u00e9gler pr\u00e9cis\u00e9ment la temp\u00e9rature et la dur\u00e9e de pressage. La presse peut \u00eatre \u00e9tendue avec\u00a0<a href=\"https:\/\/shop.bestsublimation24.eu\/product-fre-8219-Presse-a-plat-Craft-Express-Hobby-30-x-23-cm-Bleu.html?query_id=3#\" target=\"_blank\" rel=\"noopener\">des \u00e9l\u00e9ments chauffants suppl\u00e9mentaires<\/a>.<\/p>\n<p>La presse compacte prend peu de place sur votre bureau mais offre une grande surface de travail de 30 cm x 23 cm. Vous pouvez facilement r\u00e9aliser des impressions jusqu&#8217;au format A4.<\/p>\n<p><a href=\"https:\/\/www.youtube.com\/watch?v=ZUv0VzmyqUo\" target=\"_blank\" rel=\"noopener\"><img loading=\"lazy\" class=\"alignnone wp-image-17937 size-full\" src=\"https:\/\/www.maisonschwind.lu\/shop\/wp-content\/uploads\/2022\/09\/pdf-brochure-fr-3.png\" alt=\"\" width=\"150\" height=\"60\" \/><\/a><strong>(VIDEO)<\/strong><\/p>\n<p>Garantie 1 an<\/p>\n","protected":false},"featured_media":41251,"comment_status":"closed","ping_status":"closed","template":"","meta":[],"product_cat":[1572],"product_tag":[],"aioseo_notices":[],"_links":{"self":[{"href":"https:\/\/www.maisonschwind.lu\/fr\/wp-json\/wp\/v2\/product\/41331"}],"collection":[{"href":"https:\/\/www.maisonschwind.lu\/fr\/wp-json\/wp\/v2\/product"}],"about":[{"href":"https:\/\/www.maisonschwind.lu\/fr\/wp-json\/wp\/v2\/types\/product"}],"replies":[{"embeddable":true,"href":"https:\/\/www.maisonschwind.lu\/fr\/wp-json\/wp\/v2\/comments?post=41331"}],"version-history":[{"count":2,"href":"https:\/\/www.maisonschwind.lu\/fr\/wp-json\/wp\/v2\/product\/41331\/revisions"}],"predecessor-version":[{"id":41338,"href":"https:\/\/www.maisonschwind.lu\/fr\/wp-json\/wp\/v2\/product\/41331\/revisions\/41338"}],"wp:featuredmedia":[{"embeddable":true,"href":"https:\/\/www.maisonschwind.lu\/fr\/wp-json\/wp\/v2\/media\/41251"}],"wp:attachment":[{"href":"https:\/\/www.maisonschwind.lu\/fr\/wp-json\/wp\/v2\/media?parent=41331"}],"wp:term":[{"taxonomy":"product_cat","embeddable":true,"href":"https:\/\/www.maisonschwind.lu\/fr\/wp-json\/wp\/v2\/product_cat?post=41331"},{"taxonomy":"product_tag","embeddable":true,"href":"https:\/\/www.maisonschwind.lu\/fr\/wp-json\/wp\/v2\/product_tag?post=41331"}],"curies":[{"name":"wp","href":"https:\/\/api.w.org\/{rel}","templated":true}]}}