{"id":41476,"date":"2024-07-06T09:48:57","date_gmt":"2024-07-06T07:48:57","guid":{"rendered":"https:\/\/www.maisonschwind.lu\/product\/film-flex-luminescent-rose-craft-express\/"},"modified":"2024-07-06T09:53:16","modified_gmt":"2024-07-06T07:53:16","slug":"film-flex-luminescent-rose-craft-express","status":"publish","type":"product","link":"https:\/\/www.maisonschwind.lu\/fr\/produit\/film-flex-luminescent-rose-craft-express\/","title":{"rendered":"Film flex luminescent rose Craft Express"},"content":{"rendered":"\t\t<div data-elementor-type=\"wp-post\" data-elementor-id=\"41476\" class=\"elementor elementor-41476 elementor-41470\">\n\t\t\t\t\t\t\t\t\t<section class=\"elementor-section elementor-top-section elementor-element elementor-element-10749cc8 elementor-section-boxed elementor-section-height-default elementor-section-height-default\" data-id=\"10749cc8\" data-element_type=\"section\">\n\t\t\t\t\t\t<div class=\"elementor-container elementor-column-gap-default\">\n\t\t\t\t\t<div class=\"elementor-column elementor-col-100 elementor-top-column elementor-element elementor-element-3391f45a\" data-id=\"3391f45a\" data-element_type=\"column\">\n\t\t\t<div class=\"elementor-widget-wrap elementor-element-populated\">\n\t\t\t\t\t\t\t\t<div class=\"elementor-element elementor-element-241e0352 elementor-widget elementor-widget-text-editor\" data-id=\"241e0352\" data-element_type=\"widget\" data-widget_type=\"text-editor.default\">\n\t\t\t\t<div class=\"elementor-widget-container\">\n\t\t\t<style>\/*! elementor - v3.6.7 - 03-07-2022 *\/\n.elementor-widget-text-editor.elementor-drop-cap-view-stacked .elementor-drop-cap{background-color:#818a91;color:#fff}.elementor-widget-text-editor.elementor-drop-cap-view-framed .elementor-drop-cap{color:#818a91;border:3px solid;background-color:transparent}.elementor-widget-text-editor:not(.elementor-drop-cap-view-default) .elementor-drop-cap{margin-top:8px}.elementor-widget-text-editor:not(.elementor-drop-cap-view-default) .elementor-drop-cap-letter{width:1em;height:1em}.elementor-widget-text-editor .elementor-drop-cap{float:left;text-align:center;line-height:1;font-size:50px}.elementor-widget-text-editor .elementor-drop-cap-letter{display:inline-block}<\/style>\t\t\t\t<p class=\"pro_box_h2 pro_dane_h2\">DONN\u00c9ES TECHNIQUES<\/p><p class=\"pro_box_h2 pro_dane_h2\">Dimensions : <b>30,5 x 152,4 cm<\/b><\/p><div class=\"pro_box_content pro_dane_content\"><p>Mat\u00e9riau\u00a0:\u00a0<b>PET + TPU<\/b><\/p><p>\u00c9paisseur :\u00a0<b>200 &#8211; 250 \u00b5m<\/b><\/p><\/div><p><img loading=\"lazy\" class=\"size-full wp-image-41443 aligncenter\" src=\"https:\/\/www.maisonschwind.lu\/shop\/wp-content\/uploads\/2024\/07\/flex-luminescent-t\u00b0-et-temps.jpg\" alt=\"\" width=\"576\" height=\"295\" srcset=\"https:\/\/www.maisonschwind.lu\/shop\/wp-content\/uploads\/2024\/07\/flex-luminescent-t\u00b0-et-temps.jpg 576w, https:\/\/www.maisonschwind.lu\/shop\/wp-content\/uploads\/2024\/07\/flex-luminescent-t\u00b0-et-temps-300x154.jpg 300w\" sizes=\"(max-width: 576px) 100vw, 576px\" \/>\u00a0<\/p>\t\t\t\t\t\t<\/div>\n\t\t\t\t<\/div>\n\t\t\t\t\t<\/div>\n\t\t<\/div>\n\t\t\t\t\t\t\t<\/div>\n\t\t<\/section>\n\t\t\t\t\t\t\t<\/div>\n\t\t","protected":false},"excerpt":{"rendered":"<p>Feuille flexible luminescente pour application sur T-shirts, sweat-shirts, casquettes, sacs et autres textiles.<\/p>\n<p>Fonctionnalit\u00e9s\u00a0:<\/p>\n<ul>\n<li>grande flexibilit\u00e9 et grande durabilit\u00e9<\/li>\n<li>facile \u00e0 couper, s\u00e9lectionner et transf\u00e9rer<\/li>\n<li>texture douce et lisse<\/li>\n<li>transfert rapide<\/li>\n<li>r\u00e9sistant au lavage, ne se fissure pas<\/li>\n<li>\u00e0 utiliser sur le coton, le polyester, les m\u00e9langes coton-polyester, le cuir et d&#8217;autres mat\u00e9riaux<\/li>\n<li>grand choix de motifs et de couleurs<\/li>\n<\/ul>\n","protected":false},"featured_media":41472,"comment_status":"closed","ping_status":"closed","template":"","meta":[],"product_cat":[1569],"product_tag":[],"aioseo_notices":[],"_links":{"self":[{"href":"https:\/\/www.maisonschwind.lu\/fr\/wp-json\/wp\/v2\/product\/41476"}],"collection":[{"href":"https:\/\/www.maisonschwind.lu\/fr\/wp-json\/wp\/v2\/product"}],"about":[{"href":"https:\/\/www.maisonschwind.lu\/fr\/wp-json\/wp\/v2\/types\/product"}],"replies":[{"embeddable":true,"href":"https:\/\/www.maisonschwind.lu\/fr\/wp-json\/wp\/v2\/comments?post=41476"}],"version-history":[{"count":2,"href":"https:\/\/www.maisonschwind.lu\/fr\/wp-json\/wp\/v2\/product\/41476\/revisions"}],"predecessor-version":[{"id":41483,"href":"https:\/\/www.maisonschwind.lu\/fr\/wp-json\/wp\/v2\/product\/41476\/revisions\/41483"}],"wp:featuredmedia":[{"embeddable":true,"href":"https:\/\/www.maisonschwind.lu\/fr\/wp-json\/wp\/v2\/media\/41472"}],"wp:attachment":[{"href":"https:\/\/www.maisonschwind.lu\/fr\/wp-json\/wp\/v2\/media?parent=41476"}],"wp:term":[{"taxonomy":"product_cat","embeddable":true,"href":"https:\/\/www.maisonschwind.lu\/fr\/wp-json\/wp\/v2\/product_cat?post=41476"},{"taxonomy":"product_tag","embeddable":true,"href":"https:\/\/www.maisonschwind.lu\/fr\/wp-json\/wp\/v2\/product_tag?post=41476"}],"curies":[{"name":"wp","href":"https:\/\/api.w.org\/{rel}","templated":true}]}}