{"id":42004,"date":"2024-09-02T10:18:07","date_gmt":"2024-09-02T08:18:07","guid":{"rendered":"https:\/\/www.maisonschwind.lu\/product\/babylock-primo\/"},"modified":"2024-10-01T10:49:50","modified_gmt":"2024-10-01T08:49:50","slug":"babylock-primo","status":"publish","type":"product","link":"https:\/\/www.maisonschwind.lu\/fr\/produit\/babylock-primo\/","title":{"rendered":"Babylock Primo"},"content":{"rendered":"\t\t<div data-elementor-type=\"wp-post\" data-elementor-id=\"42004\" class=\"elementor elementor-42004 elementor-41997\">\n\t\t\t\t\t\t\t\t\t<section class=\"elementor-section elementor-top-section elementor-element elementor-element-10749cc8 elementor-section-boxed elementor-section-height-default elementor-section-height-default\" data-id=\"10749cc8\" data-element_type=\"section\">\n\t\t\t\t\t\t<div class=\"elementor-container elementor-column-gap-default\">\n\t\t\t\t\t<div class=\"elementor-column elementor-col-100 elementor-top-column elementor-element elementor-element-3391f45a\" data-id=\"3391f45a\" data-element_type=\"column\">\n\t\t\t<div class=\"elementor-widget-wrap elementor-element-populated\">\n\t\t\t\t\t\t\t\t<div class=\"elementor-element elementor-element-241e0352 elementor-widget elementor-widget-text-editor\" data-id=\"241e0352\" data-element_type=\"widget\" data-widget_type=\"text-editor.default\">\n\t\t\t\t<div class=\"elementor-widget-container\">\n\t\t\t<style>\/*! elementor - v3.6.7 - 03-07-2022 *\/\n.elementor-widget-text-editor.elementor-drop-cap-view-stacked .elementor-drop-cap{background-color:#818a91;color:#fff}.elementor-widget-text-editor.elementor-drop-cap-view-framed .elementor-drop-cap{color:#818a91;border:3px solid;background-color:transparent}.elementor-widget-text-editor:not(.elementor-drop-cap-view-default) .elementor-drop-cap{margin-top:8px}.elementor-widget-text-editor:not(.elementor-drop-cap-view-default) .elementor-drop-cap-letter{width:1em;height:1em}.elementor-widget-text-editor .elementor-drop-cap{float:left;text-align:center;line-height:1;font-size:50px}.elementor-widget-text-editor .elementor-drop-cap-letter{display:inline-block}<\/style>\t\t\t\t<p>En plus des points de recouvrement classiques, elle ma\u00eetrise \u00e9galement les points de recouvrement exclusifs, qui sont particuli\u00e8rement sensationnels. Le pied oscillant de la Primo est \u00e9quip\u00e9 de deux racleurs qui posent le fil sur le tissu de mani\u00e8re artistique. Le r\u00e9sultat est un point d\u00e9coratif merveilleusement galb\u00e9 \u2013 une premi\u00e8re mondiale dans l\u2018histoire du recouvrement. Le nombre d\u2018aiguilles et de fils utilis\u00e9s peut \u00eatre combin\u00e9 \u00e0 souhait, ce qui permet de choisir entre huit variantes de couture diff\u00e9rentes \u2013 de la plus \u00e9troite et d\u00e9licate \u00e0 la plus somptueuse et ornementale.<\/p><p><strong>Possibilit\u00e9s d\u2018utilisation<\/strong><\/p><p>Tous les domaines dans lesquels des points de recouvrement classiques sont utilis\u00e9s<\/p><p><strong>De plus<\/strong><\/p><p>Top Point de recouvrement pour un effet d\u00e9coratif des deux c\u00f4t\u00e9s<br \/>Coutures fonctionnelles pour les v\u00eatements de sport (p. ex. surpiq\u00fbres apparentes de pantalons ou de t-shirts)<br \/>Renforcement des coutures et surpiq\u00fbres attrayantes<br \/>Coutures d\u00e9coratives pour les v\u00eatements, les accessoires ou les articles de d\u00e9coration<br \/>R\u00e9alisation de bordures<br \/>Ourlets avec face d\u00e9corative\u00a0<\/p>\t\t\t\t\t\t<\/div>\n\t\t\t\t<\/div>\n\t\t\t\t\t<\/div>\n\t\t<\/div>\n\t\t\t\t\t\t\t<\/div>\n\t\t<\/section>\n\t\t\t\t\t\t\t<\/div>\n\t\t","protected":false},"excerpt":{"rendered":"<p>La toute nouvelle baby lock Primo ma\u00eetrise le r\u00e9pertoire complet des points de recouvrement classiques. Mais elle peut faire bien plus encore, puisqu\u2018elle est \u00e9quip\u00e9e d\u2018une\u00a0<strong>nouveaut\u00e9 mondiale<\/strong>\u00a0:\u00a0<strong>le pied oscillant baby lock<\/strong>\u00a0! Dans ce pied sont int\u00e9gr\u00e9s deux racleurs qui peuvent coudre des fils suppl\u00e9mentaires de diff\u00e9rentes qualit\u00e9s. Des inserts de pied optionnels permettent en outre de poser des rubans ou des cordons pour r\u00e9aliser ou appliquer des galons par exemple. La couture est combin\u00e9e avec des points de cha\u00eenette ou de recouvrement, la finition sur l\u2018envers correspond \u00e0 celle d\u2018un point de recouvrement ou de cha\u00eenette classique. Le remplacement du pied oscillant par le pied standard fourni permet de convertir en toute simplicit\u00e9 la Primo en recouvreuse classique baby lock.<\/p>\n<p>Garantie 2 ans + 2 ans si enregistrement produit (sauf boucleur)<\/p>\n<p><a href=\"https:\/\/www.babylock.fr\/sites\/default\/files\/pdf\/www.babylock.fr\/prospekt_primo_fr_web.pdf\" target=\"_blank\" rel=\"noopener\"><img loading=\"lazy\" class=\"alignnone wp-image-17937 size-full\" src=\"https:\/\/www.maisonschwind.lu\/shop\/wp-content\/uploads\/2022\/09\/pdf-brochure-fr-3.png\" alt=\"\" width=\"150\" height=\"60\" \/><\/a><\/p>\n","protected":false},"featured_media":63368,"comment_status":"closed","ping_status":"closed","template":"","meta":[],"product_cat":[1382],"product_tag":[1528],"aioseo_notices":[],"_links":{"self":[{"href":"https:\/\/www.maisonschwind.lu\/fr\/wp-json\/wp\/v2\/product\/42004"}],"collection":[{"href":"https:\/\/www.maisonschwind.lu\/fr\/wp-json\/wp\/v2\/product"}],"about":[{"href":"https:\/\/www.maisonschwind.lu\/fr\/wp-json\/wp\/v2\/types\/product"}],"replies":[{"embeddable":true,"href":"https:\/\/www.maisonschwind.lu\/fr\/wp-json\/wp\/v2\/comments?post=42004"}],"version-history":[{"count":4,"href":"https:\/\/www.maisonschwind.lu\/fr\/wp-json\/wp\/v2\/product\/42004\/revisions"}],"predecessor-version":[{"id":44710,"href":"https:\/\/www.maisonschwind.lu\/fr\/wp-json\/wp\/v2\/product\/42004\/revisions\/44710"}],"wp:featuredmedia":[{"embeddable":true,"href":"https:\/\/www.maisonschwind.lu\/fr\/wp-json\/wp\/v2\/media\/63368"}],"wp:attachment":[{"href":"https:\/\/www.maisonschwind.lu\/fr\/wp-json\/wp\/v2\/media?parent=42004"}],"wp:term":[{"taxonomy":"product_cat","embeddable":true,"href":"https:\/\/www.maisonschwind.lu\/fr\/wp-json\/wp\/v2\/product_cat?post=42004"},{"taxonomy":"product_tag","embeddable":true,"href":"https:\/\/www.maisonschwind.lu\/fr\/wp-json\/wp\/v2\/product_tag?post=42004"}],"curies":[{"name":"wp","href":"https:\/\/api.w.org\/{rel}","templated":true}]}}