{"id":43174,"date":"2024-09-07T13:20:04","date_gmt":"2024-09-07T11:20:04","guid":{"rendered":"https:\/\/www.maisonschwind.lu\/product\/colop-marky-vert\/"},"modified":"2024-09-07T13:25:02","modified_gmt":"2024-09-07T11:25:02","slug":"colop-marky-vert","status":"publish","type":"product","link":"https:\/\/www.maisonschwind.lu\/fr\/produit\/colop-marky-vert\/","title":{"rendered":"COLOP Marky vert"},"content":{"rendered":"\t\t<div data-elementor-type=\"wp-post\" data-elementor-id=\"43174\" class=\"elementor elementor-43174 elementor-43152\">\n\t\t\t\t\t\t\t\t\t<section class=\"elementor-section elementor-top-section elementor-element elementor-element-10749cc8 elementor-section-boxed elementor-section-height-default elementor-section-height-default\" data-id=\"10749cc8\" data-element_type=\"section\">\n\t\t\t\t\t\t<div class=\"elementor-container elementor-column-gap-default\">\n\t\t\t\t\t<div class=\"elementor-column elementor-col-100 elementor-top-column elementor-element elementor-element-3391f45a\" data-id=\"3391f45a\" data-element_type=\"column\">\n\t\t\t<div class=\"elementor-widget-wrap elementor-element-populated\">\n\t\t\t\t\t\t\t\t<div class=\"elementor-element elementor-element-241e0352 elementor-widget elementor-widget-text-editor\" data-id=\"241e0352\" data-element_type=\"widget\" data-widget_type=\"text-editor.default\">\n\t\t\t\t<div class=\"elementor-widget-container\">\n\t\t\t<style>\/*! elementor - v3.6.7 - 03-07-2022 *\/\n.elementor-widget-text-editor.elementor-drop-cap-view-stacked .elementor-drop-cap{background-color:#818a91;color:#fff}.elementor-widget-text-editor.elementor-drop-cap-view-framed .elementor-drop-cap{color:#818a91;border:3px solid;background-color:transparent}.elementor-widget-text-editor:not(.elementor-drop-cap-view-default) .elementor-drop-cap{margin-top:8px}.elementor-widget-text-editor:not(.elementor-drop-cap-view-default) .elementor-drop-cap-letter{width:1em;height:1em}.elementor-widget-text-editor .elementor-drop-cap{float:left;text-align:center;line-height:1;font-size:50px}.elementor-widget-text-editor .elementor-drop-cap-letter{display:inline-block}<\/style>\t\t\t\t<p>Marky est facile \u00e0 personnaliser avec le texte et les ic\u00f4nes de votre choix : le set comprend une pince \u00e0 \u00e9piler avec laquelle vous pouvez facilement placer les bons caract\u00e8res dans les rainures du tampon. De cette fa\u00e7on, vous pouvez avoir des variations infinies avec juste un tampon. Le tampon \u00e0 encre textile peut \u00eatre appliqu\u00e9 directement sur toutes sortes de surfaces absorbantes de couleur claire, comme le carton, le papier et tous types de textiles. Pour les surfaces de couleur fonc\u00e9e, le set Marky contient du ruban textile que vous pouvez couper \u00e0 la longueur souhait\u00e9e apr\u00e8s estampage et repasser sur vos v\u00eatements. Pour les surfaces non absorbantes, comme les bo\u00eetes \u00e0 lunch, les bouteilles, les tasses, les stylos et les crayons, le set contient des autocollants lavables au lave-vaisselle que vous pouvez simplement coller apr\u00e8s estampage. Le tampon Marky peut contenir un maximum de 3 lignes de texte de 15 caract\u00e8res par ligne. Lorsque tous les emplacements disponibles sont remplis, le timbre mesure 38 x 14 mm. L&#8217;ensemble complet comprend le joyeux tampon Marky avec tampon encreur noir int\u00e9gr\u00e9, 20 \u00e9tiquettes autocollantes lavables au lave-vaisselle, 1 m\u00e8tre de ruban textile thermocollant, une pince \u00e0 \u00e9piler, un jeu de lettres, caract\u00e8res, chiffres et ic\u00f4nes et un manuel. Chaque ensemble est emball\u00e9 dans une bo\u00eete en carton solide. Marky est disponible en vert, rose et bleu.\u00a0<\/p>\t\t\t\t\t\t<\/div>\n\t\t\t\t<\/div>\n\t\t\t\t\t<\/div>\n\t\t<\/div>\n\t\t\t\t\t\t\t<\/div>\n\t\t<\/section>\n\t\t\t\t\t\t\t<\/div>\n\t\t","protected":false},"excerpt":{"rendered":"<p>Le tampon Marky de Colop est un outil tr\u00e8s simple et amusant pour ajouter des empreintes sur des v\u00eatements et des fournitures scolaires, avec un nom ou un message personnel par exemple. Cet ensemble est id\u00e9al pour tous les objets personnels que vous emportez au travail, \u00e0 l&#8217;\u00e9cole, \u00e0 la garderie ou au club de sport.<\/p>\n","protected":false},"featured_media":43156,"comment_status":"closed","ping_status":"closed","template":"","meta":[],"product_cat":[1469,1420,1427],"product_tag":[],"aioseo_notices":[],"_links":{"self":[{"href":"https:\/\/www.maisonschwind.lu\/fr\/wp-json\/wp\/v2\/product\/43174"}],"collection":[{"href":"https:\/\/www.maisonschwind.lu\/fr\/wp-json\/wp\/v2\/product"}],"about":[{"href":"https:\/\/www.maisonschwind.lu\/fr\/wp-json\/wp\/v2\/types\/product"}],"replies":[{"embeddable":true,"href":"https:\/\/www.maisonschwind.lu\/fr\/wp-json\/wp\/v2\/comments?post=43174"}],"version-history":[{"count":2,"href":"https:\/\/www.maisonschwind.lu\/fr\/wp-json\/wp\/v2\/product\/43174\/revisions"}],"predecessor-version":[{"id":43180,"href":"https:\/\/www.maisonschwind.lu\/fr\/wp-json\/wp\/v2\/product\/43174\/revisions\/43180"}],"wp:featuredmedia":[{"embeddable":true,"href":"https:\/\/www.maisonschwind.lu\/fr\/wp-json\/wp\/v2\/media\/43156"}],"wp:attachment":[{"href":"https:\/\/www.maisonschwind.lu\/fr\/wp-json\/wp\/v2\/media?parent=43174"}],"wp:term":[{"taxonomy":"product_cat","embeddable":true,"href":"https:\/\/www.maisonschwind.lu\/fr\/wp-json\/wp\/v2\/product_cat?post=43174"},{"taxonomy":"product_tag","embeddable":true,"href":"https:\/\/www.maisonschwind.lu\/fr\/wp-json\/wp\/v2\/product_tag?post=43174"}],"curies":[{"name":"wp","href":"https:\/\/api.w.org\/{rel}","templated":true}]}}