{"id":43984,"date":"2024-09-20T09:58:27","date_gmt":"2024-09-20T07:58:27","guid":{"rendered":"https:\/\/www.maisonschwind.lu\/product\/bac-recuperateur-babylock-enspire-bl-3000-10-22\/"},"modified":"2024-09-20T12:45:51","modified_gmt":"2024-09-20T10:45:51","slug":"bac-recuperateur-babylock-enspire-bl-3000-10-22","status":"publish","type":"product","link":"https:\/\/www.maisonschwind.lu\/fr\/produit\/bac-recuperateur-babylock-enspire-bl-3000-10-22\/","title":{"rendered":"Bac r\u00e9cup\u00e9rateur babylock Enspire BL-3000-10-22"},"content":{"rendered":"\t\t<div data-elementor-type=\"wp-post\" data-elementor-id=\"43984\" class=\"elementor elementor-43984 elementor-43712\">\n\t\t\t\t\t\t\t\t\t<section class=\"elementor-section elementor-top-section elementor-element elementor-element-10749cc8 elementor-section-boxed elementor-section-height-default elementor-section-height-default\" data-id=\"10749cc8\" data-element_type=\"section\">\n\t\t\t\t\t\t<div class=\"elementor-container elementor-column-gap-default\">\n\t\t\t\t\t<div class=\"elementor-column elementor-col-100 elementor-top-column elementor-element elementor-element-3391f45a\" data-id=\"3391f45a\" data-element_type=\"column\">\n\t\t\t<div class=\"elementor-widget-wrap elementor-element-populated\">\n\t\t\t\t\t\t\t\t<div class=\"elementor-element elementor-element-241e0352 elementor-widget elementor-widget-text-editor\" data-id=\"241e0352\" data-element_type=\"widget\" data-widget_type=\"text-editor.default\">\n\t\t\t\t<div class=\"elementor-widget-container\">\n\t\t\t<style>\/*! elementor - v3.6.7 - 03-07-2022 *\/\n.elementor-widget-text-editor.elementor-drop-cap-view-stacked .elementor-drop-cap{background-color:#818a91;color:#fff}.elementor-widget-text-editor.elementor-drop-cap-view-framed .elementor-drop-cap{color:#818a91;border:3px solid;background-color:transparent}.elementor-widget-text-editor:not(.elementor-drop-cap-view-default) .elementor-drop-cap{margin-top:8px}.elementor-widget-text-editor:not(.elementor-drop-cap-view-default) .elementor-drop-cap-letter{width:1em;height:1em}.elementor-widget-text-editor .elementor-drop-cap{float:left;text-align:center;line-height:1;font-size:50px}.elementor-widget-text-editor .elementor-drop-cap-letter{display:inline-block}<\/style>\t\t\t\t<p><strong><em>Plus <\/em><\/strong><strong><em>qu\u2019<\/em><\/strong><strong><em>&#8216;<\/em><\/strong><strong><em>un simple collecteur de chutes<\/em><\/strong> \u0406 Le collecteur baby lock offre deux autres avantages. Un petit compartiment amovible permet de ranger facilement les pinces \u00e0 tissu, par exemple, pendant la couture. L\u2018aimant lat\u00e9ral accueillera \u00e9galement vos \u00e9pingles en toute s\u00e9curit\u00e9.<\/p><p><strong><em>Vari\u00e9 et adaptable<\/em><\/strong> \u0406 Notre bac r\u00e9cup\u00e9rateur est parfaitement adapt\u00e9 \u00e0 nos diff\u00e9rents mod\u00e8les de machines et est disponible en six coloris au choix. Ce petit bac reste toujours en place. Une fois votre couleur pr\u00e9f\u00e9r\u00e9e choisie, il apportera une touche color\u00e9e sur votre table de couture. Les coloris propos\u00e9s sont les suivants : or rose, noir paillet\u00e9, violet, bleu mat, vert olive, dor\u00e9.<\/p><p><strong><em>Local et durable<\/em><\/strong> \u0406 Fabriqu\u00e9 en Allemagne. Dans un soucis de production durable, ces articles sont fabriqu\u00e9s en bioplastique PLA. Ce mat\u00e9riau est compos\u00e9 de mati\u00e8res premi\u00e8res renouvelables et est compostable selon la norme DIN EN 13432. Gr\u00e2ce \u00e0 sa solidit\u00e9 et \u00e0 ses propri\u00e9t\u00e9s, le PLA est \u00e9galement souvent utilis\u00e9 dans le secteur alimentaire.\u00a0<\/p>\t\t\t\t\t\t<\/div>\n\t\t\t\t<\/div>\n\t\t\t\t\t<\/div>\n\t\t<\/div>\n\t\t\t\t\t\t\t<\/div>\n\t\t<\/section>\n\t\t\t\t\t\t\t<\/div>\n\t\t","protected":false},"excerpt":{"rendered":"<p>Partout o\u00f9 l&#8217;on travaille, il y a des chutes. Pour la couture \u00e0 la surjeteuse, il s&#8217;agit de restes de tissu ou de fil. Afin de conserver votre poste de couture propre, le bac r\u00e9cup\u00e9rateur baby lock est un accessoire compl\u00e9mentaire tr\u00e8s pratique. Le surplus de tissu tombe directement dans le petit bac qui peut \u00eatre fix\u00e9 tr\u00e8s facilement \u00e0 la machine. Il est tout aussi facile de l\u2018enlever pour vider les chutes de tissu.<\/p>\n","protected":false},"featured_media":43672,"comment_status":"closed","ping_status":"closed","template":"","meta":[],"product_cat":[1516,1397],"product_tag":[],"aioseo_notices":[],"_links":{"self":[{"href":"https:\/\/www.maisonschwind.lu\/fr\/wp-json\/wp\/v2\/product\/43984"}],"collection":[{"href":"https:\/\/www.maisonschwind.lu\/fr\/wp-json\/wp\/v2\/product"}],"about":[{"href":"https:\/\/www.maisonschwind.lu\/fr\/wp-json\/wp\/v2\/types\/product"}],"replies":[{"embeddable":true,"href":"https:\/\/www.maisonschwind.lu\/fr\/wp-json\/wp\/v2\/comments?post=43984"}],"version-history":[{"count":2,"href":"https:\/\/www.maisonschwind.lu\/fr\/wp-json\/wp\/v2\/product\/43984\/revisions"}],"predecessor-version":[{"id":43990,"href":"https:\/\/www.maisonschwind.lu\/fr\/wp-json\/wp\/v2\/product\/43984\/revisions\/43990"}],"wp:featuredmedia":[{"embeddable":true,"href":"https:\/\/www.maisonschwind.lu\/fr\/wp-json\/wp\/v2\/media\/43672"}],"wp:attachment":[{"href":"https:\/\/www.maisonschwind.lu\/fr\/wp-json\/wp\/v2\/media?parent=43984"}],"wp:term":[{"taxonomy":"product_cat","embeddable":true,"href":"https:\/\/www.maisonschwind.lu\/fr\/wp-json\/wp\/v2\/product_cat?post=43984"},{"taxonomy":"product_tag","embeddable":true,"href":"https:\/\/www.maisonschwind.lu\/fr\/wp-json\/wp\/v2\/product_tag?post=43984"}],"curies":[{"name":"wp","href":"https:\/\/api.w.org\/{rel}","templated":true}]}}