{"id":44554,"date":"2024-09-24T21:07:07","date_gmt":"2024-09-24T19:07:07","guid":{"rendered":"https:\/\/www.maisonschwind.lu\/product\/imprimante-textile-brother-printmoda-studio-hl-jf1\/"},"modified":"2026-04-03T12:10:08","modified_gmt":"2026-04-03T10:10:08","slug":"imprimante-textile-brother-printmoda-studio-hl-jf1","status":"publish","type":"product","link":"https:\/\/www.maisonschwind.lu\/fr\/produit\/imprimante-textile-brother-printmoda-studio-hl-jf1\/","title":{"rendered":"Imprimante textile Brother PrintModa Studio HL-JF1"},"content":{"rendered":"\t\t<div data-elementor-type=\"wp-post\" data-elementor-id=\"44554\" class=\"elementor elementor-44554 elementor-44513\">\n\t\t\t\t\t\t\t\t\t<section class=\"elementor-section elementor-top-section elementor-element elementor-element-10749cc8 elementor-section-boxed elementor-section-height-default elementor-section-height-default\" data-id=\"10749cc8\" data-element_type=\"section\">\n\t\t\t\t\t\t<div class=\"elementor-container elementor-column-gap-default\">\n\t\t\t\t\t<div class=\"elementor-column elementor-col-100 elementor-top-column elementor-element elementor-element-3391f45a\" data-id=\"3391f45a\" data-element_type=\"column\">\n\t\t\t<div class=\"elementor-widget-wrap elementor-element-populated\">\n\t\t\t\t\t\t\t\t<div class=\"elementor-element elementor-element-241e0352 elementor-widget elementor-widget-text-editor\" data-id=\"241e0352\" data-element_type=\"widget\" data-widget_type=\"text-editor.default\">\n\t\t\t\t<div class=\"elementor-widget-container\">\n\t\t\t<style>\/*! elementor - v3.6.7 - 03-07-2022 *\/\n.elementor-widget-text-editor.elementor-drop-cap-view-stacked .elementor-drop-cap{background-color:#818a91;color:#fff}.elementor-widget-text-editor.elementor-drop-cap-view-framed .elementor-drop-cap{color:#818a91;border:3px solid;background-color:transparent}.elementor-widget-text-editor:not(.elementor-drop-cap-view-default) .elementor-drop-cap{margin-top:8px}.elementor-widget-text-editor:not(.elementor-drop-cap-view-default) .elementor-drop-cap-letter{width:1em;height:1em}.elementor-widget-text-editor .elementor-drop-cap{float:left;text-align:center;line-height:1;font-size:50px}.elementor-widget-text-editor .elementor-drop-cap-letter{display:inline-block}<\/style>\t\t\t\t<p>L\u2019imprimante textile Brother PrintModa Studio HL-JF1 : pour des id\u00e9es lumineuses aux couleurs \u00e9clatantes.\u00a0<\/p><p>Cr\u00e9ez des souvenirs en imprimant une banni\u00e8re pour un anniversaire, un panneau pour un quilt, un sac fourre-tout tendance ou un coussin avec la photo du petit dernier\u2026 Avec l\u2019imprimante textile Printmoda Studio HL-JF1, exposez avec fiert\u00e9 vos cr\u00e9ations personnelles.\u00a0<\/p><p>Transformez votre exp\u00e9rience cr\u00e9ative avec cette imprimante textile compacte de Brother. Imprimez rapidement sur du tissu selon vos envies. Ne perdez pas de temps \u00e0 aller faire imprimer une banni\u00e8re festive pour un heureux \u00e9v\u00e8nement ou \u00e0 aller acheter une quantit\u00e9 de tissu alors que vous n\u2019avez besoin que d\u2019une petite pi\u00e8ce pour finir votre projet, imprimez-le directement depuis chez vous !\u00a0<\/p><p>Utilisez votre logiciel de conception graphique pr\u00e9f\u00e9r\u00e9 et imprimez directement depuis un ordinateur, un appareil mobile (smartphone ou tablette) ou une cl\u00e9 USB. En connectant votre imprimante Printmoda Studio HL-JF1 avec l\u2019application de conception Artspira* de Brother vous acc\u00e9dez \u00e0 une biblioth\u00e8que d\u2019inspiration avec des motifs, des projets, des blocs de quilt, des mod\u00e8les d\u2019impression et bien plus encore\u2026 sauvegardez ou transf\u00e9rez via le r\u00e9seau sans fil WLAN vers votre Printmoda Studio HL-JF1.\u00a0<\/p><p>Commencez \u00e0 cr\u00e9er imm\u00e9diatement avec le rouleau de tissu en coton imprimable, les cartouches d\u2019encre et les trois projets cr\u00e9atifs fournis gratuitement d\u00e8s l\u2019acquisition de votre PrintModa Studio HL-JF1. Vous travaillez dans un espace r\u00e9duit ? L&#8217;imprimante textile Brother PrintModa Studio HL-JF1 peut \u00e9galement imprimer sur du papier ordinaire \u00e0 partir de son deuxi\u00e8me bac. Double utilisation, double plaisir !\u00a0<\/p><p>Pour obtenir de l&#8217;aide et des conseils sur l\u2019installation de votre imprimante cr\u00e9ative, visitez le site\u00a0<a href=\"https:\/\/support.brother.com\/g\/b\/producttop.aspx?c=be&amp;lang=fr&amp;prod=hljf1_eu\" target=\"_blank\" rel=\"noopener noreferrer\">support.brother.com<\/a>. Consultez notre\u00a0<a href=\"https:\/\/sewingcraft.brother.eu\/fr-be\/accessories\" target=\"_blank\" rel=\"noopener\">page d&#8217;accessoires<\/a>\u00a0pour vous assurer que vous avez tout ce qu&#8217;il vous faut pour bien d\u00e9marrer. \u00a0<\/p><p>*L\u2019application Artspira de Brother est \u00e0 t\u00e9l\u00e9charger gratuitement. Cependant, certaines fonctionnalit\u00e9s n\u00e9cessitent un abonnement payant \u00e0 l\u2019application Artspira+ et peuvent \u00eatre limit\u00e9es en fonction du pays de r\u00e9sidence. Voir les conditions de l\u2019application pour plus de d\u00e9tails.\u00a0<\/p><p>Avis de non-responsabilit\u00e9 :\u00a0Nombre ou cycles de lavage limit\u00e9s. Certaines encres risquent de se transf\u00e9rer, perdre en intensit\u00e9 de couleurs lors de frottements constants ou intensifs avec d\u2019autres supports\/mati\u00e8res (peau, tissu, etc\u2026).<\/p><p><strong>Cliquez sur l\u2019image pour plus d\u2019informations :<\/strong><\/p><p><a href=\"https:\/\/sewingcraft.brother.eu\/fr-be\/fabric-printer-hl-jf1\" target=\"_blank\" rel=\"noopener\"><img loading=\"lazy\" class=\"aligncenter wp-image-44521 size-full\" src=\"https:\/\/www.maisonschwind.lu\/shop\/wp-content\/uploads\/2024\/09\/103385i_spread_intro_bg.png\" alt=\"\" width=\"800\" height=\"315\" srcset=\"https:\/\/www.maisonschwind.lu\/shop\/wp-content\/uploads\/2024\/09\/103385i_spread_intro_bg.png 800w, https:\/\/www.maisonschwind.lu\/shop\/wp-content\/uploads\/2024\/09\/103385i_spread_intro_bg-300x118.png 300w, https:\/\/www.maisonschwind.lu\/shop\/wp-content\/uploads\/2024\/09\/103385i_spread_intro_bg-768x302.png 768w, https:\/\/www.maisonschwind.lu\/shop\/wp-content\/uploads\/2024\/09\/103385i_spread_intro_bg-600x236.png 600w\" sizes=\"(max-width: 800px) 100vw, 800px\" \/>\u00a0<\/a><\/p>\t\t\t\t\t\t<\/div>\n\t\t\t\t<\/div>\n\t\t\t\t\t<\/div>\n\t\t<\/div>\n\t\t\t\t\t\t\t<\/div>\n\t\t<\/section>\n\t\t\t\t\t\t\t<\/div>\n\t\t","protected":false},"excerpt":{"rendered":"<p><strong><em>Jusqu&#8217;au 15\/05\/2026, un pack de cartouches d&#8217;encre d&#8217;une valeur de 159.76\u20ac + un rouleau de tissu imprimable 79\u20ac <\/em><\/strong><strong><em>offerts <\/em><\/strong><strong><em>!<\/em><\/strong><\/p>\n<p>Une banni\u00e8re pour un anniversaire, un panneau pour un quilt, un sac fourre-tout tendance, un coussin avec la photo du petit dernier, voici quelques id\u00e9es de projets cr\u00e9atifs \u00e0 imprimer avec la PrintModa Studio HL-JF1. Exposez avec fiert\u00e9 vos cr\u00e9ations personnelles !<\/p>\n<p>Imprimante textile Brother PrintModa Studio HL-JF1 : pour des id\u00e9es lumineuses aux couleurs \u00e9clatantes.<\/p>\n<p>Garantie 2 ans<\/p>\n<p><a href=\"https:\/\/www.brother.eu\/-\/media\/product-downloads\/bsme\/fr\/hl-jf1-leaflet-fr.pdf\" target=\"_blank\" rel=\"noopener\"><img loading=\"lazy\" class=\"alignnone wp-image-17937 size-full\" src=\"https:\/\/www.maisonschwind.lu\/shop\/wp-content\/uploads\/2022\/09\/pdf-brochure-fr-3.png\" alt=\"\" width=\"150\" height=\"60\" \/><\/a><\/p>\n","protected":false},"featured_media":44515,"comment_status":"closed","ping_status":"closed","template":"","meta":[],"product_cat":[1570],"product_tag":[],"aioseo_notices":[],"_links":{"self":[{"href":"https:\/\/www.maisonschwind.lu\/fr\/wp-json\/wp\/v2\/product\/44554"}],"collection":[{"href":"https:\/\/www.maisonschwind.lu\/fr\/wp-json\/wp\/v2\/product"}],"about":[{"href":"https:\/\/www.maisonschwind.lu\/fr\/wp-json\/wp\/v2\/types\/product"}],"replies":[{"embeddable":true,"href":"https:\/\/www.maisonschwind.lu\/fr\/wp-json\/wp\/v2\/comments?post=44554"}],"version-history":[{"count":5,"href":"https:\/\/www.maisonschwind.lu\/fr\/wp-json\/wp\/v2\/product\/44554\/revisions"}],"predecessor-version":[{"id":67317,"href":"https:\/\/www.maisonschwind.lu\/fr\/wp-json\/wp\/v2\/product\/44554\/revisions\/67317"}],"wp:featuredmedia":[{"embeddable":true,"href":"https:\/\/www.maisonschwind.lu\/fr\/wp-json\/wp\/v2\/media\/44515"}],"wp:attachment":[{"href":"https:\/\/www.maisonschwind.lu\/fr\/wp-json\/wp\/v2\/media?parent=44554"}],"wp:term":[{"taxonomy":"product_cat","embeddable":true,"href":"https:\/\/www.maisonschwind.lu\/fr\/wp-json\/wp\/v2\/product_cat?post=44554"},{"taxonomy":"product_tag","embeddable":true,"href":"https:\/\/www.maisonschwind.lu\/fr\/wp-json\/wp\/v2\/product_tag?post=44554"}],"curies":[{"name":"wp","href":"https:\/\/api.w.org\/{rel}","templated":true}]}}