{"id":44600,"date":"2024-09-24T21:55:07","date_gmt":"2024-09-24T19:55:07","guid":{"rendered":"https:\/\/www.maisonschwind.lu\/product\/scanncut-sdx2250d-brother\/"},"modified":"2024-09-24T22:13:09","modified_gmt":"2024-09-24T20:13:09","slug":"scanncut-sdx2250d-brother","status":"publish","type":"product","link":"https:\/\/www.maisonschwind.lu\/fr\/produit\/scanncut-sdx2250d-brother\/","title":{"rendered":"ScanNCut SDX2250D Brother"},"content":{"rendered":"\t\t<div data-elementor-type=\"wp-post\" data-elementor-id=\"44600\" class=\"elementor elementor-44600 elementor-44586\">\n\t\t\t\t\t\t\t\t\t<section class=\"elementor-section elementor-top-section elementor-element elementor-element-10749cc8 elementor-section-boxed elementor-section-height-default elementor-section-height-default\" data-id=\"10749cc8\" data-element_type=\"section\">\n\t\t\t\t\t\t<div class=\"elementor-container elementor-column-gap-default\">\n\t\t\t\t\t<div class=\"elementor-column elementor-col-100 elementor-top-column elementor-element elementor-element-3391f45a\" data-id=\"3391f45a\" data-element_type=\"column\">\n\t\t\t<div class=\"elementor-widget-wrap elementor-element-populated\">\n\t\t\t\t\t\t\t\t<div class=\"elementor-element elementor-element-241e0352 elementor-widget elementor-widget-text-editor\" data-id=\"241e0352\" data-element_type=\"widget\" data-widget_type=\"text-editor.default\">\n\t\t\t\t<div class=\"elementor-widget-container\">\n\t\t\t<style>\/*! elementor - v3.6.7 - 03-07-2022 *\/\n.elementor-widget-text-editor.elementor-drop-cap-view-stacked .elementor-drop-cap{background-color:#818a91;color:#fff}.elementor-widget-text-editor.elementor-drop-cap-view-framed .elementor-drop-cap{color:#818a91;border:3px solid;background-color:transparent}.elementor-widget-text-editor:not(.elementor-drop-cap-view-default) .elementor-drop-cap{margin-top:8px}.elementor-widget-text-editor:not(.elementor-drop-cap-view-default) .elementor-drop-cap-letter{width:1em;height:1em}.elementor-widget-text-editor .elementor-drop-cap{float:left;text-align:center;line-height:1;font-size:50px}.elementor-widget-text-editor .elementor-drop-cap-letter{display:inline-block}<\/style>\t\t\t\t<p>Avec 182 motifs Disney, dont 30 motifs magiques que vous ne trouverez nulle part ailleurs, il est encore plus facile de cr\u00e9er de la magie.<\/p><p>Couvrez le lit avec Flash McQueen, faites tomber la neige avec la princesse Elsa et donnez vie \u00e0 Mickey et ses amis sur des quilts, des cartes, des appliqu\u00e9s ou tout autre projet de vos r\u00eaves.<\/p><p>Vous pouvez num\u00e9riser, cr\u00e9er, embosser, transf\u00e9rer, \u00e9crire, dessiner, d\u00e9couper des autocollants en vinyle autocollant et des thermotransferts, ajouter de l\u2019\u00e9clat et d\u00e9couper pratiquement n\u2019importe quel mat\u00e9riau jusqu&#8217;\u00e0 3 mm d\u2019\u00e9paisseur maximum*, le tout sur une seule machine, sans cartouche, ni ordinateur ou appareil mobile ! **<\/p><p>Pour les amoureux de tissus ! Livr\u00e9e avec notre nouvelle lame rotative auto-ajustable. La SDX2250D int\u00e8gre \u00e9galement 63 nouveaux motifs pour lame rotative auto-ajustable,170 blocs de quilt et motifs d\u2019appliqu\u00e9, dont 30 nouveaux motifs d\u2019appliqu\u00e9 Disney. Gr\u00e2ce \u00e0 notre support de d\u00e9coupe \u00e0 faible adh\u00e9rence et \u00e0 la capacit\u00e9 de la ScanNCut \u00e0 dessiner et d\u00e9couper les marges de couture de votre choix, vous cr\u00e9erez des pi\u00e8ces de quilt parfaites, \u00e0 chaque fois !<\/p><p>Et gr\u00e2ce \u00e0 l\u2019innovante technologie de d\u00e9tection automatique de la lame de d\u00e9coupe de Brother, la ScanNCut d\u00e9tecte automatiquement l\u2019\u00e9paisseur du mat\u00e9riau, ce qui vous permet d\u2019obtenir une d\u00e9coupe parfaite sans avoir \u00e0 modifier les param\u00e8tres de d\u00e9coupe. Moins de temps \u00e0 la configuration, plus de temps \u00e0 la cr\u00e9ation !<\/p><p>Utilisez le grand \u00e9cran tactile couleur de 12,7 cm de la ScanNCut pour modifier, personnaliser et m\u00eame cr\u00e9er vos propres motifs. Sauvegardez vos motifs dans la m\u00e9moire de votre machine pour les utiliser ult\u00e9rieurement. Ou pourquoi ne pas cr\u00e9er le v\u00f4tre en utilisant notre logiciel\u00a0<a href=\"https:\/\/sewingcraft.brother.eu\/fr-be\/produits\/machines\/scanncut\/scanncut-machines\/canvasworkspace.brother.com\/\" target=\"_blank\" rel=\"noopener noreferrer\">CanvasWorkspace<\/a>\u00a0gratuit ?<\/p><p>Gr\u00e2ce \u00e0 la connectivit\u00e9 sans fil WLAN et au port USB int\u00e9gr\u00e9, vous pouvez transf\u00e9rer des fichiers directement de votre ScanNCut, notamment des fichiers PES\/PHX\/PHC (fichiers de broderie), et SVG.<\/p><p>Pour obtenir de l\u2019aide et des conseils sur la configuration de votre machine, visitez le site\u00a0<a href=\"https:\/\/support.brother.com\/g\/b\/producttop.aspx?c=fr&amp;lang=fr&amp;prod=hf_sdx2250deuk\" target=\"_blank\" rel=\"noopener noreferrer\">support.brother.com<\/a>. Visitez notre\u00a0<a href=\"https:\/\/sewingcraft.brother.eu\/fr-be\/inspiration-and-events\/video-gallery\/snc-videos\" target=\"_blank\" rel=\"noopener\">galerie de vid\u00e9os<\/a>\u00a0pour d\u00e9couvrir chacune des fonctionnalit\u00e9s incroyables de la ScanNCut en action.<\/p><p>Visitez notre\u00a0<a href=\"https:\/\/sewingcraft.brother.eu\/fr-be\/accessories\" target=\"_blank\" rel=\"noopener\">page d\u2019accessoires<\/a>\u00a0pour d\u00e9couvrir notre vaste gamme d\u2019accessoires en option. D\u00e9couvrez la lame de d\u00e9coupe pour vinyle, le kit pour application de strass, le kit pour autocollants imprimables et bien d\u2019autres encore&#8230; y compris nos cartes exclusives Disney pour insuffler encore plus de magie \u00e0 vos cr\u00e9ations manuelles.<\/p><p>*sauf lame de d\u00e9coupe rotative auto-ajustable.<br \/>**des kits suppl\u00e9mentaires (en option, vendus s\u00e9par\u00e9ment) peuvent \u00eatre n\u00e9cessaire pour acc\u00e9der \u00e0 toutes les fonctionnalit\u00e9s.<\/p><p><strong>Cliquez sur l\u2019image pour plus d\u2019informations :<\/strong><\/p><p><a href=\"https:\/\/sewingcraft.brother.eu\/fr-be\/scanncut-sdx2250d-disney\" target=\"_blank\" rel=\"noopener\"><img loading=\"lazy\" class=\"aligncenter wp-image-44595 size-full\" src=\"https:\/\/www.maisonschwind.lu\/shop\/wp-content\/uploads\/2024\/09\/SDX2250D-location-1-5582.jpg\" alt=\"\" width=\"800\" height=\"476\" srcset=\"https:\/\/www.maisonschwind.lu\/shop\/wp-content\/uploads\/2024\/09\/SDX2250D-location-1-5582.jpg 800w, https:\/\/www.maisonschwind.lu\/shop\/wp-content\/uploads\/2024\/09\/SDX2250D-location-1-5582-300x179.jpg 300w, https:\/\/www.maisonschwind.lu\/shop\/wp-content\/uploads\/2024\/09\/SDX2250D-location-1-5582-768x457.jpg 768w, https:\/\/www.maisonschwind.lu\/shop\/wp-content\/uploads\/2024\/09\/SDX2250D-location-1-5582-600x357.jpg 600w\" sizes=\"(max-width: 800px) 100vw, 800px\" \/>\u00a0<\/a><\/p>\t\t\t\t\t\t<\/div>\n\t\t\t\t<\/div>\n\t\t\t\t\t<\/div>\n\t\t<\/div>\n\t\t\t\t\t\t\t<\/div>\n\t\t<\/section>\n\t\t\t\t\t\t\t<\/div>\n\t\t","protected":false},"excerpt":{"rendered":"<p><em><strong>En d\u00e9monstration au magasin !<\/strong><\/em><\/p>\n<p>Un monde d\u2019\u00e9merveillement est \u00e0 port\u00e9e de main avec la ScanNCut DX\u202fSDX2250D. La ScanNCut est la SEULE et UNIQUE machine autonome de d\u00e9coupe &amp; tra\u00e7age \u00e0 avoir \u00e9t\u00e9 enchant\u00e9e par la magie de Disney.<\/p>\n<p>Garantie 2 ans<\/p>\n<p><a href=\"https:\/\/www.brother.eu\/-\/media\/product-downloads\/bsme\/fr\/sdx2250d-leaflet-screen-fr.pdf\" target=\"_blank\" rel=\"noopener\"><img loading=\"lazy\" class=\"alignnone wp-image-17937 size-full\" src=\"https:\/\/www.maisonschwind.lu\/shop\/wp-content\/uploads\/2022\/09\/pdf-brochure-fr-3.png\" alt=\"\" width=\"150\" height=\"60\" \/><\/a><\/p>\n","protected":false},"featured_media":44588,"comment_status":"closed","ping_status":"closed","template":"","meta":[],"product_cat":[1571],"product_tag":[1528],"aioseo_notices":[],"_links":{"self":[{"href":"https:\/\/www.maisonschwind.lu\/fr\/wp-json\/wp\/v2\/product\/44600"}],"collection":[{"href":"https:\/\/www.maisonschwind.lu\/fr\/wp-json\/wp\/v2\/product"}],"about":[{"href":"https:\/\/www.maisonschwind.lu\/fr\/wp-json\/wp\/v2\/types\/product"}],"replies":[{"embeddable":true,"href":"https:\/\/www.maisonschwind.lu\/fr\/wp-json\/wp\/v2\/comments?post=44600"}],"version-history":[{"count":3,"href":"https:\/\/www.maisonschwind.lu\/fr\/wp-json\/wp\/v2\/product\/44600\/revisions"}],"predecessor-version":[{"id":44613,"href":"https:\/\/www.maisonschwind.lu\/fr\/wp-json\/wp\/v2\/product\/44600\/revisions\/44613"}],"wp:featuredmedia":[{"embeddable":true,"href":"https:\/\/www.maisonschwind.lu\/fr\/wp-json\/wp\/v2\/media\/44588"}],"wp:attachment":[{"href":"https:\/\/www.maisonschwind.lu\/fr\/wp-json\/wp\/v2\/media?parent=44600"}],"wp:term":[{"taxonomy":"product_cat","embeddable":true,"href":"https:\/\/www.maisonschwind.lu\/fr\/wp-json\/wp\/v2\/product_cat?post=44600"},{"taxonomy":"product_tag","embeddable":true,"href":"https:\/\/www.maisonschwind.lu\/fr\/wp-json\/wp\/v2\/product_tag?post=44600"}],"curies":[{"name":"wp","href":"https:\/\/api.w.org\/{rel}","templated":true}]}}