{"id":44632,"date":"2024-09-25T20:32:31","date_gmt":"2024-09-25T18:32:31","guid":{"rendered":"https:\/\/www.maisonschwind.lu\/product\/scanncut-sdx1250-brother\/"},"modified":"2024-09-25T20:40:06","modified_gmt":"2024-09-25T18:40:06","slug":"scanncut-sdx1250-brother","status":"publish","type":"product","link":"https:\/\/www.maisonschwind.lu\/fr\/produit\/scanncut-sdx1250-brother\/","title":{"rendered":"ScanNCut SDX1250 Brother"},"content":{"rendered":"\t\t<div data-elementor-type=\"wp-post\" data-elementor-id=\"44632\" class=\"elementor elementor-44632 elementor-44621\">\n\t\t\t\t\t\t\t\t\t<section class=\"elementor-section elementor-top-section elementor-element elementor-element-10749cc8 elementor-section-boxed elementor-section-height-default elementor-section-height-default\" data-id=\"10749cc8\" data-element_type=\"section\">\n\t\t\t\t\t\t<div class=\"elementor-container elementor-column-gap-default\">\n\t\t\t\t\t<div class=\"elementor-column elementor-col-100 elementor-top-column elementor-element elementor-element-3391f45a\" data-id=\"3391f45a\" data-element_type=\"column\">\n\t\t\t<div class=\"elementor-widget-wrap elementor-element-populated\">\n\t\t\t\t\t\t\t\t<div class=\"elementor-element elementor-element-241e0352 elementor-widget elementor-widget-text-editor\" data-id=\"241e0352\" data-element_type=\"widget\" data-widget_type=\"text-editor.default\">\n\t\t\t\t<div class=\"elementor-widget-container\">\n\t\t\t<style>\/*! elementor - v3.6.7 - 03-07-2022 *\/\n.elementor-widget-text-editor.elementor-drop-cap-view-stacked .elementor-drop-cap{background-color:#818a91;color:#fff}.elementor-widget-text-editor.elementor-drop-cap-view-framed .elementor-drop-cap{color:#818a91;border:3px solid;background-color:transparent}.elementor-widget-text-editor:not(.elementor-drop-cap-view-default) .elementor-drop-cap{margin-top:8px}.elementor-widget-text-editor:not(.elementor-drop-cap-view-default) .elementor-drop-cap-letter{width:1em;height:1em}.elementor-widget-text-editor .elementor-drop-cap{float:left;text-align:center;line-height:1;font-size:50px}.elementor-widget-text-editor .elementor-drop-cap-letter{display:inline-block}<\/style>\t\t\t\t<p>D\u00e9coupez et cr\u00e9ez pratiquement tout avec la Brother ScanNCut DX SDX1250.<\/p><p>Vous pouvez num\u00e9riser, cr\u00e9er, embosser, transf\u00e9rer, \u00e9crire, dessiner, d\u00e9couper des autocollants en vinyle et des thermotransferts, ajouter de l\u2019\u00e9clat et d\u00e9couper pratiquement n\u2019importe quel mat\u00e9riau jusqu&#8217;\u00e0 3 mm d\u2019\u00e9paisseur maximum*, le tout sur une seule machine, sans cartouche, ni ordinateur ou appareil mobile ! **<\/p><p>Pour les amoureux de tissus ! La machine est livr\u00e9e avec notre nouveau kit pour lame de d\u00e9coupe rotative\u00a0auto-ajustable et 63 nouveaux motifs adapt\u00e9s dont des blocs de quilt, des lettres en appliqu\u00e9, des appliqu\u00e9s 3D et des projets. Nous avons inclus un livre de projets pour vous aider dans votre cr\u00e9ativit\u00e9 et votre qu\u00eate d\u2019inspiration. Nos amateurs de quilting auront ainsi le choix parmi plus de 200 mod\u00e8les de quilt et d\u2019appliqu\u00e9 !<\/p><p>Et gr\u00e2ce \u00e0 l\u2019innovante technologie de d\u00e9tection automatique de la lame de d\u00e9coupe de Brother, la ScanNCut d\u00e9tecte automatiquement l\u2019\u00e9paisseur du mat\u00e9riau afin que vous puissiez d\u00e9couper et coudre des pi\u00e8ces de quilt parfaites, \u00e0 chaque fois !<\/p><p>Utilisez le grand \u00e9cran tactile couleur de 12,7 cm de la ScanNCut pour modifier, personnaliser et m\u00eame cr\u00e9er vos propres motifs. Ou pourquoi ne pas cr\u00e9er le v\u00f4tre en utilisant notre logiciel\u00a0<a href=\"https:\/\/canvasworkspace.brother.com\/\" target=\"_blank\" rel=\"noopener noreferrer\">CanvasWorkspace<\/a>\u00a0gratuit ?<br \/>Sauvegardez vos motifs dans la m\u00e9moire de votre machine pour les utiliser ult\u00e9rieurement.<\/p><p>Gr\u00e2ce au port USB int\u00e9gr\u00e9, vous pouvez transf\u00e9rer des fichiers directement vers votre ScanNCut, notament des fichiers PES\/PHC\/PHX (fichiers de broderie) ainsi que des fichiers SVG (fichiers vectoriels)<\/p><p>Gr\u00e2ce \u00e0 la connectivit\u00e9 sans fil WLAN, vous pouvez mettre \u00e0 jour votre machine, tansf\u00e9rer directement vers votre ScanNCut les fichiers cr\u00e9\u00e9s avec CanvasWorkspace, des fichiers PES\/PHC\/PHX (fichiers de broderie)***<\/p><p>Pour obtenir de l\u2019aide et des conseils sur la configuration de votre machine, visitez le site\u00a0<a href=\"https:\/\/support.brother.com\/g\/b\/producttop.aspx?c=fr&amp;lang=fr&amp;prod=hf_sdx1250euk\" target=\"_blank\" rel=\"noopener noreferrer\">support.brother.com<\/a>. Visitez notre\u00a0<a href=\"https:\/\/sewingcraft.brother.eu\/fr-fr\/idees-creatives\/galerie-vid%C3%A9o\/vid%C3%A9os-sur-scanncut\" target=\"_blank\" rel=\"noopener\">galerie de vid\u00e9os<\/a>\u00a0pour d\u00e9couvrir chacune des fonctionnalit\u00e9s incroyables de la ScanNCut en action.<\/p><p>Visitez notre\u00a0<a href=\"https:\/\/sewingcraft.brother.eu\/fr-fr\/accessoires\" target=\"_blank\" rel=\"noopener\">page d\u2019accessoires<\/a>\u00a0pour d\u00e9couvrir notre vaste gamme d\u2019accessoires en option. D\u00e9couvrez la lame de d\u00e9coupe pour vinyle, le kit pour application de strass, le kit pour autocollants imprimables, le kit d\u2019embossage, les feuilles pour pochoir, la carte de motifs dentelle, le chargeur de rouleau 2\u00a0et bien d\u2019autres encore&#8230;<\/p><p>* sauf lame de d\u00e9coupe rotative auto-ajustable.<br \/>** des kits suppl\u00e9mentaires (en option, vendus s\u00e9par\u00e9ment) peuvent \u00eatre n\u00e9cessaires pour acc\u00e9der \u00e0 toutes les fonctionnalit\u00e9s.<br \/>*** Fonction Ma Connexion uniquement compatible avec l&#8217;Innov-is Luminaire XP1.<\/p>\t\t\t\t\t\t<\/div>\n\t\t\t\t<\/div>\n\t\t\t\t\t<\/div>\n\t\t<\/div>\n\t\t\t\t\t\t\t<\/div>\n\t\t<\/section>\n\t\t\t\t\t\t\t<\/div>\n\t\t","protected":false},"excerpt":{"rendered":"<p>D\u00e9coupez, dessinez, num\u00e9risez et cr\u00e9ez avec la Brother ScanNCut DX\u202fSDX1250. La ScanNCut est la SEULE et UNIQUE machine autonome de d\u00e9coupe &amp; tra\u00e7age.<\/p>\n<p>Garantie 2 ans<\/p>\n<p><a href=\"https:\/\/www.brother.eu\/-\/media\/product-downloads\/bsme\/fr\/sdx1250-leaflet-screen-fr.pdf\" target=\"_blank\" rel=\"noopener\"><img loading=\"lazy\" class=\"alignnone wp-image-17937 size-full\" src=\"https:\/\/www.maisonschwind.lu\/shop\/wp-content\/uploads\/2022\/09\/pdf-brochure-fr-3.png\" alt=\"\" width=\"150\" height=\"60\" \/><\/a><\/p>\n","protected":false},"featured_media":44623,"comment_status":"closed","ping_status":"closed","template":"","meta":[],"product_cat":[1571],"product_tag":[1528],"aioseo_notices":[],"_links":{"self":[{"href":"https:\/\/www.maisonschwind.lu\/fr\/wp-json\/wp\/v2\/product\/44632"}],"collection":[{"href":"https:\/\/www.maisonschwind.lu\/fr\/wp-json\/wp\/v2\/product"}],"about":[{"href":"https:\/\/www.maisonschwind.lu\/fr\/wp-json\/wp\/v2\/types\/product"}],"replies":[{"embeddable":true,"href":"https:\/\/www.maisonschwind.lu\/fr\/wp-json\/wp\/v2\/comments?post=44632"}],"version-history":[{"count":2,"href":"https:\/\/www.maisonschwind.lu\/fr\/wp-json\/wp\/v2\/product\/44632\/revisions"}],"predecessor-version":[{"id":44638,"href":"https:\/\/www.maisonschwind.lu\/fr\/wp-json\/wp\/v2\/product\/44632\/revisions\/44638"}],"wp:featuredmedia":[{"embeddable":true,"href":"https:\/\/www.maisonschwind.lu\/fr\/wp-json\/wp\/v2\/media\/44623"}],"wp:attachment":[{"href":"https:\/\/www.maisonschwind.lu\/fr\/wp-json\/wp\/v2\/media?parent=44632"}],"wp:term":[{"taxonomy":"product_cat","embeddable":true,"href":"https:\/\/www.maisonschwind.lu\/fr\/wp-json\/wp\/v2\/product_cat?post=44632"},{"taxonomy":"product_tag","embeddable":true,"href":"https:\/\/www.maisonschwind.lu\/fr\/wp-json\/wp\/v2\/product_tag?post=44632"}],"curies":[{"name":"wp","href":"https:\/\/api.w.org\/{rel}","templated":true}]}}