{"id":44926,"date":"2024-10-04T20:03:45","date_gmt":"2024-10-04T18:03:45","guid":{"rendered":"https:\/\/www.maisonschwind.lu\/product\/pfaff-creative-expect-350\/"},"modified":"2026-01-02T11:47:00","modified_gmt":"2026-01-02T10:47:00","slug":"pfaff-creative-expect-350","status":"publish","type":"product","link":"https:\/\/www.maisonschwind.lu\/fr\/produit\/pfaff-creative-expect-350\/","title":{"rendered":"PFAFF creative expect\u2122 350"},"content":{"rendered":"\t\t<div data-elementor-type=\"wp-post\" data-elementor-id=\"44926\" class=\"elementor elementor-44926 elementor-44910\">\n\t\t\t\t\t\t\t\t\t<section class=\"elementor-section elementor-top-section elementor-element elementor-element-10749cc8 elementor-section-boxed elementor-section-height-default elementor-section-height-default\" data-id=\"10749cc8\" data-element_type=\"section\">\n\t\t\t\t\t\t<div class=\"elementor-container elementor-column-gap-default\">\n\t\t\t\t\t<div class=\"elementor-column elementor-col-100 elementor-top-column elementor-element elementor-element-3391f45a\" data-id=\"3391f45a\" data-element_type=\"column\">\n\t\t\t<div class=\"elementor-widget-wrap elementor-element-populated\">\n\t\t\t\t\t\t\t\t<div class=\"elementor-element elementor-element-241e0352 elementor-widget elementor-widget-text-editor\" data-id=\"241e0352\" data-element_type=\"widget\" data-widget_type=\"text-editor.default\">\n\t\t\t\t<div class=\"elementor-widget-container\">\n\t\t\t<style>\/*! elementor - v3.6.7 - 03-07-2022 *\/\n.elementor-widget-text-editor.elementor-drop-cap-view-stacked .elementor-drop-cap{background-color:#818a91;color:#fff}.elementor-widget-text-editor.elementor-drop-cap-view-framed .elementor-drop-cap{color:#818a91;border:3px solid;background-color:transparent}.elementor-widget-text-editor:not(.elementor-drop-cap-view-default) .elementor-drop-cap{margin-top:8px}.elementor-widget-text-editor:not(.elementor-drop-cap-view-default) .elementor-drop-cap-letter{width:1em;height:1em}.elementor-widget-text-editor .elementor-drop-cap{float:left;text-align:center;line-height:1;font-size:50px}.elementor-widget-text-editor .elementor-drop-cap-letter{display:inline-block}<\/style>\t\t\t\t<p>Quelques caract\u00e9ristiques int\u00e9ressantes : <br \/>\u2022 \u00c9quip\u00e9e du wifi pour que vous puissiez la connecter \u00e0 mySewnet\u2122, vous donnant acc\u00e8s \u00e0 un <br \/>monde num\u00e9rique plein de possibilit\u00e9s illimit\u00e9es ! Pensez aux capacit\u00e9s de stockage dans le <br \/>nuage, \u00e0 une collection de plus de 8 000 motifs de broderie*, \u00e0 des applications pratiques, \u00e0 <br \/>l\u2019inspiration et \u00e0 bien d\u2019autres choses encore. <br \/>\u2022 L\u2019espace C de 165 mm (espace \u00e0 droite de l\u2019aiguille) permet de r\u00e9aliser de grands projets <br \/>\u2022 Surface de broderie de 170 x 100 mm <br \/>\u2022 Enfileur semi-automatique pratique <br \/>\u2022 Boutonni\u00e8res faciles \u00e0 r\u00e9aliser en une seule \u00e9tape <br \/>\u2022 Largeur de point de 7 mm et longueur de point de 5 mm <br \/>\u2022 Combinez, faites pivoter et d\u00e9placez les dessins directement sur l\u2019\u00e9cran tactile couleur de 7 <br \/>pouces <br \/>\u2022 Vitesse de couture 850 points p\/m, vitesse de broderie 450 points p\/m <br \/>\u2022 Pas moins de 250 points int\u00e9gr\u00e9s, 4 polices diff\u00e9rentes, 150 motifs de broderie int\u00e9gr\u00e9s et 10 <br \/>polices de broderie mySewnet\u2122 est un groupe d\u2019apps et de services bas\u00e9s sur le Cloud <br \/>con\u00e7us pour soutenir votre couture et votre cr\u00e9ativit\u00e9 !.<\/p>\t\t\t\t\t\t<\/div>\n\t\t\t\t<\/div>\n\t\t\t\t\t<\/div>\n\t\t<\/div>\n\t\t\t\t\t\t\t<\/div>\n\t\t<\/section>\n\t\t\t\t\t\t\t<\/div>\n\t\t","protected":false},"excerpt":{"rendered":"<p>La nouvelle creative expect\u2122 350 est une machine parfaite pour celles qui aiment coudre et<br \/>\nd\u00e9couvrir la broderie. Elle offre un excellent rapport qualit\u00e9-prix et est \u00e9quip\u00e9e du wifi. Connectez<br \/>\nvous sans fil \u00e0 mySewnet\u2122 et un monde s\u2019ouvrira \u00e0 vous !<\/p>\n<p>Garantie 2 ans + 1 an si enregistrement<\/p>\n<p><a href=\"https:\/\/pfaffbenelux.com\/wp-content\/uploads\/2020\/05\/PFAFF-CreativeExpect350-En-8.5x11-FeaturesAndBenefits_fr-fr.pdf\" target=\"_blank\" rel=\"noopener\"><img loading=\"lazy\" class=\"alignnone wp-image-17937 size-full\" src=\"https:\/\/www.maisonschwind.lu\/shop\/wp-content\/uploads\/2022\/09\/pdf-brochure-fr-3.png\" alt=\"\" width=\"150\" height=\"60\" \/><\/a><\/p>\n","protected":false},"featured_media":63354,"comment_status":"closed","ping_status":"closed","template":"","meta":[],"product_cat":[1375],"product_tag":[],"aioseo_notices":[],"_links":{"self":[{"href":"https:\/\/www.maisonschwind.lu\/fr\/wp-json\/wp\/v2\/product\/44926"}],"collection":[{"href":"https:\/\/www.maisonschwind.lu\/fr\/wp-json\/wp\/v2\/product"}],"about":[{"href":"https:\/\/www.maisonschwind.lu\/fr\/wp-json\/wp\/v2\/types\/product"}],"replies":[{"embeddable":true,"href":"https:\/\/www.maisonschwind.lu\/fr\/wp-json\/wp\/v2\/comments?post=44926"}],"version-history":[{"count":7,"href":"https:\/\/www.maisonschwind.lu\/fr\/wp-json\/wp\/v2\/product\/44926\/revisions"}],"predecessor-version":[{"id":52339,"href":"https:\/\/www.maisonschwind.lu\/fr\/wp-json\/wp\/v2\/product\/44926\/revisions\/52339"}],"wp:featuredmedia":[{"embeddable":true,"href":"https:\/\/www.maisonschwind.lu\/fr\/wp-json\/wp\/v2\/media\/63354"}],"wp:attachment":[{"href":"https:\/\/www.maisonschwind.lu\/fr\/wp-json\/wp\/v2\/media?parent=44926"}],"wp:term":[{"taxonomy":"product_cat","embeddable":true,"href":"https:\/\/www.maisonschwind.lu\/fr\/wp-json\/wp\/v2\/product_cat?post=44926"},{"taxonomy":"product_tag","embeddable":true,"href":"https:\/\/www.maisonschwind.lu\/fr\/wp-json\/wp\/v2\/product_tag?post=44926"}],"curies":[{"name":"wp","href":"https:\/\/api.w.org\/{rel}","templated":true}]}}