{"id":47821,"date":"2025-01-28T16:02:07","date_gmt":"2025-01-28T15:02:07","guid":{"rendered":"https:\/\/www.maisonschwind.lu\/product\/cadre-de-numerisation-prscanfkit1-pour-brother-pr\/"},"modified":"2025-01-28T16:37:42","modified_gmt":"2025-01-28T15:37:42","slug":"cadre-de-numerisation-prscanfkit1-pour-brother-pr","status":"publish","type":"product","link":"https:\/\/www.maisonschwind.lu\/fr\/produit\/cadre-de-numerisation-prscanfkit1-pour-brother-pr\/","title":{"rendered":"Cadre de num\u00e9risation PRSCANFKIT1 pour Brother PR"},"content":{"rendered":"\t\t<div data-elementor-type=\"wp-post\" data-elementor-id=\"47821\" class=\"elementor elementor-47821 elementor-47764\">\n\t\t\t\t\t\t\t\t\t<section class=\"elementor-section elementor-top-section elementor-element elementor-element-10749cc8 elementor-section-boxed elementor-section-height-default elementor-section-height-default\" data-id=\"10749cc8\" data-element_type=\"section\">\n\t\t\t\t\t\t<div class=\"elementor-container elementor-column-gap-default\">\n\t\t\t\t\t<div class=\"elementor-column elementor-col-100 elementor-top-column elementor-element elementor-element-3391f45a\" data-id=\"3391f45a\" data-element_type=\"column\">\n\t\t\t<div class=\"elementor-widget-wrap elementor-element-populated\">\n\t\t\t\t\t\t\t\t<div class=\"elementor-element elementor-element-241e0352 elementor-widget elementor-widget-text-editor\" data-id=\"241e0352\" data-element_type=\"widget\" data-widget_type=\"text-editor.default\">\n\t\t\t\t<div class=\"elementor-widget-container\">\n\t\t\t<style>\/*! elementor - v3.6.7 - 03-07-2022 *\/\n.elementor-widget-text-editor.elementor-drop-cap-view-stacked .elementor-drop-cap{background-color:#818a91;color:#fff}.elementor-widget-text-editor.elementor-drop-cap-view-framed .elementor-drop-cap{color:#818a91;border:3px solid;background-color:transparent}.elementor-widget-text-editor:not(.elementor-drop-cap-view-default) .elementor-drop-cap{margin-top:8px}.elementor-widget-text-editor:not(.elementor-drop-cap-view-default) .elementor-drop-cap-letter{width:1em;height:1em}.elementor-widget-text-editor .elementor-drop-cap{float:left;text-align:center;line-height:1;font-size:50px}.elementor-widget-text-editor .elementor-drop-cap-letter{display:inline-block}<\/style>\t\t\t\t<ul><li>La fonction My Design Center s\u2019int\u00e8gre \u00e0 notre technologie de cam\u00e9ra intelligente pour vous offrir de nouvelles possibilit\u00e9s de conception, le tout sans PC. Dessinez directement sur l\u2019\u00e9cran LCD de la machine et regardez votre cr\u00e9ation prendre vie dans la grande zone de dessin. Ou utilisez ce cadre de num\u00e9risation PRSCANFKIT1 pour num\u00e9riser des illustrations, manuscrits ou cliparts imprim\u00e9s, et transformez-les en donn\u00e9es de broderie. Ajoutez facilement des motifs de pointill\u00e9 ou de remplissage \u00e0 vos motifs de broderie et \u00e0 vos blocs de quilt.<\/li><li>DESSINEZ DIRECTEMENT SUR L\u2019\u00c9CRAN<br \/>Utilisez le stylet fourni pour dessiner directement sur l\u2019\u00e9cran LCD de la machine.<\/li><li>CADRE DE NUM\u00c9RISATION<br \/>Avec le cadre de num\u00e9risation PRSCANFKIT1, vous pouvez num\u00e9riser des dessins et des cliparts directement dans My Design Center.<\/li><li>RECONNAISSANCE DES CONTOURS POUR LES MOTIFS DE POINTILL\u00c9 ET DE REMPLISSAGE<br \/>Tracez des pointill\u00e9s avec pr\u00e9cision, n\u2019importe o\u00f9 et sur n\u2019importe quel ouvrage. Ajoutez des motifs de pointill\u00e9s ou de remplissage \u00e0 n\u2019importe quel motif de broderie, qu\u2019il soit int\u00e9gr\u00e9 ou import\u00e9. Importez le contour que vous avez enregistr\u00e9, choisissez parmi 10 nouveaux motifs d\u00e9coratifs de remplissage ou de pointill\u00e9 int\u00e9gr\u00e9s et la machine fait le reste. De plus, avec le mode de pr\u00e9visualisation am\u00e9lior\u00e9, vous pouvez voir le motif num\u00e9ris\u00e9 ainsi que le pointill\u00e9 ou le motif de remplissage s\u00e9lectionn\u00e9.<\/li><li>POINTILL\u00c9 ET MOTIF DE REMPLISSAGE AUTOMATIQUE<br \/>Utilisez la biblioth\u00e8que de motifs int\u00e9gr\u00e9s pour ajouter des d\u00e9tails int\u00e9ressants \u00e0 votre ouvrage. Vous pouvez m\u00eame combiner des motifs et appliquer des pointill\u00e9s \u00e0 l\u2019int\u00e9rieur ou \u00e0 l\u2019ext\u00e9rieur. Et d\u00e9sormais, vous pouvez choisir des motifs de remplissage d\u00e9coratifs avec des param\u00e8tres de points sp\u00e9cifiques pour cr\u00e9er des motifs uniques. Inclut 60 motifs ferm\u00e9s, 30 motifs ouverts et 5 options de point (point satin, point droit simple, point droit triple, point candlewicking (point perl\u00e9) et diamant). PR1050X\u00a0<\/li><\/ul>\t\t\t\t\t\t<\/div>\n\t\t\t\t<\/div>\n\t\t\t\t\t<\/div>\n\t\t<\/div>\n\t\t\t\t\t\t\t<\/div>\n\t\t<\/section>\n\t\t\t\t\t\t\t<\/div>\n\t\t","protected":false},"excerpt":{"rendered":"<p>Le cadre de num\u00e9risation pour machines PR offre de nombreuses fa\u00e7ons de cr\u00e9er un ouvrage personnalis\u00e9, et un moyen vraiment amusant de cr\u00e9er une broderie\u00a0!<\/p>\n<p>Compatible avec la machine \u00e0 broder PR1055X, PR1050X<\/p>\n","protected":false},"featured_media":47772,"comment_status":"closed","ping_status":"closed","template":"","meta":[],"product_cat":[1507,1397],"product_tag":[],"aioseo_notices":[],"_links":{"self":[{"href":"https:\/\/www.maisonschwind.lu\/fr\/wp-json\/wp\/v2\/product\/47821"}],"collection":[{"href":"https:\/\/www.maisonschwind.lu\/fr\/wp-json\/wp\/v2\/product"}],"about":[{"href":"https:\/\/www.maisonschwind.lu\/fr\/wp-json\/wp\/v2\/types\/product"}],"replies":[{"embeddable":true,"href":"https:\/\/www.maisonschwind.lu\/fr\/wp-json\/wp\/v2\/comments?post=47821"}],"version-history":[{"count":2,"href":"https:\/\/www.maisonschwind.lu\/fr\/wp-json\/wp\/v2\/product\/47821\/revisions"}],"predecessor-version":[{"id":47827,"href":"https:\/\/www.maisonschwind.lu\/fr\/wp-json\/wp\/v2\/product\/47821\/revisions\/47827"}],"wp:featuredmedia":[{"embeddable":true,"href":"https:\/\/www.maisonschwind.lu\/fr\/wp-json\/wp\/v2\/media\/47772"}],"wp:attachment":[{"href":"https:\/\/www.maisonschwind.lu\/fr\/wp-json\/wp\/v2\/media?parent=47821"}],"wp:term":[{"taxonomy":"product_cat","embeddable":true,"href":"https:\/\/www.maisonschwind.lu\/fr\/wp-json\/wp\/v2\/product_cat?post=47821"},{"taxonomy":"product_tag","embeddable":true,"href":"https:\/\/www.maisonschwind.lu\/fr\/wp-json\/wp\/v2\/product_tag?post=47821"}],"curies":[{"name":"wp","href":"https:\/\/api.w.org\/{rel}","templated":true}]}}