{"id":47896,"date":"2025-01-28T17:14:11","date_gmt":"2025-01-28T16:14:11","guid":{"rendered":"https:\/\/www.maisonschwind.lu\/product\/kit-monogramme-prmngrmkit1-pour-brother-pr\/"},"modified":"2025-01-28T17:27:58","modified_gmt":"2025-01-28T16:27:58","slug":"kit-monogramme-prmngrmkit1-pour-brother-pr","status":"publish","type":"product","link":"https:\/\/www.maisonschwind.lu\/fr\/produit\/kit-monogramme-prmngrmkit1-pour-brother-pr\/","title":{"rendered":"Kit monogramme PRMNGRMKIT1 pour Brother PR"},"content":{"rendered":"\t\t<div data-elementor-type=\"wp-post\" data-elementor-id=\"47896\" class=\"elementor elementor-47896 elementor-47871\">\n\t\t\t\t\t\t\t\t\t<section class=\"elementor-section elementor-top-section elementor-element elementor-element-10749cc8 elementor-section-boxed elementor-section-height-default elementor-section-height-default\" data-id=\"10749cc8\" data-element_type=\"section\">\n\t\t\t\t\t\t<div class=\"elementor-container elementor-column-gap-default\">\n\t\t\t\t\t<div class=\"elementor-column elementor-col-100 elementor-top-column elementor-element elementor-element-3391f45a\" data-id=\"3391f45a\" data-element_type=\"column\">\n\t\t\t<div class=\"elementor-widget-wrap elementor-element-populated\">\n\t\t\t\t\t\t\t\t<div class=\"elementor-element elementor-element-241e0352 elementor-widget elementor-widget-text-editor\" data-id=\"241e0352\" data-element_type=\"widget\" data-widget_type=\"text-editor.default\">\n\t\t\t\t<div class=\"elementor-widget-container\">\n\t\t\t<style>\/*! elementor - v3.6.7 - 03-07-2022 *\/\n.elementor-widget-text-editor.elementor-drop-cap-view-stacked .elementor-drop-cap{background-color:#818a91;color:#fff}.elementor-widget-text-editor.elementor-drop-cap-view-framed .elementor-drop-cap{color:#818a91;border:3px solid;background-color:transparent}.elementor-widget-text-editor:not(.elementor-drop-cap-view-default) .elementor-drop-cap{margin-top:8px}.elementor-widget-text-editor:not(.elementor-drop-cap-view-default) .elementor-drop-cap-letter{width:1em;height:1em}.elementor-widget-text-editor .elementor-drop-cap{float:left;text-align:center;line-height:1;font-size:50px}.elementor-widget-text-editor .elementor-drop-cap-letter{display:inline-block}<\/style>\t\t\t\t<ul><li>Jeu de cadres \u00e0 broder compacts :\u00a0PRSFK1\u00a0<\/li><li>Cadre \u00e0 broder clipsable M + bras D :\u00a0PRCLP100B\u00a0<\/li><li>Compatible PR1, PR680W et PR1055X\u00a0<\/li><\/ul>\t\t\t\t\t\t<\/div>\n\t\t\t\t<\/div>\n\t\t\t\t\t<\/div>\n\t\t<\/div>\n\t\t\t\t\t\t\t<\/div>\n\t\t<\/section>\n\t\t\t\t\t\t\t<\/div>\n\t\t","protected":false},"excerpt":{"rendered":"<p>Ajoutez une touche personnelle avec le kit monogramme Entrepreneur PR. Le cadre \u00e0 broder clipsable et le jeu de cadres \u00e0 broder compacts vous permettront d&#8217;obtenir des r\u00e9sultats impeccables, m\u00eame sur les plus petits v\u00eatements de b\u00e9b\u00e9 (layette, bavoir&#8230;).<\/p>\n<p>Facilite la broderie sur des articles de petite taille<\/p>\n<p>Diversifiez vos broderies<\/p>\n<p>Le cadre \u00e0 broder clipsable est parfait pour broder sur une vari\u00e9t\u00e9 de mat\u00e9riaux gr\u00e2ce \u00e0 ses deux faces agrippantes<\/p>\n","protected":false},"featured_media":47873,"comment_status":"closed","ping_status":"closed","template":"","meta":[],"product_cat":[1507,1397],"product_tag":[],"aioseo_notices":[],"_links":{"self":[{"href":"https:\/\/www.maisonschwind.lu\/fr\/wp-json\/wp\/v2\/product\/47896"}],"collection":[{"href":"https:\/\/www.maisonschwind.lu\/fr\/wp-json\/wp\/v2\/product"}],"about":[{"href":"https:\/\/www.maisonschwind.lu\/fr\/wp-json\/wp\/v2\/types\/product"}],"replies":[{"embeddable":true,"href":"https:\/\/www.maisonschwind.lu\/fr\/wp-json\/wp\/v2\/comments?post=47896"}],"version-history":[{"count":2,"href":"https:\/\/www.maisonschwind.lu\/fr\/wp-json\/wp\/v2\/product\/47896\/revisions"}],"predecessor-version":[{"id":47902,"href":"https:\/\/www.maisonschwind.lu\/fr\/wp-json\/wp\/v2\/product\/47896\/revisions\/47902"}],"wp:featuredmedia":[{"embeddable":true,"href":"https:\/\/www.maisonschwind.lu\/fr\/wp-json\/wp\/v2\/media\/47873"}],"wp:attachment":[{"href":"https:\/\/www.maisonschwind.lu\/fr\/wp-json\/wp\/v2\/media?parent=47896"}],"wp:term":[{"taxonomy":"product_cat","embeddable":true,"href":"https:\/\/www.maisonschwind.lu\/fr\/wp-json\/wp\/v2\/product_cat?post=47896"},{"taxonomy":"product_tag","embeddable":true,"href":"https:\/\/www.maisonschwind.lu\/fr\/wp-json\/wp\/v2\/product_tag?post=47896"}],"curies":[{"name":"wp","href":"https:\/\/api.w.org\/{rel}","templated":true}]}}