{"id":47906,"date":"2025-01-28T17:09:54","date_gmt":"2025-01-28T16:09:54","guid":{"rendered":"https:\/\/www.maisonschwind.lu\/product\/kit-pour-articles-de-sports-prsprtkit1-pour-brother-pr\/"},"modified":"2025-01-28T17:30:30","modified_gmt":"2025-01-28T16:30:30","slug":"kit-pour-articles-de-sports-prsprtkit1-pour-brother-pr","status":"publish","type":"product","link":"https:\/\/www.maisonschwind.lu\/fr\/produit\/kit-pour-articles-de-sports-prsprtkit1-pour-brother-pr\/","title":{"rendered":"Kit pour articles de sports PRSPRTKIT1 pour Brother PR"},"content":{"rendered":"\t\t<div data-elementor-type=\"wp-post\" data-elementor-id=\"47906\" class=\"elementor elementor-47906 elementor-47864\">\n\t\t\t\t\t\t\t\t\t<section class=\"elementor-section elementor-top-section elementor-element elementor-element-10749cc8 elementor-section-boxed elementor-section-height-default elementor-section-height-default\" data-id=\"10749cc8\" data-element_type=\"section\">\n\t\t\t\t\t\t<div class=\"elementor-container elementor-column-gap-default\">\n\t\t\t\t\t<div class=\"elementor-column elementor-col-100 elementor-top-column elementor-element elementor-element-3391f45a\" data-id=\"3391f45a\" data-element_type=\"column\">\n\t\t\t<div class=\"elementor-widget-wrap elementor-element-populated\">\n\t\t\t\t\t\t\t\t<div class=\"elementor-element elementor-element-241e0352 elementor-widget elementor-widget-text-editor\" data-id=\"241e0352\" data-element_type=\"widget\" data-widget_type=\"text-editor.default\">\n\t\t\t\t<div class=\"elementor-widget-container\">\n\t\t\t<style>\/*! elementor - v3.6.7 - 03-07-2022 *\/\n.elementor-widget-text-editor.elementor-drop-cap-view-stacked .elementor-drop-cap{background-color:#818a91;color:#fff}.elementor-widget-text-editor.elementor-drop-cap-view-framed .elementor-drop-cap{color:#818a91;border:3px solid;background-color:transparent}.elementor-widget-text-editor:not(.elementor-drop-cap-view-default) .elementor-drop-cap{margin-top:8px}.elementor-widget-text-editor:not(.elementor-drop-cap-view-default) .elementor-drop-cap-letter{width:1em;height:1em}.elementor-widget-text-editor .elementor-drop-cap{float:left;text-align:center;line-height:1;font-size:50px}.elementor-widget-text-editor .elementor-drop-cap-letter{display:inline-block}<\/style>\t\t\t\t<ul><li>Syst\u00e8me casquette \u00e0 bord plat :\u00a0PRCF5<\/li><li>Cadre \u00e0 broder pour casquette \u00e0 bord plat (cadre seul) :\u00a0PRCFH5<\/li><li>Cadre \u00e0 broder clipsable M + bras D :\u00a0PRCLP100B<\/li><li>Compatible PR1, PR680W et PR1055X\u00a0<\/li><\/ul>\t\t\t\t\t\t<\/div>\n\t\t\t\t<\/div>\n\t\t\t\t\t<\/div>\n\t\t<\/div>\n\t\t\t\t\t\t\t<\/div>\n\t\t<\/section>\n\t\t\t\t\t\t\t<\/div>\n\t\t","protected":false},"excerpt":{"rendered":"<p>Personnalisez toute une gamme de v\u00eatements avec le kit pour articles de sport Entrepreneur PR. Avec son syst\u00e8me et son cadre \u00e0 broder pour casquette \u00e0 bord plat et le cadre \u00e0 broder clipsable ; des logos, des monogrammes et des noms peuvent \u00eatre ajout\u00e9s aux v\u00eatements, aux casquettes, aux sacs et \u00e0 bien d&#8217;autres choses encore&#8230;<\/p>\n<p>Diversifiez vos broderies<\/p>\n<p>Des pinces puissantes maintiennent votre surface de broderie de fa\u00e7on homog\u00e8ne pour une finition professionnelle.<\/p>\n<p>Brodez une large gamme de casquettes, y compris des casquettes \u00e0 bord plat.<\/p>\n<p>Le cadre \u00e0 broder clipsable est parfait pour broder sur une vari\u00e9t\u00e9 de mat\u00e9riaux gr\u00e2ce \u00e0 ses deux faces agrippantes.<\/p>\n","protected":false},"featured_media":47866,"comment_status":"closed","ping_status":"closed","template":"","meta":[],"product_cat":[1507,1397],"product_tag":[],"aioseo_notices":[],"_links":{"self":[{"href":"https:\/\/www.maisonschwind.lu\/fr\/wp-json\/wp\/v2\/product\/47906"}],"collection":[{"href":"https:\/\/www.maisonschwind.lu\/fr\/wp-json\/wp\/v2\/product"}],"about":[{"href":"https:\/\/www.maisonschwind.lu\/fr\/wp-json\/wp\/v2\/types\/product"}],"replies":[{"embeddable":true,"href":"https:\/\/www.maisonschwind.lu\/fr\/wp-json\/wp\/v2\/comments?post=47906"}],"version-history":[{"count":2,"href":"https:\/\/www.maisonschwind.lu\/fr\/wp-json\/wp\/v2\/product\/47906\/revisions"}],"predecessor-version":[{"id":47912,"href":"https:\/\/www.maisonschwind.lu\/fr\/wp-json\/wp\/v2\/product\/47906\/revisions\/47912"}],"wp:featuredmedia":[{"embeddable":true,"href":"https:\/\/www.maisonschwind.lu\/fr\/wp-json\/wp\/v2\/media\/47866"}],"wp:attachment":[{"href":"https:\/\/www.maisonschwind.lu\/fr\/wp-json\/wp\/v2\/media?parent=47906"}],"wp:term":[{"taxonomy":"product_cat","embeddable":true,"href":"https:\/\/www.maisonschwind.lu\/fr\/wp-json\/wp\/v2\/product_cat?post=47906"},{"taxonomy":"product_tag","embeddable":true,"href":"https:\/\/www.maisonschwind.lu\/fr\/wp-json\/wp\/v2\/product_tag?post=47906"}],"curies":[{"name":"wp","href":"https:\/\/api.w.org\/{rel}","templated":true}]}}