{"id":54145,"date":"2025-07-09T16:51:08","date_gmt":"2025-07-09T14:51:08","guid":{"rendered":"https:\/\/www.maisonschwind.lu\/product\/panneau-sac-a-dos-raton-laveur\/"},"modified":"2026-02-11T12:39:44","modified_gmt":"2026-02-11T11:39:44","slug":"panneau-sac-a-dos-raton-laveur","status":"publish","type":"product","link":"https:\/\/www.maisonschwind.lu\/fr\/produit\/panneau-sac-a-dos-raton-laveur\/","title":{"rendered":"Panneau sac \u00e0 dos &#8220;raton-laveur&#8221;"},"content":{"rendered":"\t\t<div data-elementor-type=\"wp-post\" data-elementor-id=\"54145\" class=\"elementor elementor-54145 elementor-54022\">\n\t\t\t\t\t\t\t\t\t<section class=\"elementor-section elementor-top-section elementor-element elementor-element-10749cc8 elementor-section-boxed elementor-section-height-default elementor-section-height-default\" data-id=\"10749cc8\" data-element_type=\"section\">\n\t\t\t\t\t\t<div class=\"elementor-container elementor-column-gap-default\">\n\t\t\t\t\t<div class=\"elementor-column elementor-col-100 elementor-top-column elementor-element elementor-element-3391f45a\" data-id=\"3391f45a\" data-element_type=\"column\">\n\t\t\t<div class=\"elementor-widget-wrap elementor-element-populated\">\n\t\t\t\t\t\t\t\t<div class=\"elementor-element elementor-element-241e0352 elementor-widget elementor-widget-text-editor\" data-id=\"241e0352\" data-element_type=\"widget\" data-widget_type=\"text-editor.default\">\n\t\t\t\t<div class=\"elementor-widget-container\">\n\t\t\t<style>\/*! elementor - v3.6.7 - 03-07-2022 *\/\n.elementor-widget-text-editor.elementor-drop-cap-view-stacked .elementor-drop-cap{background-color:#818a91;color:#fff}.elementor-widget-text-editor.elementor-drop-cap-view-framed .elementor-drop-cap{color:#818a91;border:3px solid;background-color:transparent}.elementor-widget-text-editor:not(.elementor-drop-cap-view-default) .elementor-drop-cap{margin-top:8px}.elementor-widget-text-editor:not(.elementor-drop-cap-view-default) .elementor-drop-cap-letter{width:1em;height:1em}.elementor-widget-text-editor .elementor-drop-cap{float:left;text-align:center;line-height:1;font-size:50px}.elementor-widget-text-editor .elementor-drop-cap-letter{display:inline-block}<\/style>\t\t\t\t<ul><li>Wash at a maximum temperature of 30\u00baC.<\/li><li>Do not use bleach.<\/li><li>The fabric can be tumble dried on a medium temperature setting.<\/li><li>Iron at a maximum temperature of 200\u00baC.<\/li><\/ul>\t\t\t\t\t\t<\/div>\n\t\t\t\t<\/div>\n\t\t\t\t\t<\/div>\n\t\t<\/div>\n\t\t\t\t\t\t\t<\/div>\n\t\t<\/section>\n\t\t\t\t\t\t\t<\/div>\n\t\t","protected":false},"excerpt":{"rendered":"<p>Quand il est temps d&#8217;aller \u00e0 l&#8217;\u00e9cole ou en sortie, les sacs \u00e0 dos en tissu sont id\u00e9aux pour transporter le petit-d\u00e9jeuner, les collations et ces jeux dont ils ne peuvent pas se s\u00e9parer. S&#8217;ils sont aussi jolis que ceux-ci, vous n&#8217;aurez m\u00eame pas envie de les enlever pour aller dormir&#8230;.<\/p>\n<p>&nbsp;<\/p>\n<p>Le tissu est 100 % coton, certifi\u00e9 OEKO-TEX.<\/p>\n<p>120gr<\/p>\n<p>Quantit\u00e9 1 = 1 panneau<\/p>\n<p>Mat\u00e9riel n\u00e9cessaire pour le compl\u00e9ter : ouate, rembourrage, cordon.<\/p>\n","protected":false},"featured_media":54026,"comment_status":"closed","ping_status":"closed","template":"","meta":[],"product_cat":[1451],"product_tag":[],"aioseo_notices":[],"_links":{"self":[{"href":"https:\/\/www.maisonschwind.lu\/fr\/wp-json\/wp\/v2\/product\/54145"}],"collection":[{"href":"https:\/\/www.maisonschwind.lu\/fr\/wp-json\/wp\/v2\/product"}],"about":[{"href":"https:\/\/www.maisonschwind.lu\/fr\/wp-json\/wp\/v2\/types\/product"}],"replies":[{"embeddable":true,"href":"https:\/\/www.maisonschwind.lu\/fr\/wp-json\/wp\/v2\/comments?post=54145"}],"version-history":[{"count":1,"href":"https:\/\/www.maisonschwind.lu\/fr\/wp-json\/wp\/v2\/product\/54145\/revisions"}],"predecessor-version":[{"id":54148,"href":"https:\/\/www.maisonschwind.lu\/fr\/wp-json\/wp\/v2\/product\/54145\/revisions\/54148"}],"wp:featuredmedia":[{"embeddable":true,"href":"https:\/\/www.maisonschwind.lu\/fr\/wp-json\/wp\/v2\/media\/54026"}],"wp:attachment":[{"href":"https:\/\/www.maisonschwind.lu\/fr\/wp-json\/wp\/v2\/media?parent=54145"}],"wp:term":[{"taxonomy":"product_cat","embeddable":true,"href":"https:\/\/www.maisonschwind.lu\/fr\/wp-json\/wp\/v2\/product_cat?post=54145"},{"taxonomy":"product_tag","embeddable":true,"href":"https:\/\/www.maisonschwind.lu\/fr\/wp-json\/wp\/v2\/product_tag?post=54145"}],"curies":[{"name":"wp","href":"https:\/\/api.w.org\/{rel}","templated":true}]}}