{"id":54707,"date":"2025-07-16T16:24:20","date_gmt":"2025-07-16T14:24:20","guid":{"rendered":"https:\/\/www.maisonschwind.lu\/product\/patron-blouse-robe-et-jupe-femme-sifnos-pochette-02-sifn-ikper074p\/"},"modified":"2025-07-18T22:53:40","modified_gmt":"2025-07-18T20:53:40","slug":"patron-blouse-robe-et-jupe-femme-sifnos-pochette-02-sifn-ikper074p","status":"publish","type":"product","link":"https:\/\/www.maisonschwind.lu\/fr\/produit\/patron-blouse-robe-et-jupe-femme-sifnos-pochette-02-sifn-ikper074p\/","title":{"rendered":"Patron blouse, robe et jupe femme SIFNOS pochette 02.SIFN-IKPER074P"},"content":{"rendered":"\t\t<div data-elementor-type=\"wp-post\" data-elementor-id=\"54707\" class=\"elementor elementor-54707 elementor-54480\">\n\t\t\t\t\t\t\t\t\t<section class=\"elementor-section elementor-top-section elementor-element elementor-element-10749cc8 elementor-section-boxed elementor-section-height-default elementor-section-height-default\" data-id=\"10749cc8\" data-element_type=\"section\">\n\t\t\t\t\t\t<div class=\"elementor-container elementor-column-gap-default\">\n\t\t\t\t\t<div class=\"elementor-column elementor-col-100 elementor-top-column elementor-element elementor-element-3391f45a\" data-id=\"3391f45a\" data-element_type=\"column\">\n\t\t\t<div class=\"elementor-widget-wrap elementor-element-populated\">\n\t\t\t\t\t\t\t\t<div class=\"elementor-element elementor-element-241e0352 elementor-widget elementor-widget-text-editor\" data-id=\"241e0352\" data-element_type=\"widget\" data-widget_type=\"text-editor.default\">\n\t\t\t\t<div class=\"elementor-widget-container\">\n\t\t\t<style>\/*! elementor - v3.6.7 - 03-07-2022 *\/\n.elementor-widget-text-editor.elementor-drop-cap-view-stacked .elementor-drop-cap{background-color:#818a91;color:#fff}.elementor-widget-text-editor.elementor-drop-cap-view-framed .elementor-drop-cap{color:#818a91;border:3px solid;background-color:transparent}.elementor-widget-text-editor:not(.elementor-drop-cap-view-default) .elementor-drop-cap{margin-top:8px}.elementor-widget-text-editor:not(.elementor-drop-cap-view-default) .elementor-drop-cap-letter{width:1em;height:1em}.elementor-widget-text-editor .elementor-drop-cap{float:left;text-align:center;line-height:1;font-size:50px}.elementor-widget-text-editor .elementor-drop-cap-letter{display:inline-block}<\/style>\t\t\t\t<p>Sifnos est un patron de robe, blouse et jupe pour femme avec une taille\u00a0smock\u00e9e. Ce mod\u00e8le est compos\u00e9 d\u2019un buste enti\u00e8rement doubl\u00e9, blousant et crois\u00e9. Trois longueurs de manches sont disponibles, ce qui permet d\u2019offrir de belles possibilit\u00e9s de personnalisation : manches longues, mancherons et sans manches. Il vous sera possible d\u2019ajouter un volant \u00e0 l\u2019encolure.<br \/><strong>Une jolie robe ou jupe f\u00e9minine et confortable gr\u00e2ce \u00e0 sa taille smock\u00e9e ajustable.<\/strong><\/p><p>Disponible du 32 au 52<\/p>\t\t\t\t\t\t<\/div>\n\t\t\t\t<\/div>\n\t\t\t\t\t<\/div>\n\t\t<\/div>\n\t\t\t\t\t\t\t<\/div>\n\t\t<\/section>\n\t\t\t\t\t\t\t<\/div>\n\t\t","protected":false},"excerpt":{"rendered":"<p>Chez Ikatee, nous sommes passionn\u00e9s par la couture et nous adorons partager nos cr\u00e9ations, nos astuces et nos coups de c\u0153ur pour vous inspirer \u00e0 cr\u00e9er toujours plus. Nous proposons des patrons de couture intuitifs, complets, d\u00e9taill\u00e9s, et surtout : accessibles \u00e0 tous !<\/p>\n","protected":false},"featured_media":54488,"comment_status":"closed","ping_status":"closed","template":"","meta":[],"product_cat":[1556],"product_tag":[],"aioseo_notices":[],"_links":{"self":[{"href":"https:\/\/www.maisonschwind.lu\/fr\/wp-json\/wp\/v2\/product\/54707"}],"collection":[{"href":"https:\/\/www.maisonschwind.lu\/fr\/wp-json\/wp\/v2\/product"}],"about":[{"href":"https:\/\/www.maisonschwind.lu\/fr\/wp-json\/wp\/v2\/types\/product"}],"replies":[{"embeddable":true,"href":"https:\/\/www.maisonschwind.lu\/fr\/wp-json\/wp\/v2\/comments?post=54707"}],"version-history":[{"count":5,"href":"https:\/\/www.maisonschwind.lu\/fr\/wp-json\/wp\/v2\/product\/54707\/revisions"}],"predecessor-version":[{"id":54725,"href":"https:\/\/www.maisonschwind.lu\/fr\/wp-json\/wp\/v2\/product\/54707\/revisions\/54725"}],"wp:featuredmedia":[{"embeddable":true,"href":"https:\/\/www.maisonschwind.lu\/fr\/wp-json\/wp\/v2\/media\/54488"}],"wp:attachment":[{"href":"https:\/\/www.maisonschwind.lu\/fr\/wp-json\/wp\/v2\/media?parent=54707"}],"wp:term":[{"taxonomy":"product_cat","embeddable":true,"href":"https:\/\/www.maisonschwind.lu\/fr\/wp-json\/wp\/v2\/product_cat?post=54707"},{"taxonomy":"product_tag","embeddable":true,"href":"https:\/\/www.maisonschwind.lu\/fr\/wp-json\/wp\/v2\/product_tag?post=54707"}],"curies":[{"name":"wp","href":"https:\/\/api.w.org\/{rel}","templated":true}]}}