{"id":54787,"date":"2025-07-16T17:10:03","date_gmt":"2025-07-16T15:10:03","guid":{"rendered":"https:\/\/www.maisonschwind.lu\/product\/patron-pantalon-et-short-enfant-dakar-pochette-02-daka-ik16h064p\/"},"modified":"2025-07-21T10:15:19","modified_gmt":"2025-07-21T08:15:19","slug":"patron-pantalon-et-short-enfant-dakar-pochette-02-daka-ik16h064p","status":"publish","type":"product","link":"https:\/\/www.maisonschwind.lu\/fr\/produit\/patron-pantalon-et-short-enfant-dakar-pochette-02-daka-ik16h064p\/","title":{"rendered":"Patron pantalon et short enfant DAKAR pochette 02.DAKA-IK16H064P"},"content":{"rendered":"\t\t<div data-elementor-type=\"wp-post\" data-elementor-id=\"54787\" class=\"elementor elementor-54787 elementor-54560\">\n\t\t\t\t\t\t\t\t\t<section class=\"elementor-section elementor-top-section elementor-element elementor-element-10749cc8 elementor-section-boxed elementor-section-height-default elementor-section-height-default\" data-id=\"10749cc8\" data-element_type=\"section\">\n\t\t\t\t\t\t<div class=\"elementor-container elementor-column-gap-default\">\n\t\t\t\t\t<div class=\"elementor-column elementor-col-100 elementor-top-column elementor-element elementor-element-3391f45a\" data-id=\"3391f45a\" data-element_type=\"column\">\n\t\t\t<div class=\"elementor-widget-wrap elementor-element-populated\">\n\t\t\t\t\t\t\t\t<div class=\"elementor-element elementor-element-241e0352 elementor-widget elementor-widget-text-editor\" data-id=\"241e0352\" data-element_type=\"widget\" data-widget_type=\"text-editor.default\">\n\t\t\t\t<div class=\"elementor-widget-container\">\n\t\t\t<style>\/*! elementor - v3.6.7 - 03-07-2022 *\/\n.elementor-widget-text-editor.elementor-drop-cap-view-stacked .elementor-drop-cap{background-color:#818a91;color:#fff}.elementor-widget-text-editor.elementor-drop-cap-view-framed .elementor-drop-cap{color:#818a91;border:3px solid;background-color:transparent}.elementor-widget-text-editor:not(.elementor-drop-cap-view-default) .elementor-drop-cap{margin-top:8px}.elementor-widget-text-editor:not(.elementor-drop-cap-view-default) .elementor-drop-cap-letter{width:1em;height:1em}.elementor-widget-text-editor .elementor-drop-cap{float:left;text-align:center;line-height:1;font-size:50px}.elementor-widget-text-editor .elementor-drop-cap-letter{display:inline-block}<\/style>\t\t\t\t<p>Dakar est un patron de pantalon ou short mixte dot\u00e9 de deux poches sur le devant et d\u2019une coupe l\u00e9g\u00e8rement ample. Il est tr\u00e8s facile \u00e0 enfiler du fait de sa taille \u00e9lastique. En option, on peut ajouter un cordon d\u00e9coratif \u00e0 la ceinture, et\/ou r\u00e9aliser des bas \u00e9lastiqu\u00e9s pour le pantalon.<br \/><strong>Un patron simple et rapide \u00e0 confectionner qui ravira votre enfant en \u00e9t\u00e9 comme en hiver.<\/strong><\/p><p>Disponible du 3 au 12 ans.\u00a0<\/p>\t\t\t\t\t\t<\/div>\n\t\t\t\t<\/div>\n\t\t\t\t\t<\/div>\n\t\t<\/div>\n\t\t\t\t\t\t\t<\/div>\n\t\t<\/section>\n\t\t\t\t\t\t\t<\/div>\n\t\t","protected":false},"excerpt":{"rendered":"<p>Chez Ikatee, nous sommes passionn\u00e9s par la couture et nous adorons partager nos cr\u00e9ations, nos astuces et nos coups de c\u0153ur pour vous inspirer \u00e0 cr\u00e9er toujours plus. Nous proposons des patrons de couture intuitifs, complets, d\u00e9taill\u00e9s, et surtout : accessibles \u00e0 tous !<\/p>\n","protected":false},"featured_media":54566,"comment_status":"closed","ping_status":"closed","template":"","meta":[],"product_cat":[1556],"product_tag":[],"aioseo_notices":[],"_links":{"self":[{"href":"https:\/\/www.maisonschwind.lu\/fr\/wp-json\/wp\/v2\/product\/54787"}],"collection":[{"href":"https:\/\/www.maisonschwind.lu\/fr\/wp-json\/wp\/v2\/product"}],"about":[{"href":"https:\/\/www.maisonschwind.lu\/fr\/wp-json\/wp\/v2\/types\/product"}],"replies":[{"embeddable":true,"href":"https:\/\/www.maisonschwind.lu\/fr\/wp-json\/wp\/v2\/comments?post=54787"}],"version-history":[{"count":2,"href":"https:\/\/www.maisonschwind.lu\/fr\/wp-json\/wp\/v2\/product\/54787\/revisions"}],"predecessor-version":[{"id":54794,"href":"https:\/\/www.maisonschwind.lu\/fr\/wp-json\/wp\/v2\/product\/54787\/revisions\/54794"}],"wp:featuredmedia":[{"embeddable":true,"href":"https:\/\/www.maisonschwind.lu\/fr\/wp-json\/wp\/v2\/media\/54566"}],"wp:attachment":[{"href":"https:\/\/www.maisonschwind.lu\/fr\/wp-json\/wp\/v2\/media?parent=54787"}],"wp:term":[{"taxonomy":"product_cat","embeddable":true,"href":"https:\/\/www.maisonschwind.lu\/fr\/wp-json\/wp\/v2\/product_cat?post=54787"},{"taxonomy":"product_tag","embeddable":true,"href":"https:\/\/www.maisonschwind.lu\/fr\/wp-json\/wp\/v2\/product_tag?post=54787"}],"curies":[{"name":"wp","href":"https:\/\/api.w.org\/{rel}","templated":true}]}}