{"id":54845,"date":"2025-07-16T17:40:08","date_gmt":"2025-07-16T15:40:08","guid":{"rendered":"https:\/\/www.maisonschwind.lu\/product\/patron-pyjama-enfant-sacha-pochette-02-sach-ikper022p\/"},"modified":"2025-07-21T13:47:28","modified_gmt":"2025-07-21T11:47:28","slug":"patron-pyjama-enfant-sacha-pochette-02-sach-ikper022p","status":"publish","type":"product","link":"https:\/\/www.maisonschwind.lu\/fr\/produit\/patron-pyjama-enfant-sacha-pochette-02-sach-ikper022p\/","title":{"rendered":"Patron pyjama enfant SACHA pochette 02.SACH-IKPER022P"},"content":{"rendered":"\t\t<div data-elementor-type=\"wp-post\" data-elementor-id=\"54845\" class=\"elementor elementor-54845 elementor-54633\">\n\t\t\t\t\t\t\t\t\t<section class=\"elementor-section elementor-top-section elementor-element elementor-element-10749cc8 elementor-section-boxed elementor-section-height-default elementor-section-height-default\" data-id=\"10749cc8\" data-element_type=\"section\">\n\t\t\t\t\t\t<div class=\"elementor-container elementor-column-gap-default\">\n\t\t\t\t\t<div class=\"elementor-column elementor-col-100 elementor-top-column elementor-element elementor-element-3391f45a\" data-id=\"3391f45a\" data-element_type=\"column\">\n\t\t\t<div class=\"elementor-widget-wrap elementor-element-populated\">\n\t\t\t\t\t\t\t\t<div class=\"elementor-element elementor-element-241e0352 elementor-widget elementor-widget-text-editor\" data-id=\"241e0352\" data-element_type=\"widget\" data-widget_type=\"text-editor.default\">\n\t\t\t\t<div class=\"elementor-widget-container\">\n\t\t\t<style>\/*! elementor - v3.6.7 - 03-07-2022 *\/\n.elementor-widget-text-editor.elementor-drop-cap-view-stacked .elementor-drop-cap{background-color:#818a91;color:#fff}.elementor-widget-text-editor.elementor-drop-cap-view-framed .elementor-drop-cap{color:#818a91;border:3px solid;background-color:transparent}.elementor-widget-text-editor:not(.elementor-drop-cap-view-default) .elementor-drop-cap{margin-top:8px}.elementor-widget-text-editor:not(.elementor-drop-cap-view-default) .elementor-drop-cap-letter{width:1em;height:1em}.elementor-widget-text-editor .elementor-drop-cap{float:left;text-align:center;line-height:1;font-size:50px}.elementor-widget-text-editor .elementor-drop-cap-letter{display:inline-block}<\/style>\t\t\t\t<p>Sacha est un patron de pyjama, mixte, pour enfant. Le haut avec des manches attenantes au corps est \u00e0 r\u00e9aliser en maille. Le bas peut se coudre au choix en maille ou en tissu chaine et trame. Le mod\u00e8le se d\u00e9cline en version courte ou longue. L\u2019\u00e9lastique \u00e0 la taille permet un enfilage simple et rapide. Les poignets et bas de pantalon seront \u00e0 r\u00e9aliser avec un bord-c\u00f4te.<br \/><strong>Un pyjama simple \u00e0 r\u00e9aliser et ultra confortable.<\/strong><\/p><p>Disponible du 3 au 12 ans.\u00a0<\/p>\t\t\t\t\t\t<\/div>\n\t\t\t\t<\/div>\n\t\t\t\t\t<\/div>\n\t\t<\/div>\n\t\t\t\t\t\t\t<\/div>\n\t\t<\/section>\n\t\t\t\t\t\t\t<\/div>\n\t\t","protected":false},"excerpt":{"rendered":"<p>Chez Ikatee, nous sommes passionn\u00e9s par la couture et nous adorons partager nos cr\u00e9ations, nos astuces et nos coups de c\u0153ur pour vous inspirer \u00e0 cr\u00e9er toujours plus. Nous proposons des patrons de couture intuitifs, complets, d\u00e9taill\u00e9s, et surtout : accessibles \u00e0 tous !<\/p>\n","protected":false},"featured_media":54641,"comment_status":"closed","ping_status":"closed","template":"","meta":[],"product_cat":[1556],"product_tag":[],"aioseo_notices":[],"_links":{"self":[{"href":"https:\/\/www.maisonschwind.lu\/fr\/wp-json\/wp\/v2\/product\/54845"}],"collection":[{"href":"https:\/\/www.maisonschwind.lu\/fr\/wp-json\/wp\/v2\/product"}],"about":[{"href":"https:\/\/www.maisonschwind.lu\/fr\/wp-json\/wp\/v2\/types\/product"}],"replies":[{"embeddable":true,"href":"https:\/\/www.maisonschwind.lu\/fr\/wp-json\/wp\/v2\/comments?post=54845"}],"version-history":[{"count":2,"href":"https:\/\/www.maisonschwind.lu\/fr\/wp-json\/wp\/v2\/product\/54845\/revisions"}],"predecessor-version":[{"id":54852,"href":"https:\/\/www.maisonschwind.lu\/fr\/wp-json\/wp\/v2\/product\/54845\/revisions\/54852"}],"wp:featuredmedia":[{"embeddable":true,"href":"https:\/\/www.maisonschwind.lu\/fr\/wp-json\/wp\/v2\/media\/54641"}],"wp:attachment":[{"href":"https:\/\/www.maisonschwind.lu\/fr\/wp-json\/wp\/v2\/media?parent=54845"}],"wp:term":[{"taxonomy":"product_cat","embeddable":true,"href":"https:\/\/www.maisonschwind.lu\/fr\/wp-json\/wp\/v2\/product_cat?post=54845"},{"taxonomy":"product_tag","embeddable":true,"href":"https:\/\/www.maisonschwind.lu\/fr\/wp-json\/wp\/v2\/product_tag?post=54845"}],"curies":[{"name":"wp","href":"https:\/\/api.w.org\/{rel}","templated":true}]}}