{"id":55285,"date":"2025-07-23T13:05:52","date_gmt":"2025-07-23T11:05:52","guid":{"rendered":"https:\/\/www.maisonschwind.lu\/product\/etiquettes-tissees-assortiment-funny\/"},"modified":"2025-07-23T20:30:40","modified_gmt":"2025-07-23T18:30:40","slug":"etiquettes-tissees-assortiment-funny","status":"publish","type":"product","link":"https:\/\/www.maisonschwind.lu\/fr\/produit\/etiquettes-tissees-assortiment-funny\/","title":{"rendered":"Etiquettes tiss\u00e9es &#8211; Assortiment &#8220;Funny&#8221;"},"content":{"rendered":"\t\t<div data-elementor-type=\"wp-post\" data-elementor-id=\"55285\" class=\"elementor elementor-55285 elementor-55043\">\n\t\t\t\t\t\t\t\t\t<section class=\"elementor-section elementor-top-section elementor-element elementor-element-10749cc8 elementor-section-boxed elementor-section-height-default elementor-section-height-default\" data-id=\"10749cc8\" data-element_type=\"section\">\n\t\t\t\t\t\t<div class=\"elementor-container elementor-column-gap-default\">\n\t\t\t\t\t<div class=\"elementor-column elementor-col-100 elementor-top-column elementor-element elementor-element-3391f45a\" data-id=\"3391f45a\" data-element_type=\"column\">\n\t\t\t<div class=\"elementor-widget-wrap elementor-element-populated\">\n\t\t\t\t\t\t\t\t<div class=\"elementor-element elementor-element-241e0352 elementor-widget elementor-widget-text-editor\" data-id=\"241e0352\" data-element_type=\"widget\" data-widget_type=\"text-editor.default\">\n\t\t\t\t<div class=\"elementor-widget-container\">\n\t\t\t<style>\/*! elementor - v3.6.7 - 03-07-2022 *\/\n.elementor-widget-text-editor.elementor-drop-cap-view-stacked .elementor-drop-cap{background-color:#818a91;color:#fff}.elementor-widget-text-editor.elementor-drop-cap-view-framed .elementor-drop-cap{color:#818a91;border:3px solid;background-color:transparent}.elementor-widget-text-editor:not(.elementor-drop-cap-view-default) .elementor-drop-cap{margin-top:8px}.elementor-widget-text-editor:not(.elementor-drop-cap-view-default) .elementor-drop-cap-letter{width:1em;height:1em}.elementor-widget-text-editor .elementor-drop-cap{float:left;text-align:center;line-height:1;font-size:50px}.elementor-widget-text-editor .elementor-drop-cap-letter{display:inline-block}<\/style>\t\t\t\t<p>\u00a0Les \u00e9tiquettes tiss\u00e9es vous permettent d&#8217;apporter une touche finale parfaite pour terminer vos cr\u00e9ations, cacher une tache ou un trou, ou encore d\u00e9terminer le devant et le dos d\u2019un v\u00eatement !\u00a0<strong>De tr\u00e8s belle qualit\u00e9, ces \u00e9tiquettes deviendront vite un indispensable de votre n\u00e9cessaire de couture.<\/strong><\/p><p>Toutes les \u00e9tiquettes sont\u00a0pr\u00e9-pli\u00e9es\u00a0sur les deux extr\u00e9mit\u00e9s afin de faciliter la couture et garantir une finition propre.<br \/>Elles ne s\u2019effilochent pas.<\/p><ul><li>1 \u00e9tiquette \u00ab Bigo\u00fbt \u00bb 3,8 x 2,4 cm<\/li><li>1 \u00e9tiquette \u00ab Dolce Vita \u00bb 4,4 x 3 cm<\/li><li>1 \u00e9tiquette \u00ab Keep cool \u00a0\u00bb \u00a03,1 x 3,8 cm<\/li><li>1 \u00e9tiquette \u00ab Mon chou \u00bb 5,3 x 2,2 cm<\/li><li>1 \u00e9tiquette \u00ab Today is a good day \u00bb 3,3 x 3,3 cm\u00a0<\/li><\/ul>\t\t\t\t\t\t<\/div>\n\t\t\t\t<\/div>\n\t\t\t\t\t<\/div>\n\t\t<\/div>\n\t\t\t\t\t\t\t<\/div>\n\t\t<\/section>\n\t\t\t\t\t\t\t<\/div>\n\t\t","protected":false},"excerpt":{"rendered":"<p>Ikatee vous propose une collection d\u2019\u00e9tiquettes tiss\u00e9es uniques et exclusives.<\/p>\n<p><strong>Composition :<\/strong>\u00a0100 % polyester, certifi\u00e9 OEKO-TEX\u00ae Standard 100<\/p>\n","protected":false},"featured_media":55051,"comment_status":"closed","ping_status":"closed","template":"","meta":[],"product_cat":[1426],"product_tag":[],"aioseo_notices":[],"_links":{"self":[{"href":"https:\/\/www.maisonschwind.lu\/fr\/wp-json\/wp\/v2\/product\/55285"}],"collection":[{"href":"https:\/\/www.maisonschwind.lu\/fr\/wp-json\/wp\/v2\/product"}],"about":[{"href":"https:\/\/www.maisonschwind.lu\/fr\/wp-json\/wp\/v2\/types\/product"}],"replies":[{"embeddable":true,"href":"https:\/\/www.maisonschwind.lu\/fr\/wp-json\/wp\/v2\/comments?post=55285"}],"version-history":[{"count":2,"href":"https:\/\/www.maisonschwind.lu\/fr\/wp-json\/wp\/v2\/product\/55285\/revisions"}],"predecessor-version":[{"id":55292,"href":"https:\/\/www.maisonschwind.lu\/fr\/wp-json\/wp\/v2\/product\/55285\/revisions\/55292"}],"wp:featuredmedia":[{"embeddable":true,"href":"https:\/\/www.maisonschwind.lu\/fr\/wp-json\/wp\/v2\/media\/55051"}],"wp:attachment":[{"href":"https:\/\/www.maisonschwind.lu\/fr\/wp-json\/wp\/v2\/media?parent=55285"}],"wp:term":[{"taxonomy":"product_cat","embeddable":true,"href":"https:\/\/www.maisonschwind.lu\/fr\/wp-json\/wp\/v2\/product_cat?post=55285"},{"taxonomy":"product_tag","embeddable":true,"href":"https:\/\/www.maisonschwind.lu\/fr\/wp-json\/wp\/v2\/product_tag?post=55285"}],"curies":[{"name":"wp","href":"https:\/\/api.w.org\/{rel}","templated":true}]}}