{"id":55629,"date":"2025-07-30T11:55:57","date_gmt":"2025-07-30T09:55:57","guid":{"rendered":"https:\/\/www.maisonschwind.lu\/product\/laine-chaussette-mer-des-caraibes-010-75-418\/"},"modified":"2025-07-31T20:20:26","modified_gmt":"2025-07-31T18:20:26","slug":"laine-chaussette-mer-des-caraibes-010-75-418","status":"publish","type":"product","link":"https:\/\/www.maisonschwind.lu\/fr\/produit\/laine-chaussette-mer-des-caraibes-010-75-418\/","title":{"rendered":"Laine chaussette mer des Cara\u00efbes 010.75.418"},"content":{"rendered":"\t\t<div data-elementor-type=\"wp-post\" data-elementor-id=\"55629\" class=\"elementor elementor-55629 elementor-55491\">\n\t\t\t\t\t\t\t\t\t<section class=\"elementor-section elementor-top-section elementor-element elementor-element-10749cc8 elementor-section-boxed elementor-section-height-default elementor-section-height-default\" data-id=\"10749cc8\" data-element_type=\"section\">\n\t\t\t\t\t\t<div class=\"elementor-container elementor-column-gap-default\">\n\t\t\t\t\t<div class=\"elementor-column elementor-col-100 elementor-top-column elementor-element elementor-element-3391f45a\" data-id=\"3391f45a\" data-element_type=\"column\">\n\t\t\t<div class=\"elementor-widget-wrap elementor-element-populated\">\n\t\t\t\t\t\t\t\t<div class=\"elementor-element elementor-element-241e0352 elementor-widget elementor-widget-text-editor\" data-id=\"241e0352\" data-element_type=\"widget\" data-widget_type=\"text-editor.default\">\n\t\t\t\t<div class=\"elementor-widget-container\">\n\t\t\t<style>\/*! elementor - v3.6.7 - 03-07-2022 *\/\n.elementor-widget-text-editor.elementor-drop-cap-view-stacked .elementor-drop-cap{background-color:#818a91;color:#fff}.elementor-widget-text-editor.elementor-drop-cap-view-framed .elementor-drop-cap{color:#818a91;border:3px solid;background-color:transparent}.elementor-widget-text-editor:not(.elementor-drop-cap-view-default) .elementor-drop-cap{margin-top:8px}.elementor-widget-text-editor:not(.elementor-drop-cap-view-default) .elementor-drop-cap-letter{width:1em;height:1em}.elementor-widget-text-editor .elementor-drop-cap{float:left;text-align:center;line-height:1;font-size:50px}.elementor-widget-text-editor .elementor-drop-cap-letter{display:inline-block}<\/style>\t\t\t\t<p>Durable Soqs est le fil \u00e0 chaussettes bien connu et souvent utilis\u00e9. Sa composition de 75 % de laine &#8220;superwash&#8221; et de 25 % de polyamide en fait un fil solide avec d&#8217;excellentes propri\u00e9t\u00e9s de port. Le fil est doux au toucher, mais il est solide et durable.<\/p><p>La palette de couleurs\u00a0 rend le fil id\u00e9al pour de nombreux projets cr\u00e9atifs au-del\u00e0 des simples chaussettes. Un pelote de 50 grammes contient 210 m\u00e8tres et la taille d&#8217;aiguille recommand\u00e9e est de 2,5 \u00e0 3,0 mm. Deux pelotes suffisent pour une paire de chaussettes, ou combinez les diff\u00e9rentes couleurs pour un pull, un coussin ou un jouet en peluche. Ce fil r\u00e9sistant peut \u00eatre utilis\u00e9 de nombreuses fa\u00e7ons.\u00a0<\/p><p><img loading=\"lazy\" class=\"size-full wp-image-55486 aligncenter\" src=\"https:\/\/www.maisonschwind.lu\/shop\/wp-content\/uploads\/2025\/07\/thumbnail_2025_07_30-11_44-Office-Lens-1.jpg\" alt=\"\" width=\"200\" height=\"176\" \/><\/p>\t\t\t\t\t\t<\/div>\n\t\t\t\t<\/div>\n\t\t\t\t\t<\/div>\n\t\t<\/div>\n\t\t\t\t\t\t\t<\/div>\n\t\t<\/section>\n\t\t\t\t\t\t\t<\/div>\n\t\t","protected":false},"excerpt":{"rendered":"<p>Marque Durable Soqs<\/p>\n<p>50gr-210m<\/p>\n<p>75% laine 25% polyamide<\/p>\n<p>Aiguille 2,5-3mm<\/p>\n","protected":false},"featured_media":55469,"comment_status":"closed","ping_status":"closed","template":"","meta":[],"product_cat":[1428,1424],"product_tag":[],"aioseo_notices":[],"_links":{"self":[{"href":"https:\/\/www.maisonschwind.lu\/fr\/wp-json\/wp\/v2\/product\/55629"}],"collection":[{"href":"https:\/\/www.maisonschwind.lu\/fr\/wp-json\/wp\/v2\/product"}],"about":[{"href":"https:\/\/www.maisonschwind.lu\/fr\/wp-json\/wp\/v2\/types\/product"}],"replies":[{"embeddable":true,"href":"https:\/\/www.maisonschwind.lu\/fr\/wp-json\/wp\/v2\/comments?post=55629"}],"version-history":[{"count":2,"href":"https:\/\/www.maisonschwind.lu\/fr\/wp-json\/wp\/v2\/product\/55629\/revisions"}],"predecessor-version":[{"id":55636,"href":"https:\/\/www.maisonschwind.lu\/fr\/wp-json\/wp\/v2\/product\/55629\/revisions\/55636"}],"wp:featuredmedia":[{"embeddable":true,"href":"https:\/\/www.maisonschwind.lu\/fr\/wp-json\/wp\/v2\/media\/55469"}],"wp:attachment":[{"href":"https:\/\/www.maisonschwind.lu\/fr\/wp-json\/wp\/v2\/media?parent=55629"}],"wp:term":[{"taxonomy":"product_cat","embeddable":true,"href":"https:\/\/www.maisonschwind.lu\/fr\/wp-json\/wp\/v2\/product_cat?post=55629"},{"taxonomy":"product_tag","embeddable":true,"href":"https:\/\/www.maisonschwind.lu\/fr\/wp-json\/wp\/v2\/product_tag?post=55629"}],"curies":[{"name":"wp","href":"https:\/\/api.w.org\/{rel}","templated":true}]}}