{"id":55803,"date":"2025-08-01T12:42:00","date_gmt":"2025-08-01T10:42:00","guid":{"rendered":"https:\/\/www.maisonschwind.lu\/product\/babylock-aspire\/"},"modified":"2025-08-02T20:49:21","modified_gmt":"2025-08-02T18:49:21","slug":"babylock-aspire","status":"publish","type":"product","link":"https:\/\/www.maisonschwind.lu\/fr\/produit\/babylock-aspire\/","title":{"rendered":"Babylock Aspire"},"content":{"rendered":"\t\t<div data-elementor-type=\"wp-post\" data-elementor-id=\"55803\" class=\"elementor elementor-55803 elementor-55770\">\n\t\t\t\t\t\t\t\t\t<section class=\"elementor-section elementor-top-section elementor-element elementor-element-10749cc8 elementor-section-boxed elementor-section-height-default elementor-section-height-default\" data-id=\"10749cc8\" data-element_type=\"section\">\n\t\t\t\t\t\t<div class=\"elementor-container elementor-column-gap-default\">\n\t\t\t\t\t<div class=\"elementor-column elementor-col-100 elementor-top-column elementor-element elementor-element-3391f45a\" data-id=\"3391f45a\" data-element_type=\"column\">\n\t\t\t<div class=\"elementor-widget-wrap elementor-element-populated\">\n\t\t\t\t\t\t\t\t<div class=\"elementor-element elementor-element-241e0352 elementor-widget elementor-widget-text-editor\" data-id=\"241e0352\" data-element_type=\"widget\" data-widget_type=\"text-editor.default\">\n\t\t\t\t<div class=\"elementor-widget-container\">\n\t\t\t<style>\/*! elementor - v3.6.7 - 03-07-2022 *\/\n.elementor-widget-text-editor.elementor-drop-cap-view-stacked .elementor-drop-cap{background-color:#818a91;color:#fff}.elementor-widget-text-editor.elementor-drop-cap-view-framed .elementor-drop-cap{color:#818a91;border:3px solid;background-color:transparent}.elementor-widget-text-editor:not(.elementor-drop-cap-view-default) .elementor-drop-cap{margin-top:8px}.elementor-widget-text-editor:not(.elementor-drop-cap-view-default) .elementor-drop-cap-letter{width:1em;height:1em}.elementor-widget-text-editor .elementor-drop-cap{float:left;text-align:center;line-height:1;font-size:50px}.elementor-widget-text-editor .elementor-drop-cap-letter{display:inline-block}<\/style>\t\t\t\t<ul><li><span lang=\"fr\">Bac r\u00e9cup\u00e9rateur de chutes inclus<\/span><\/li><li><span lang=\"fr\">Genouill\u00e8re<\/span><\/li><li><span lang=\"fr\">Releveur de pied de biche lat\u00e9ral<\/span><\/li><li>2 \u00e0 5 fils, extensible \u00e0 8 en option<\/li><li>5 aiguilles<\/li><\/ul>\t\t\t\t\t\t<\/div>\n\t\t\t\t<\/div>\n\t\t\t\t\t<\/div>\n\t\t<\/div>\n\t\t\t\t\t\t\t<\/div>\n\t\t<\/section>\n\t\t\t\t\t\t\t<\/div>\n\t\t","protected":false},"excerpt":{"rendered":"<p><span data-olk-copy-source=\"MessageBody\"><strong>Aspire<\/strong>, le nouveau mod\u00e8le est d\u00e9j\u00e0 victime de son succ\u00e8s, gr\u00e2ce \u00e0 la <strong>pr\u00e9-commande<\/strong> vous obtiendrez cette Babylock dans les <strong>meilleurs d\u00e9lais<\/strong>.<\/span><\/p>\n<p>Surjeteuse et recouvreuse combin\u00e9e<\/p>\n<p>Enfilage \u00e0 air des boucleurs de surjet et de recouvrement<\/p>\n<p>Syst\u00e8me de tensions automatiques brevet\u00e9<\/p>\n<p><a href=\"https:\/\/babylock.fr\/app\/uploads\/2025\/03\/FR_babylock_aspire.pdf\" target=\"_blank\" rel=\"noopener\"><img loading=\"lazy\" class=\"alignnone wp-image-17938 size-full\" src=\"https:\/\/www.maisonschwind.lu\/shop\/wp-content\/uploads\/2022\/09\/pdf-brochure-fr-3.png\" alt=\"\" width=\"150\" height=\"60\" \/><\/a><\/p>\n","protected":false},"featured_media":55786,"comment_status":"closed","ping_status":"closed","template":"","meta":[],"product_cat":[1377,1473],"product_tag":[1528],"aioseo_notices":[],"_links":{"self":[{"href":"https:\/\/www.maisonschwind.lu\/fr\/wp-json\/wp\/v2\/product\/55803"}],"collection":[{"href":"https:\/\/www.maisonschwind.lu\/fr\/wp-json\/wp\/v2\/product"}],"about":[{"href":"https:\/\/www.maisonschwind.lu\/fr\/wp-json\/wp\/v2\/types\/product"}],"replies":[{"embeddable":true,"href":"https:\/\/www.maisonschwind.lu\/fr\/wp-json\/wp\/v2\/comments?post=55803"}],"version-history":[{"count":7,"href":"https:\/\/www.maisonschwind.lu\/fr\/wp-json\/wp\/v2\/product\/55803\/revisions"}],"predecessor-version":[{"id":55820,"href":"https:\/\/www.maisonschwind.lu\/fr\/wp-json\/wp\/v2\/product\/55803\/revisions\/55820"}],"wp:featuredmedia":[{"embeddable":true,"href":"https:\/\/www.maisonschwind.lu\/fr\/wp-json\/wp\/v2\/media\/55786"}],"wp:attachment":[{"href":"https:\/\/www.maisonschwind.lu\/fr\/wp-json\/wp\/v2\/media?parent=55803"}],"wp:term":[{"taxonomy":"product_cat","embeddable":true,"href":"https:\/\/www.maisonschwind.lu\/fr\/wp-json\/wp\/v2\/product_cat?post=55803"},{"taxonomy":"product_tag","embeddable":true,"href":"https:\/\/www.maisonschwind.lu\/fr\/wp-json\/wp\/v2\/product_tag?post=55803"}],"curies":[{"name":"wp","href":"https:\/\/api.w.org\/{rel}","templated":true}]}}