{"id":55901,"date":"2025-07-30T17:03:35","date_gmt":"2025-07-30T15:03:35","guid":{"rendered":"https:\/\/www.maisonschwind.lu\/product\/aimant-a-epingles-chat-pry610274\/"},"modified":"2025-08-05T14:57:15","modified_gmt":"2025-08-05T12:57:15","slug":"aimant-a-epingles-chat-pry610274","status":"publish","type":"product","link":"https:\/\/www.maisonschwind.lu\/fr\/produit\/aimant-a-epingles-chat-pry610274\/","title":{"rendered":"Aimant \u00e0 \u00e9pingles Chat PRY610274"},"content":{"rendered":"\t\t<div data-elementor-type=\"wp-post\" data-elementor-id=\"55901\" class=\"elementor elementor-55901 elementor-55605\">\n\t\t\t\t\t\t\t\t\t<section class=\"elementor-section elementor-top-section elementor-element elementor-element-10749cc8 elementor-section-boxed elementor-section-height-default elementor-section-height-default\" data-id=\"10749cc8\" data-element_type=\"section\">\n\t\t\t\t\t\t<div class=\"elementor-container elementor-column-gap-default\">\n\t\t\t\t\t<div class=\"elementor-column elementor-col-100 elementor-top-column elementor-element elementor-element-3391f45a\" data-id=\"3391f45a\" data-element_type=\"column\">\n\t\t\t<div class=\"elementor-widget-wrap elementor-element-populated\">\n\t\t\t\t\t\t\t\t<div class=\"elementor-element elementor-element-241e0352 elementor-widget elementor-widget-text-editor\" data-id=\"241e0352\" data-element_type=\"widget\" data-widget_type=\"text-editor.default\">\n\t\t\t\t<div class=\"elementor-widget-container\">\n\t\t\t<style>\/*! elementor - v3.6.7 - 03-07-2022 *\/\n.elementor-widget-text-editor.elementor-drop-cap-view-stacked .elementor-drop-cap{background-color:#818a91;color:#fff}.elementor-widget-text-editor.elementor-drop-cap-view-framed .elementor-drop-cap{color:#818a91;border:3px solid;background-color:transparent}.elementor-widget-text-editor:not(.elementor-drop-cap-view-default) .elementor-drop-cap{margin-top:8px}.elementor-widget-text-editor:not(.elementor-drop-cap-view-default) .elementor-drop-cap-letter{width:1em;height:1em}.elementor-widget-text-editor .elementor-drop-cap{float:left;text-align:center;line-height:1;font-size:50px}.elementor-widget-text-editor .elementor-drop-cap-letter{display:inline-block}<\/style>\t\t\t\t<p>L\u2019aimant \u00e0 \u00e9pingles n\u2019est pas seulement destin\u00e9 aux fans de chats, mais est un plus pour le travail de couture : pratique, il peut \u00eatre directement plac\u00e9 sur la machine \u00e0 coudre ou sur toute autre surface lisse et propre. La ventouse en plastique robuste et transparente peut \u00eatre facilement retir\u00e9e au moyen d\u2019une petite languette. Pour une prise rapide, l\u2019aimant \u00e0 \u00e9pingles avec sa surface en acier inoxydable bross\u00e9 offre suffisamment d\u2019espace pour toutes les aiguilles \u00e0 coudre et \u00e9pingles lors des travaux de couture, de broderie ou de patchwork.\u00a0<\/p>\t\t\t\t\t\t<\/div>\n\t\t\t\t<\/div>\n\t\t\t\t\t<\/div>\n\t\t<\/div>\n\t\t\t\t\t\t\t<\/div>\n\t\t<\/section>\n\t\t\t\t\t\t\t<\/div>\n\t\t","protected":false},"excerpt":{"rendered":"<p>Aimant \u00e0 \u00e9pingles Chat| Dimensions:\u00a0<span class=\"product-variant-characteristics-option\">45 mm x 45 mm x 25 mm\u00a0<\/span><\/p>\n<div class=\"cms-element-buy-box\" data-buy-box=\"true\" data-buy-box-options=\"{&quot;elementId&quot;:&quot;0194ffd12e7979b399a935566a3ae0c9&quot;}\">\n<div class=\"product-detail-buy-0194ffd12e7979b399a935566a3ae0c9 js-magnifier-zoom-image-container\">\n<div><\/div>\n<\/div>\n<\/div>\n<div class=\"row product-detail-headline\">\n<div class=\"col-12 product-heading-name-container\" data-cms-element-id=\"0194ffd12e7979b399a93554598f11fd\">\n<div class=\"cms-element-product-name\">\n<ul>\n<li class=\"product-variant-characteristics product-detail-variant-characteristics\">Couleur \/ Surface:\u00a0<span class=\"product-variant-characteristics-option\">argent bross\u00e9\/violet\u00a0<\/span><\/li>\n<li class=\"product-variant-characteristics product-detail-variant-characteristics\">Ventouse pratique en plastique transparent<\/li>\n<li class=\"product-variant-characteristics product-detail-variant-characteristics\">Surface en acier inoxydable bross\u00e9<\/li>\n<li class=\"product-variant-characteristics product-detail-variant-characteristics\">Id\u00e9al pour tous les travaux sur la machine \u00e0 coudre<\/li>\n<\/ul>\n<\/div>\n<\/div>\n<\/div>\n<div class=\"cms-element-buy-box\" data-buy-box=\"true\" data-buy-box-options=\"{&quot;elementId&quot;:&quot;0194ffd12e7979b399a935566a3ae0c9&quot;}\">\n<div class=\"product-detail-buy-0194ffd12e7979b399a935566a3ae0c9 js-magnifier-zoom-image-container\"><\/div>\n<\/div>\n","protected":false},"featured_media":55607,"comment_status":"closed","ping_status":"closed","template":"","meta":[],"product_cat":[1420,1398],"product_tag":[],"aioseo_notices":[],"_links":{"self":[{"href":"https:\/\/www.maisonschwind.lu\/fr\/wp-json\/wp\/v2\/product\/55901"}],"collection":[{"href":"https:\/\/www.maisonschwind.lu\/fr\/wp-json\/wp\/v2\/product"}],"about":[{"href":"https:\/\/www.maisonschwind.lu\/fr\/wp-json\/wp\/v2\/types\/product"}],"replies":[{"embeddable":true,"href":"https:\/\/www.maisonschwind.lu\/fr\/wp-json\/wp\/v2\/comments?post=55901"}],"version-history":[{"count":2,"href":"https:\/\/www.maisonschwind.lu\/fr\/wp-json\/wp\/v2\/product\/55901\/revisions"}],"predecessor-version":[{"id":55908,"href":"https:\/\/www.maisonschwind.lu\/fr\/wp-json\/wp\/v2\/product\/55901\/revisions\/55908"}],"wp:featuredmedia":[{"embeddable":true,"href":"https:\/\/www.maisonschwind.lu\/fr\/wp-json\/wp\/v2\/media\/55607"}],"wp:attachment":[{"href":"https:\/\/www.maisonschwind.lu\/fr\/wp-json\/wp\/v2\/media?parent=55901"}],"wp:term":[{"taxonomy":"product_cat","embeddable":true,"href":"https:\/\/www.maisonschwind.lu\/fr\/wp-json\/wp\/v2\/product_cat?post=55901"},{"taxonomy":"product_tag","embeddable":true,"href":"https:\/\/www.maisonschwind.lu\/fr\/wp-json\/wp\/v2\/product_tag?post=55901"}],"curies":[{"name":"wp","href":"https:\/\/api.w.org\/{rel}","templated":true}]}}