{"id":56363,"date":"2025-08-13T14:22:51","date_gmt":"2025-08-13T12:22:51","guid":{"rendered":"https:\/\/www.maisonschwind.lu\/product\/jersey-corn-poppy-26919-11\/"},"modified":"2025-08-13T17:57:53","modified_gmt":"2025-08-13T15:57:53","slug":"jersey-corn-poppy-26919-11","status":"publish","type":"product","link":"https:\/\/www.maisonschwind.lu\/fr\/produit\/jersey-corn-poppy-26919-11\/","title":{"rendered":"Jersey &#8220;Corn poppy&#8221; 26919-11"},"content":{"rendered":"\t\t<div data-elementor-type=\"wp-post\" data-elementor-id=\"56363\" class=\"elementor elementor-56363 elementor-56071\">\n\t\t\t\t\t\t\t\t\t<section class=\"elementor-section elementor-top-section elementor-element elementor-element-10749cc8 elementor-section-boxed elementor-section-height-default elementor-section-height-default\" data-id=\"10749cc8\" data-element_type=\"section\">\n\t\t\t\t\t\t<div class=\"elementor-container elementor-column-gap-default\">\n\t\t\t\t\t<div class=\"elementor-column elementor-col-100 elementor-top-column elementor-element elementor-element-3391f45a\" data-id=\"3391f45a\" data-element_type=\"column\">\n\t\t\t<div class=\"elementor-widget-wrap elementor-element-populated\">\n\t\t\t\t\t\t\t\t<div class=\"elementor-element elementor-element-241e0352 elementor-widget elementor-widget-text-editor\" data-id=\"241e0352\" data-element_type=\"widget\" data-widget_type=\"text-editor.default\">\n\t\t\t\t<div class=\"elementor-widget-container\">\n\t\t\t<style>\/*! elementor - v3.6.7 - 03-07-2022 *\/\n.elementor-widget-text-editor.elementor-drop-cap-view-stacked .elementor-drop-cap{background-color:#818a91;color:#fff}.elementor-widget-text-editor.elementor-drop-cap-view-framed .elementor-drop-cap{color:#818a91;border:3px solid;background-color:transparent}.elementor-widget-text-editor:not(.elementor-drop-cap-view-default) .elementor-drop-cap{margin-top:8px}.elementor-widget-text-editor:not(.elementor-drop-cap-view-default) .elementor-drop-cap-letter{width:1em;height:1em}.elementor-widget-text-editor .elementor-drop-cap{float:left;text-align:center;line-height:1;font-size:50px}.elementor-widget-text-editor .elementor-drop-cap-letter{display:inline-block}<\/style>\t\t\t\t<p><strong>Finition :<\/strong> Structure douce au toucher et drap\u00e9e<\/p><p><strong>M\u00e9thode d&#8217;impression :<\/strong> Impression num\u00e9rique haute r\u00e9solution<\/p><p><strong>Applications recommand\u00e9es : <\/strong>Id\u00e9al pour les robes imprim\u00e9es, les hauts, les tuniques et les panneaux cr\u00e9atifs. Convient \u00e9galement aux v\u00eatements d&#8217;int\u00e9rieur \u00e9l\u00e9gants, \u00e0 la mode enfantine et aux pi\u00e8ces \u00e0 superposer pour les jours plus froids. Son \u00e9lasticit\u00e9 et sa respirabilit\u00e9 le rendent parfait pour le confort et l&#8217;esth\u00e9tique.\u00a0<\/p><p><img loading=\"lazy\" class=\"size-medium wp-image-56026 aligncenter\" src=\"https:\/\/www.maisonschwind.lu\/shop\/wp-content\/uploads\/2025\/08\/Etiquette-lavage-gros-tricot-1-300x70.jpg\" alt=\"\" width=\"300\" height=\"70\" srcset=\"https:\/\/www.maisonschwind.lu\/shop\/wp-content\/uploads\/2025\/08\/Etiquette-lavage-gros-tricot-1-300x70.jpg 300w, https:\/\/www.maisonschwind.lu\/shop\/wp-content\/uploads\/2025\/08\/Etiquette-lavage-gros-tricot-1.jpg 344w\" sizes=\"(max-width: 300px) 100vw, 300px\" \/><\/p><p><img loading=\"lazy\" class=\"size-medium wp-image-56028 aligncenter\" src=\"https:\/\/www.maisonschwind.lu\/shop\/wp-content\/uploads\/2025\/08\/oekoTex-300x171.jpg\" alt=\"\" width=\"300\" height=\"171\" srcset=\"https:\/\/www.maisonschwind.lu\/shop\/wp-content\/uploads\/2025\/08\/oekoTex-300x171.jpg 300w, https:\/\/www.maisonschwind.lu\/shop\/wp-content\/uploads\/2025\/08\/oekoTex.jpg 540w\" sizes=\"(max-width: 300px) 100vw, 300px\" \/><\/p>\t\t\t\t\t\t<\/div>\n\t\t\t\t<\/div>\n\t\t\t\t\t<\/div>\n\t\t<\/div>\n\t\t\t\t\t\t\t<\/div>\n\t\t<\/section>\n\t\t\t\t\t\t\t<\/div>\n\t\t","protected":false},"excerpt":{"rendered":"<p>Corn Poppy\u00a0est un r\u00eave m\u00ealant l\u2019\u00e9l\u00e9gance champ\u00eatre au rythme urbain. Le rouge d\u00e9licat du coquelicot incarne la sinc\u00e9rit\u00e9 et la libert\u00e9.<\/p>\n<p>95% coton 5% \u00e9lasthanne<\/p>\n<p>215gr<\/p>\n<p>Largeur 150 cm<\/p>\n<p>Quantit\u00e9 1 = 10 cm<\/p>\n","protected":false},"featured_media":56101,"comment_status":"closed","ping_status":"closed","template":"","meta":[],"product_cat":[1560,1448],"product_tag":[],"aioseo_notices":[],"_links":{"self":[{"href":"https:\/\/www.maisonschwind.lu\/fr\/wp-json\/wp\/v2\/product\/56363"}],"collection":[{"href":"https:\/\/www.maisonschwind.lu\/fr\/wp-json\/wp\/v2\/product"}],"about":[{"href":"https:\/\/www.maisonschwind.lu\/fr\/wp-json\/wp\/v2\/types\/product"}],"replies":[{"embeddable":true,"href":"https:\/\/www.maisonschwind.lu\/fr\/wp-json\/wp\/v2\/comments?post=56363"}],"version-history":[{"count":2,"href":"https:\/\/www.maisonschwind.lu\/fr\/wp-json\/wp\/v2\/product\/56363\/revisions"}],"predecessor-version":[{"id":56369,"href":"https:\/\/www.maisonschwind.lu\/fr\/wp-json\/wp\/v2\/product\/56363\/revisions\/56369"}],"wp:featuredmedia":[{"embeddable":true,"href":"https:\/\/www.maisonschwind.lu\/fr\/wp-json\/wp\/v2\/media\/56101"}],"wp:attachment":[{"href":"https:\/\/www.maisonschwind.lu\/fr\/wp-json\/wp\/v2\/media?parent=56363"}],"wp:term":[{"taxonomy":"product_cat","embeddable":true,"href":"https:\/\/www.maisonschwind.lu\/fr\/wp-json\/wp\/v2\/product_cat?post=56363"},{"taxonomy":"product_tag","embeddable":true,"href":"https:\/\/www.maisonschwind.lu\/fr\/wp-json\/wp\/v2\/product_tag?post=56363"}],"curies":[{"name":"wp","href":"https:\/\/api.w.org\/{rel}","templated":true}]}}