{"id":58208,"date":"2025-09-12T11:18:43","date_gmt":"2025-09-12T09:18:43","guid":{"rendered":"https:\/\/www.maisonschwind.lu\/product\/french-terry-coeur-leopard-noir-26520-20\/"},"modified":"2025-09-12T13:05:44","modified_gmt":"2025-09-12T11:05:44","slug":"french-terry-coeur-leopard-noir-26520-20","status":"publish","type":"product","link":"https:\/\/www.maisonschwind.lu\/fr\/produit\/french-terry-coeur-leopard-noir-26520-20\/","title":{"rendered":"French Terry c\u0153ur l\u00e9opard noir 26520-20"},"content":{"rendered":"\t\t<div data-elementor-type=\"wp-post\" data-elementor-id=\"58208\" class=\"elementor elementor-58208 elementor-58104\">\n\t\t\t\t\t\t\t\t\t<section class=\"elementor-section elementor-top-section elementor-element elementor-element-10749cc8 elementor-section-boxed elementor-section-height-default elementor-section-height-default\" data-id=\"10749cc8\" data-element_type=\"section\">\n\t\t\t\t\t\t<div class=\"elementor-container elementor-column-gap-default\">\n\t\t\t\t\t<div class=\"elementor-column elementor-col-100 elementor-top-column elementor-element elementor-element-3391f45a\" data-id=\"3391f45a\" data-element_type=\"column\">\n\t\t\t<div class=\"elementor-widget-wrap elementor-element-populated\">\n\t\t\t\t\t\t\t\t<div class=\"elementor-element elementor-element-241e0352 elementor-widget elementor-widget-text-editor\" data-id=\"241e0352\" data-element_type=\"widget\" data-widget_type=\"text-editor.default\">\n\t\t\t\t<div class=\"elementor-widget-container\">\n\t\t\t<style>\/*! elementor - v3.6.7 - 03-07-2022 *\/\n.elementor-widget-text-editor.elementor-drop-cap-view-stacked .elementor-drop-cap{background-color:#818a91;color:#fff}.elementor-widget-text-editor.elementor-drop-cap-view-framed .elementor-drop-cap{color:#818a91;border:3px solid;background-color:transparent}.elementor-widget-text-editor:not(.elementor-drop-cap-view-default) .elementor-drop-cap{margin-top:8px}.elementor-widget-text-editor:not(.elementor-drop-cap-view-default) .elementor-drop-cap-letter{width:1em;height:1em}.elementor-widget-text-editor .elementor-drop-cap{float:left;text-align:center;line-height:1;font-size:50px}.elementor-widget-text-editor .elementor-drop-cap-letter{display:inline-block}<\/style>\t\t\t\t<p>Restez au chaud avec style cet hiver 2025\/26 gr\u00e2ce aux tissus\u00a0 imprim\u00e9s num\u00e9riquement, dot\u00e9s d&#8217;un int\u00e9rieur bross\u00e9 pour un toucher ultra-doux et un confort thermique accru. Con\u00e7u pour une mode aussi agr\u00e9able \u00e0 porter qu&#8217;\u00e0 regarder, ce tissu allie flexibilit\u00e9, pr\u00e9cision des couleurs et confort saisonnier.<\/p><p><strong>Applications recommand\u00e9es :<\/strong><\/p><p>Id\u00e9al pour les sweatshirts, les joggers, les v\u00eatements d&#8217;int\u00e9rieur, les v\u00eatements pour enfants et les superpositions d\u00e9contract\u00e9es. L&#8217;ajout d&#8217;\u00e9lasthanne offre une extensibilit\u00e9 et une flexibilit\u00e9 douces, garantissant un confort en mouvement. Parfait pour les collections de v\u00eatements d\u00e9contract\u00e9s et actifs.<\/p><p><img loading=\"lazy\" class=\"size-medium wp-image-58050 aligncenter\" src=\"https:\/\/www.maisonschwind.lu\/shop\/wp-content\/uploads\/2025\/09\/Etiquette-lavage-gros-tricot-1-300x70.jpg\" alt=\"\" width=\"300\" height=\"70\" srcset=\"https:\/\/www.maisonschwind.lu\/shop\/wp-content\/uploads\/2025\/09\/Etiquette-lavage-gros-tricot-1-300x70.jpg 300w, https:\/\/www.maisonschwind.lu\/shop\/wp-content\/uploads\/2025\/09\/Etiquette-lavage-gros-tricot-1.jpg 344w\" sizes=\"(max-width: 300px) 100vw, 300px\" \/>\u00a0<\/p>\t\t\t\t\t\t<\/div>\n\t\t\t\t<\/div>\n\t\t\t\t\t<\/div>\n\t\t<\/div>\n\t\t\t\t\t\t\t<\/div>\n\t\t<\/section>\n\t\t\t\t\t\t\t<\/div>\n\t\t","protected":false},"excerpt":{"rendered":"<p>95% coton 5% \u00e9lasthanne<\/p>\n<p>250 gr<\/p>\n<p>Largeur 150 cm<\/p>\n<p>Quantit\u00e9 1 = 10 cm<\/p>\n","protected":false},"featured_media":58106,"comment_status":"closed","ping_status":"closed","template":"","meta":[],"product_cat":[1560,1448],"product_tag":[],"aioseo_notices":[],"_links":{"self":[{"href":"https:\/\/www.maisonschwind.lu\/fr\/wp-json\/wp\/v2\/product\/58208"}],"collection":[{"href":"https:\/\/www.maisonschwind.lu\/fr\/wp-json\/wp\/v2\/product"}],"about":[{"href":"https:\/\/www.maisonschwind.lu\/fr\/wp-json\/wp\/v2\/types\/product"}],"replies":[{"embeddable":true,"href":"https:\/\/www.maisonschwind.lu\/fr\/wp-json\/wp\/v2\/comments?post=58208"}],"version-history":[{"count":2,"href":"https:\/\/www.maisonschwind.lu\/fr\/wp-json\/wp\/v2\/product\/58208\/revisions"}],"predecessor-version":[{"id":58214,"href":"https:\/\/www.maisonschwind.lu\/fr\/wp-json\/wp\/v2\/product\/58208\/revisions\/58214"}],"wp:featuredmedia":[{"embeddable":true,"href":"https:\/\/www.maisonschwind.lu\/fr\/wp-json\/wp\/v2\/media\/58106"}],"wp:attachment":[{"href":"https:\/\/www.maisonschwind.lu\/fr\/wp-json\/wp\/v2\/media?parent=58208"}],"wp:term":[{"taxonomy":"product_cat","embeddable":true,"href":"https:\/\/www.maisonschwind.lu\/fr\/wp-json\/wp\/v2\/product_cat?post=58208"},{"taxonomy":"product_tag","embeddable":true,"href":"https:\/\/www.maisonschwind.lu\/fr\/wp-json\/wp\/v2\/product_tag?post=58208"}],"curies":[{"name":"wp","href":"https:\/\/api.w.org\/{rel}","templated":true}]}}