{"id":58703,"date":"2025-09-10T17:30:08","date_gmt":"2025-09-10T15:30:08","guid":{"rendered":"https:\/\/www.maisonschwind.lu\/product\/coton-ecovero-flowers-lavande-04251-004\/"},"modified":"2026-03-20T09:52:28","modified_gmt":"2026-03-20T08:52:28","slug":"coton-ecovero-flowers-lavande-04251-004","status":"publish","type":"product","link":"https:\/\/www.maisonschwind.lu\/fr\/produit\/coton-ecovero-flowers-lavande-04251-004\/","title":{"rendered":"Coton Ecovero flowers lavande 04251.004"},"content":{"rendered":"\t\t<div data-elementor-type=\"wp-post\" data-elementor-id=\"58703\" class=\"elementor elementor-58703 elementor-57582\">\n\t\t\t\t\t\t\t\t\t<section class=\"elementor-section elementor-top-section elementor-element elementor-element-10749cc8 elementor-section-boxed elementor-section-height-default elementor-section-height-default\" data-id=\"10749cc8\" data-element_type=\"section\">\n\t\t\t\t\t\t<div class=\"elementor-container elementor-column-gap-default\">\n\t\t\t\t\t<div class=\"elementor-column elementor-col-100 elementor-top-column elementor-element elementor-element-3391f45a\" data-id=\"3391f45a\" data-element_type=\"column\">\n\t\t\t<div class=\"elementor-widget-wrap elementor-element-populated\">\n\t\t\t\t\t\t\t\t<div class=\"elementor-element elementor-element-241e0352 elementor-widget elementor-widget-text-editor\" data-id=\"241e0352\" data-element_type=\"widget\" data-widget_type=\"text-editor.default\">\n\t\t\t\t<div class=\"elementor-widget-container\">\n\t\t\t<style>\/*! elementor - v3.6.7 - 03-07-2022 *\/\n.elementor-widget-text-editor.elementor-drop-cap-view-stacked .elementor-drop-cap{background-color:#818a91;color:#fff}.elementor-widget-text-editor.elementor-drop-cap-view-framed .elementor-drop-cap{color:#818a91;border:3px solid;background-color:transparent}.elementor-widget-text-editor:not(.elementor-drop-cap-view-default) .elementor-drop-cap{margin-top:8px}.elementor-widget-text-editor:not(.elementor-drop-cap-view-default) .elementor-drop-cap-letter{width:1em;height:1em}.elementor-widget-text-editor .elementor-drop-cap{float:left;text-align:center;line-height:1;font-size:50px}.elementor-widget-text-editor .elementor-drop-cap-letter{display:inline-block}<\/style>\t\t\t\t<p><img loading=\"lazy\" class=\"size-medium wp-image-57221 aligncenter\" src=\"https:\/\/www.maisonschwind.lu\/shop\/wp-content\/uploads\/2025\/09\/ecovero-300x114.jpg\" alt=\"\" width=\"300\" height=\"114\" srcset=\"https:\/\/www.maisonschwind.lu\/shop\/wp-content\/uploads\/2025\/09\/ecovero-300x114.jpg 300w, https:\/\/www.maisonschwind.lu\/shop\/wp-content\/uploads\/2025\/09\/ecovero.jpg 378w\" sizes=\"(max-width: 300px) 100vw, 300px\" \/><\/p><p>Sources de bois durables Les fibres de viscose ECOVERO\u2122 sont fabriqu\u00e9es \u00e0 partir de bois et de p\u00e2te provenant de for\u00eats naturellement cultiv\u00e9es, renouvelables et certifi\u00e9es en Europe, avec certification du label \u00e9cologique europ\u00e9en. Les fibres sont biod\u00e9gradables et compostables, garantissant qu&#8217;elles ne nuisent pas \u00e0 la nature et pr\u00e9servent la propret\u00e9 de nos eaux. Impact r\u00e9duit sur l&#8217;eau La production de fibres de viscose ECOVERO\u2122 utilise jusqu&#8217;\u00e0 50 % moins d&#8217;eau par rapport \u00e0 la viscose conventionnelle. Des m\u00e9thodes de blanchiment sans chlore sont employ\u00e9es, et les eaux us\u00e9es sont renvoy\u00e9es propres \u00e0 la nature apr\u00e8s le processus de production. Les d\u00e9chets issus du processus de production ne p\u00e9n\u00e8trent pas dans les \u00e9cosyst\u00e8mes naturels. \u00c9missions de CO2 r\u00e9duites La production\u00a0<\/p><p><img loading=\"lazy\" class=\"size-medium wp-image-57219 aligncenter\" src=\"https:\/\/www.maisonschwind.lu\/shop\/wp-content\/uploads\/2025\/09\/no-no-no-300x265.jpg\" alt=\"\" width=\"300\" height=\"265\" srcset=\"https:\/\/www.maisonschwind.lu\/shop\/wp-content\/uploads\/2025\/09\/no-no-no-300x265.jpg 300w, https:\/\/www.maisonschwind.lu\/shop\/wp-content\/uploads\/2025\/09\/no-no-no.jpg 311w\" sizes=\"(max-width: 300px) 100vw, 300px\" \/><\/p>\t\t\t\t\t\t<\/div>\n\t\t\t\t<\/div>\n\t\t\t\t\t<\/div>\n\t\t<\/div>\n\t\t\t\t\t\t\t<\/div>\n\t\t<\/section>\n\t\t\t\t\t\t\t<\/div>\n\t\t","protected":false},"excerpt":{"rendered":"<p>100% Ecovero<\/p>\n<p>115gr<\/p>\n<p>Largeur 138cm<\/p>\n<p>Quantit\u00e9 1 = 10cm<\/p>\n","protected":false},"featured_media":57590,"comment_status":"closed","ping_status":"closed","template":"","meta":[],"product_cat":[1450],"product_tag":[],"aioseo_notices":[],"_links":{"self":[{"href":"https:\/\/www.maisonschwind.lu\/fr\/wp-json\/wp\/v2\/product\/58703"}],"collection":[{"href":"https:\/\/www.maisonschwind.lu\/fr\/wp-json\/wp\/v2\/product"}],"about":[{"href":"https:\/\/www.maisonschwind.lu\/fr\/wp-json\/wp\/v2\/types\/product"}],"replies":[{"embeddable":true,"href":"https:\/\/www.maisonschwind.lu\/fr\/wp-json\/wp\/v2\/comments?post=58703"}],"version-history":[{"count":1,"href":"https:\/\/www.maisonschwind.lu\/fr\/wp-json\/wp\/v2\/product\/58703\/revisions"}],"predecessor-version":[{"id":58705,"href":"https:\/\/www.maisonschwind.lu\/fr\/wp-json\/wp\/v2\/product\/58703\/revisions\/58705"}],"wp:featuredmedia":[{"embeddable":true,"href":"https:\/\/www.maisonschwind.lu\/fr\/wp-json\/wp\/v2\/media\/57590"}],"wp:attachment":[{"href":"https:\/\/www.maisonschwind.lu\/fr\/wp-json\/wp\/v2\/media?parent=58703"}],"wp:term":[{"taxonomy":"product_cat","embeddable":true,"href":"https:\/\/www.maisonschwind.lu\/fr\/wp-json\/wp\/v2\/product_cat?post=58703"},{"taxonomy":"product_tag","embeddable":true,"href":"https:\/\/www.maisonschwind.lu\/fr\/wp-json\/wp\/v2\/product_tag?post=58703"}],"curies":[{"name":"wp","href":"https:\/\/api.w.org\/{rel}","templated":true}]}}