{"id":59046,"date":"2025-09-24T16:24:35","date_gmt":"2025-09-24T14:24:35","guid":{"rendered":"https:\/\/www.maisonschwind.lu\/product\/brother-inventio-nv1150\/"},"modified":"2025-10-01T15:28:04","modified_gmt":"2025-10-01T13:28:04","slug":"brother-inventio-nv1150","status":"publish","type":"product","link":"https:\/\/www.maisonschwind.lu\/fr\/produit\/brother-inventio-nv1150\/","title":{"rendered":"Brother Inventio NV1150"},"content":{"rendered":"\t\t<div data-elementor-type=\"wp-post\" data-elementor-id=\"59046\" class=\"elementor elementor-59046 elementor-58623\">\n\t\t\t\t\t\t\t\t\t<section class=\"elementor-section elementor-top-section elementor-element elementor-element-10749cc8 elementor-section-boxed elementor-section-height-default elementor-section-height-default\" data-id=\"10749cc8\" data-element_type=\"section\">\n\t\t\t\t\t\t<div class=\"elementor-container elementor-column-gap-default\">\n\t\t\t\t\t<div class=\"elementor-column elementor-col-100 elementor-top-column elementor-element elementor-element-3391f45a\" data-id=\"3391f45a\" data-element_type=\"column\">\n\t\t\t<div class=\"elementor-widget-wrap elementor-element-populated\">\n\t\t\t\t\t\t\t\t<div class=\"elementor-element elementor-element-241e0352 elementor-widget elementor-widget-text-editor\" data-id=\"241e0352\" data-element_type=\"widget\" data-widget_type=\"text-editor.default\">\n\t\t\t\t<div class=\"elementor-widget-container\">\n\t\t\t<style>\/*! elementor - v3.6.7 - 03-07-2022 *\/\n.elementor-widget-text-editor.elementor-drop-cap-view-stacked .elementor-drop-cap{background-color:#818a91;color:#fff}.elementor-widget-text-editor.elementor-drop-cap-view-framed .elementor-drop-cap{color:#818a91;border:3px solid;background-color:transparent}.elementor-widget-text-editor:not(.elementor-drop-cap-view-default) .elementor-drop-cap{margin-top:8px}.elementor-widget-text-editor:not(.elementor-drop-cap-view-default) .elementor-drop-cap-letter{width:1em;height:1em}.elementor-widget-text-editor .elementor-drop-cap{float:left;text-align:center;line-height:1;font-size:50px}.elementor-widget-text-editor .elementor-drop-cap-letter{display:inline-block}<\/style>\t\t\t\t<p><strong>Fonctions principales :<\/strong><\/p><ul class=\"tick-list\"><li>Grand espace de travail de 210 mm \u00e0 droite de l&#8217;aiguille\u00a0 \u00a0<\/li><li>140 points de couture int\u00e9gr\u00e9s, dont 10 styles de boutonni\u00e8res en une \u00e9tape\u00a0\u00a0<\/li><li>5 polices de caract\u00e8res (majuscules uniquement)\u00a0\u00a0<\/li><li>Syst\u00e8me d\u2019enfile-aiguille extra-avanc\u00e9\u00a0\u00a0<\/li><li>Commandes centrales comprenant la touche coupe-fil automatique, la touche positionnement de l&#8217;aiguille (haut\/bas), le variateur de vitesse de couture&#8230;\u00a0 \u00a0<\/li><li>Syst\u00e8me d&#8217;entra\u00eenement SFDS (Square Feed Drive System) assure un entra\u00eenement r\u00e9gulier et puissant\u00a0<\/li><li>My Custom Stitch<sup>TM<\/sup>\u00a0(Mon point de Couture Personnalis\u00e9) \u2013 Cr\u00e9ez vos propres points de couture d\u00e9coratifs\u00a0<\/li><li>Genouill\u00e8re\u00a0\u00a0<\/li><li>Capot rigide<\/li><\/ul><p><strong>Fonctions suppl\u00e9mentaires :<\/strong><\/p><ul><li>\u00c9cran LCD\u00a0<\/li><li>S\u00e9lection directe des points\u00a0<\/li><li>Variateur de vitesse\u00a0<\/li><li>Eclairage LED puissant\u00a0<\/li><li>Touche point de renfort\u00a0<\/li><li>R\u00e9glages personnalisables \u00a0<\/li><li>Abaissement des griffes d&#8217;entra\u00eenement\u00a0<\/li><li>Guide de r\u00e9f\u00e9rence des points\u00a0<\/li><li>Touche de s\u00e9lection des modes d&#8217;aiguille\u00a0\u00a0<\/li><li>Combinaison de motif de points\u00a0<\/li><li>Image miroir<\/li><li>Couture r\u00e9p\u00e9t\u00e9e ou unique\u00a0<\/li><li>R\u00e9glage de motif de points\u00a0<\/li><\/ul>\t\t\t\t\t\t<\/div>\n\t\t\t\t<\/div>\n\t\t\t\t\t<\/div>\n\t\t<\/div>\n\t\t\t\t\t\t\t<\/div>\n\t\t<\/section>\n\t\t\t\t\t\t\t<\/div>\n\t\t","protected":false},"excerpt":{"rendered":"<p>Lorsque vous souhaitez vous concentrer sur le perfectionnement de votre couture, c&#8217;est la machine \u00e0 coudre qu&#8217;il vous faut. Des points solides, souples et pr\u00e9cis, un grand espace de travail et de nombreuses innovations qui vous font gagner du temps. Il est temps de vous lancer dans votre exploration cr\u00e9ative avec la Brother Inventio NV1150.<\/p>\n<p><a href=\"https:\/\/www.maisonschwind.lu\/shop\/wp-content\/uploads\/2025\/09\/Inventio-leaflet-FR.pdf\">Inventio-leaflet-FR<\/a><\/p>\n<p>&nbsp;<\/p>\n<p>&nbsp;<\/p>\n","protected":false},"featured_media":58627,"comment_status":"closed","ping_status":"closed","template":"","meta":[],"product_cat":[1380,1378],"product_tag":[],"aioseo_notices":[],"_links":{"self":[{"href":"https:\/\/www.maisonschwind.lu\/fr\/wp-json\/wp\/v2\/product\/59046"}],"collection":[{"href":"https:\/\/www.maisonschwind.lu\/fr\/wp-json\/wp\/v2\/product"}],"about":[{"href":"https:\/\/www.maisonschwind.lu\/fr\/wp-json\/wp\/v2\/types\/product"}],"replies":[{"embeddable":true,"href":"https:\/\/www.maisonschwind.lu\/fr\/wp-json\/wp\/v2\/comments?post=59046"}],"version-history":[{"count":2,"href":"https:\/\/www.maisonschwind.lu\/fr\/wp-json\/wp\/v2\/product\/59046\/revisions"}],"predecessor-version":[{"id":59052,"href":"https:\/\/www.maisonschwind.lu\/fr\/wp-json\/wp\/v2\/product\/59046\/revisions\/59052"}],"wp:featuredmedia":[{"embeddable":true,"href":"https:\/\/www.maisonschwind.lu\/fr\/wp-json\/wp\/v2\/media\/58627"}],"wp:attachment":[{"href":"https:\/\/www.maisonschwind.lu\/fr\/wp-json\/wp\/v2\/media?parent=59046"}],"wp:term":[{"taxonomy":"product_cat","embeddable":true,"href":"https:\/\/www.maisonschwind.lu\/fr\/wp-json\/wp\/v2\/product_cat?post=59046"},{"taxonomy":"product_tag","embeddable":true,"href":"https:\/\/www.maisonschwind.lu\/fr\/wp-json\/wp\/v2\/product_tag?post=59046"}],"curies":[{"name":"wp","href":"https:\/\/api.w.org\/{rel}","templated":true}]}}