{"id":59067,"date":"2025-09-24T17:35:32","date_gmt":"2025-09-24T15:35:32","guid":{"rendered":"https:\/\/www.maisonschwind.lu\/product\/brother-inventio-nv1850q\/"},"modified":"2025-10-01T16:22:07","modified_gmt":"2025-10-01T14:22:07","slug":"brother-inventio-nv1850q","status":"publish","type":"product","link":"https:\/\/www.maisonschwind.lu\/fr\/produit\/brother-inventio-nv1850q\/","title":{"rendered":"Brother Inventio NV1850Q"},"content":{"rendered":"\t\t<div data-elementor-type=\"wp-post\" data-elementor-id=\"59067\" class=\"elementor elementor-59067 elementor-58662\">\n\t\t\t\t\t\t\t\t\t<section class=\"elementor-section elementor-top-section elementor-element elementor-element-10749cc8 elementor-section-boxed elementor-section-height-default elementor-section-height-default\" data-id=\"10749cc8\" data-element_type=\"section\">\n\t\t\t\t\t\t<div class=\"elementor-container elementor-column-gap-default\">\n\t\t\t\t\t<div class=\"elementor-column elementor-col-100 elementor-top-column elementor-element elementor-element-3391f45a\" data-id=\"3391f45a\" data-element_type=\"column\">\n\t\t\t<div class=\"elementor-widget-wrap elementor-element-populated\">\n\t\t\t\t\t\t\t\t<div class=\"elementor-element elementor-element-241e0352 elementor-widget elementor-widget-text-editor\" data-id=\"241e0352\" data-element_type=\"widget\" data-widget_type=\"text-editor.default\">\n\t\t\t\t<div class=\"elementor-widget-container\">\n\t\t\t<style>\/*! elementor - v3.6.7 - 03-07-2022 *\/\n.elementor-widget-text-editor.elementor-drop-cap-view-stacked .elementor-drop-cap{background-color:#818a91;color:#fff}.elementor-widget-text-editor.elementor-drop-cap-view-framed .elementor-drop-cap{color:#818a91;border:3px solid;background-color:transparent}.elementor-widget-text-editor:not(.elementor-drop-cap-view-default) .elementor-drop-cap{margin-top:8px}.elementor-widget-text-editor:not(.elementor-drop-cap-view-default) .elementor-drop-cap-letter{width:1em;height:1em}.elementor-widget-text-editor .elementor-drop-cap{float:left;text-align:center;line-height:1;font-size:50px}.elementor-widget-text-editor .elementor-drop-cap-letter{display:inline-block}<\/style>\t\t\t\t<p><strong>Fonctions principales :<\/strong><\/p><ul class=\"tick-list\"><li>Grand espace de travail de 210 mm \u00e0 droite de l&#8217;aiguille\u00a0\u00a0<\/li><li>232 points de couture int\u00e9gr\u00e9s, dont 10 boutonni\u00e8res en une \u00e9tape\u00a0 \u00a0<\/li><li>5 polices de caract\u00e8res (minuscules et majuscules)\u00a0\u00a0<\/li><li>Syst\u00e8me\u00a0d&#8217;enfile-aiguille extra-avanc\u00e9\u00a0<\/li><li>Commandes centrales comprenant la touche coupe-fil automatique, la touche positionnement de l\u2019aiguille (haut\/bas) et le variateur de vitesse de couture\u00a0<\/li><li>R\u00e9glage de la tension de fil enti\u00e8rement automatique\u00a0 \u00a0<\/li><li>Syst\u00e8me d&#8217;entra\u00eenement SFDS (Square Feed Drive System) assure un entra\u00eenement r\u00e9gulier et puissant\u00a0<\/li><li>Syst\u00e8me de pression automatique et en continu du pied-de-biche (ICAPS)\u00a0\u00a0<\/li><li>My Custom Stitch<sup>TM\u00a0<\/sup>(Mon point de Couture Personnalis\u00e9) \u2013 Cr\u00e9ez vos propres points de couture d\u00e9coratifs\u00a0<\/li><li>Comprend une grande table d&#8217;extension large\u00a0\u00a0<\/li><li>Genouill\u00e8re\u00a0<\/li><li>Capot rigide\u00a0<\/li><\/ul><p><strong>Fonctions suppl\u00e9mentaires :<\/strong><\/p><ul><li>\u00c9cran LCD\u00a0<\/li><li>S\u00e9lection directe des points\u00a0<\/li><li>Fonction Pivot\u00a0<\/li><li>Variateur de vitesse\u00a0<\/li><li>Eclairage LED puissant\u00a0<\/li><li>Touche pied presseur haut\/bas\u00a0<\/li><li>Touche point de renfort\u00a0<\/li><li>Couture multidirectionnelle &#8211; entra\u00eenement lat\u00e9ral<\/li><li>R\u00e9glages personnalisables \u00a0<\/li><li>Abaissement des griffes d&#8217;entra\u00eenement\u00a0<\/li><li>Guide de r\u00e9f\u00e9rence des points\u00a0<\/li><li>Touche de s\u00e9lection des modes d&#8217;aiguille\u00a0\u00a0<\/li><li>Combinaison de motif de points\u00a0<\/li><li>Image miroir<\/li><li>Couture r\u00e9p\u00e9t\u00e9e ou unique\u00a0<\/li><li>R\u00e9glage de motif de points\u00a0<\/li><\/ul>\t\t\t\t\t\t<\/div>\n\t\t\t\t<\/div>\n\t\t\t\t\t<\/div>\n\t\t<\/div>\n\t\t\t\t\t\t\t<\/div>\n\t\t<\/section>\n\t\t\t\t\t\t\t<\/div>\n\t\t","protected":false},"excerpt":{"rendered":"<p>Il est temps d\u2019exprimer toute votre cr\u00e9ativit\u00e9 avec l&#8217;Inventio NV1850Q. Si vous souhaitez vous essayer \u00e0 des travaux de couture et de quilting plus audacieux, plus complexes, plus d\u00e9taill\u00e9s et plus pr\u00e9cis, la Brother Inventio NV1850Q est la machine \u00e0 coudre qu&#8217;il vous faut.<\/p>\n<p><a href=\"https:\/\/www.maisonschwind.lu\/shop\/wp-content\/uploads\/2025\/09\/Inventio-leaflet-FR.pdf\">Inventio-leaflet-FR<\/a><\/p>\n<p>&nbsp;<\/p>\n<p>&nbsp;<\/p>\n","protected":false},"featured_media":58666,"comment_status":"closed","ping_status":"closed","template":"","meta":[],"product_cat":[1380,1378],"product_tag":[],"aioseo_notices":[],"_links":{"self":[{"href":"https:\/\/www.maisonschwind.lu\/fr\/wp-json\/wp\/v2\/product\/59067"}],"collection":[{"href":"https:\/\/www.maisonschwind.lu\/fr\/wp-json\/wp\/v2\/product"}],"about":[{"href":"https:\/\/www.maisonschwind.lu\/fr\/wp-json\/wp\/v2\/types\/product"}],"replies":[{"embeddable":true,"href":"https:\/\/www.maisonschwind.lu\/fr\/wp-json\/wp\/v2\/comments?post=59067"}],"version-history":[{"count":5,"href":"https:\/\/www.maisonschwind.lu\/fr\/wp-json\/wp\/v2\/product\/59067\/revisions"}],"predecessor-version":[{"id":59080,"href":"https:\/\/www.maisonschwind.lu\/fr\/wp-json\/wp\/v2\/product\/59067\/revisions\/59080"}],"wp:featuredmedia":[{"embeddable":true,"href":"https:\/\/www.maisonschwind.lu\/fr\/wp-json\/wp\/v2\/media\/58666"}],"wp:attachment":[{"href":"https:\/\/www.maisonschwind.lu\/fr\/wp-json\/wp\/v2\/media?parent=59067"}],"wp:term":[{"taxonomy":"product_cat","embeddable":true,"href":"https:\/\/www.maisonschwind.lu\/fr\/wp-json\/wp\/v2\/product_cat?post=59067"},{"taxonomy":"product_tag","embeddable":true,"href":"https:\/\/www.maisonschwind.lu\/fr\/wp-json\/wp\/v2\/product_tag?post=59067"}],"curies":[{"name":"wp","href":"https:\/\/api.w.org\/{rel}","templated":true}]}}