{"id":59150,"date":"2025-10-02T10:16:23","date_gmt":"2025-10-02T08:16:23","guid":{"rendered":"https:\/\/www.maisonschwind.lu\/product\/bernina-770-qe-pro\/"},"modified":"2025-10-02T11:23:20","modified_gmt":"2025-10-02T09:23:20","slug":"bernina-770-qe-pro","status":"publish","type":"product","link":"https:\/\/www.maisonschwind.lu\/fr\/produit\/bernina-770-qe-pro\/","title":{"rendered":"Bernina 770 QE Pro"},"content":{"rendered":"\t\t<div data-elementor-type=\"wp-post\" data-elementor-id=\"59150\" class=\"elementor elementor-59150 elementor-59114\">\n\t\t\t\t\t\t\t\t\t<section class=\"elementor-section elementor-top-section elementor-element elementor-element-10749cc8 elementor-section-boxed elementor-section-height-default elementor-section-height-default\" data-id=\"10749cc8\" data-element_type=\"section\">\n\t\t\t\t\t\t<div class=\"elementor-container elementor-column-gap-default\">\n\t\t\t\t\t<div class=\"elementor-column elementor-col-100 elementor-top-column elementor-element elementor-element-3391f45a\" data-id=\"3391f45a\" data-element_type=\"column\">\n\t\t\t<div class=\"elementor-widget-wrap elementor-element-populated\">\n\t\t\t\t\t\t\t\t<div class=\"elementor-element elementor-element-241e0352 elementor-widget elementor-widget-text-editor\" data-id=\"241e0352\" data-element_type=\"widget\" data-widget_type=\"text-editor.default\">\n\t\t\t\t<div class=\"elementor-widget-container\">\n\t\t\t<style>\/*! elementor - v3.6.7 - 03-07-2022 *\/\n.elementor-widget-text-editor.elementor-drop-cap-view-stacked .elementor-drop-cap{background-color:#818a91;color:#fff}.elementor-widget-text-editor.elementor-drop-cap-view-framed .elementor-drop-cap{color:#818a91;border:3px solid;background-color:transparent}.elementor-widget-text-editor:not(.elementor-drop-cap-view-default) .elementor-drop-cap{margin-top:8px}.elementor-widget-text-editor:not(.elementor-drop-cap-view-default) .elementor-drop-cap-letter{width:1em;height:1em}.elementor-widget-text-editor .elementor-drop-cap{float:left;text-align:center;line-height:1;font-size:50px}.elementor-widget-text-editor .elementor-drop-cap-letter{display:inline-block}<\/style>\t\t\t\t<p><strong>Caract\u00e9ristiques :\u00a0<\/strong><\/p><ul><li>254mm d&#8217;espace de couture \u00e0 droite de l\u2019aiguille\u00a0<\/li><li class=\"r-text-block\">Un tr\u00e8s grand \u00e9cran couleur de 17,78\u00a0cm<\/li><li class=\"r-text-block\">Grandes ic\u00f4nes pour une utilisation facile<\/li><li class=\"r-text-block\">Positionnement central et optimal<\/li><li>Enfileur d&#8217;aiguille automatique<\/li><li>Laser pointeur Bernina<\/li><li>Connectivit\u00e9 Wifi<\/li><li>Technologie BERNINA stitch<b>precision<\/b><\/li><li>Mode BSR\u00a03 (b\u00e2ti)<\/li><li>9 de largeur maximale des points en mm<\/li><li>Touche marche-arr\u00eat (coudre sans commande au pied)<\/li><li>400&#215;210 mm de zone de broderie maximale<\/li><li>100 motifs de quilt personnalisables (fichiers .bqm)<\/li><li>Placement en 4 points avec la fonction Morphing<\/li><li>Compatible avec l&#8217;application BERNINA Stitchout\u00a0<\/li><\/ul>\t\t\t\t\t\t<\/div>\n\t\t\t\t<\/div>\n\t\t\t\t\t<\/div>\n\t\t<\/div>\n\t\t\t\t\t\t\t<\/div>\n\t\t<\/section>\n\t\t\t\t\t\t\t<\/div>\n\t\t","protected":false},"excerpt":{"rendered":"<p><strong>BERNINA 770 QE PRO \u2013 l&#8217;experte en quilting<\/strong><\/p>\n<p>Le B 770 QE PRO porte la technologie avanc\u00e9e \u00e0 un tout autre niveau. Avec une s\u00e9lection impressionnante de points sp\u00e9cialis\u00e9s, cette machine est parfaite pour ajouter de magnifiques d\u00e9tails aux quilts, aux v\u00eatements et aux accessoires. Elle comprend 1858 points dont plusieurs boutonni\u00e8res automatiques et alphabet.<\/p>\n<p><strong>NOUVEAU : enfileur automatique ; laser de pr\u00e9cision ; wifi ; Technologie stitchprecision; 100 motifs de quilt personnalisables (fichiers BQM); alignement et r\u00e9partition des motifs de broderie; \u00e9criture sur plusieurs lignes et alignement; clavier Qwerty ; placement \u00e0 4 points avec d\u00e9formation; etc.<\/strong><\/p>\n<p>En option: le module \u00e0 broder<\/p>\n<p><a href=\"https:\/\/www.maisonschwind.lu\/shop\/wp-content\/uploads\/2025\/10\/B7Series_PRO_brochure_A4_FR_low-res.pdf\">B7Series_PRO_brochure_A4_FR_low-res<\/a><\/p>\n","protected":false},"featured_media":59122,"comment_status":"closed","ping_status":"closed","template":"","meta":[],"product_cat":[1380,1378],"product_tag":[],"aioseo_notices":[],"_links":{"self":[{"href":"https:\/\/www.maisonschwind.lu\/fr\/wp-json\/wp\/v2\/product\/59150"}],"collection":[{"href":"https:\/\/www.maisonschwind.lu\/fr\/wp-json\/wp\/v2\/product"}],"about":[{"href":"https:\/\/www.maisonschwind.lu\/fr\/wp-json\/wp\/v2\/types\/product"}],"replies":[{"embeddable":true,"href":"https:\/\/www.maisonschwind.lu\/fr\/wp-json\/wp\/v2\/comments?post=59150"}],"version-history":[{"count":2,"href":"https:\/\/www.maisonschwind.lu\/fr\/wp-json\/wp\/v2\/product\/59150\/revisions"}],"predecessor-version":[{"id":59156,"href":"https:\/\/www.maisonschwind.lu\/fr\/wp-json\/wp\/v2\/product\/59150\/revisions\/59156"}],"wp:featuredmedia":[{"embeddable":true,"href":"https:\/\/www.maisonschwind.lu\/fr\/wp-json\/wp\/v2\/media\/59122"}],"wp:attachment":[{"href":"https:\/\/www.maisonschwind.lu\/fr\/wp-json\/wp\/v2\/media?parent=59150"}],"wp:term":[{"taxonomy":"product_cat","embeddable":true,"href":"https:\/\/www.maisonschwind.lu\/fr\/wp-json\/wp\/v2\/product_cat?post=59150"},{"taxonomy":"product_tag","embeddable":true,"href":"https:\/\/www.maisonschwind.lu\/fr\/wp-json\/wp\/v2\/product_tag?post=59150"}],"curies":[{"name":"wp","href":"https:\/\/api.w.org\/{rel}","templated":true}]}}