{"id":59263,"date":"2025-10-07T09:16:02","date_gmt":"2025-10-07T07:16:02","guid":{"rendered":"https:\/\/www.maisonschwind.lu\/product\/pfaff-admire-3000\/"},"modified":"2025-10-07T09:24:54","modified_gmt":"2025-10-07T07:24:54","slug":"pfaff-admire-3000","status":"publish","type":"product","link":"https:\/\/www.maisonschwind.lu\/fr\/produit\/pfaff-admire-3000\/","title":{"rendered":"PFAFF admire\u2122 3000"},"content":{"rendered":"\t\t<div data-elementor-type=\"wp-post\" data-elementor-id=\"59263\" class=\"elementor elementor-59263 elementor-59253\">\n\t\t\t\t\t\t\t\t\t<section class=\"elementor-section elementor-top-section elementor-element elementor-element-10749cc8 elementor-section-boxed elementor-section-height-default elementor-section-height-default\" data-id=\"10749cc8\" data-element_type=\"section\">\n\t\t\t\t\t\t<div class=\"elementor-container elementor-column-gap-default\">\n\t\t\t\t\t<div class=\"elementor-column elementor-col-100 elementor-top-column elementor-element elementor-element-3391f45a\" data-id=\"3391f45a\" data-element_type=\"column\">\n\t\t\t<div class=\"elementor-widget-wrap elementor-element-populated\">\n\t\t\t\t\t\t\t\t<div class=\"elementor-element elementor-element-241e0352 elementor-widget elementor-widget-text-editor\" data-id=\"241e0352\" data-element_type=\"widget\" data-widget_type=\"text-editor.default\">\n\t\t\t\t<div class=\"elementor-widget-container\">\n\t\t\t<style>\/*! elementor - v3.6.7 - 03-07-2022 *\/\n.elementor-widget-text-editor.elementor-drop-cap-view-stacked .elementor-drop-cap{background-color:#818a91;color:#fff}.elementor-widget-text-editor.elementor-drop-cap-view-framed .elementor-drop-cap{color:#818a91;border:3px solid;background-color:transparent}.elementor-widget-text-editor:not(.elementor-drop-cap-view-default) .elementor-drop-cap{margin-top:8px}.elementor-widget-text-editor:not(.elementor-drop-cap-view-default) .elementor-drop-cap-letter{width:1em;height:1em}.elementor-widget-text-editor .elementor-drop-cap{float:left;text-align:center;line-height:1;font-size:50px}.elementor-widget-text-editor .elementor-drop-cap-letter{display:inline-block}<\/style>\t\t\t\t<ul><li class=\"pf0\"><strong><span class=\"cf0\">Contr\u00f4le<\/span>\u00a0<span class=\"cf0\">pr\u00e9cis<\/span><span class=\"cf0\">\u00a0du fil<br \/><\/span><\/strong><span class=\"cf0\">Ajustez<\/span>\u00a0<span class=\"cf0\">facilement<\/span><span class=\"cf0\">\u00a0la\u00a0<\/span><span class=\"cf0\">quantit\u00e9<\/span><span class=\"cf0\">\u00a0de fil de\u00a0<\/span><span class=\"cf0\">surjet<\/span>\u00a0<span class=\"cf0\">afin<\/span><span class=\"cf0\">\u00a0que les points se\u00a0<\/span><span class=\"cf0\">forment<\/span>\u00a0<span class=\"cf0\">proprement<\/span>\u00a0<span class=\"cf0\">le<\/span><span class=\"cf0\">\u00a0long du bord du\u00a0<\/span><span class=\"cf0\">tissu<\/span><span class=\"cf0\">\u00a0pour des\u00a0<\/span><span class=\"cf0\">r\u00e9sultats\u00a0<\/span><span class=\"cf0\">optimaux<\/span><span class=\"cf0\">\u00a0et\u00a0<\/span><span class=\"cf0\">avec<\/span>\u00a0<span class=\"cf0\">moins<\/span><span class=\"cf0\">\u00a0de\u00a0<\/span><span class=\"cf0\">r\u00e9glages<\/span><span class=\"cf0\">.<\/span><\/li><li class=\"pf0\"><strong><span class=\"cf0\">\u00c9clairage<\/span><span class=\"cf0\">\u00a0du\u00a0<\/span><span class=\"cf0\">boucleur<\/span>\u00a0<span class=\"cf0\">inf\u00e9rieur<br \/><\/span><\/strong><span class=\"cf0\">Un<\/span>\u00a0<span class=\"cf0\">\u00e9clairage<\/span>\u00a0<span class=\"cf0\">suppl\u00e9mentaire<\/span>\u00a0<span class=\"cf0\">offre<\/span>\u00a0<span class=\"cf0\">une<\/span>\u00a0<span class=\"cf0\">meilleure<\/span>\u00a0<span class=\"cf0\">visibilit\u00e9<\/span><span class=\"cf0\">\u00a0dans la zone\u00a0<\/span><span class=\"cf0\">du\u00a0<\/span><span class=\"cf0\">boucleur<\/span><span class=\"cf0\">,\u00a0<\/span><span class=\"cf0\">ce<\/span>\u00a0<span class=\"cf0\">qui<\/span>\u00a0<span class=\"cf0\">facilite\u00a0<\/span><span class=\"cf0\">l\u2019enfilage<\/span><span class=\"cf0\">.<\/span><\/li><li class=\"pf0\"><strong><span class=\"cf0\">Vitesse de couture\u00a0<\/span><span class=\"cf0\">\u00e9lev\u00e9e<br \/><\/span><\/strong><span class=\"cf0\">Terminez<\/span><span class=\"cf0\">\u00a0vos\u00a0<\/span><span class=\"cf0\">projets<\/span>\u00a0<span class=\"cf0\">rapidement<\/span>\u00a0<span class=\"cf0\">avec<\/span><span class=\"cf0\">\u00a0des\u00a0<\/span><span class=\"cf0\">vitesses<\/span><span class=\"cf0\">\u00a0de couture\u00a0<\/span><span class=\"cf0\">allant\u00a0<\/span><span class=\"cf0\">jusqu\u2019\u00e0<\/span><span class=\"cf0\">\u00a01 500 points par minute.<\/span><\/li><li class=\"pf0\"><strong><span class=\"cf0\">Arr\u00eat\u00a0<\/span><span class=\"cf0\">automatique<\/span><span class=\"cf0\">\u00a0de\u00a0<\/span><span class=\"cf0\">l\u2019aiguille<br \/><\/span><\/strong><span class=\"cf0\">Lorsque<\/span>\u00a0<span class=\"cf0\">vous<\/span>\u00a0<span class=\"cf0\">arr\u00eatez<\/span><span class=\"cf0\">\u00a0de\u00a0<\/span><span class=\"cf0\">coudre<\/span><span class=\"cf0\">,\u00a0<\/span><span class=\"cf0\">l\u2019aiguille<\/span><span class=\"cf0\">\u00a0et les\u00a0<\/span><span class=\"cf0\">boucleurs<\/span>\u00a0<span class=\"cf0\">reviennent\u00a0<\/span><span class=\"cf0\">automatiquement<\/span><span class=\"cf0\">\u00a0\u00e0 la\u00a0<\/span><span class=\"cf0\">position\u00a0<\/span><span class=\"cf0\">correcte pour\u00a0<\/span><span class=\"cf0\">l\u2019enfilage<\/span><span class=\"cf0\">.<\/span><\/li><li class=\"pf0\"><strong><span class=\"cf0\">Moteur<\/span><span class=\"cf0\">\u00a0\u00e0 courant continu puissant<br \/><\/span><\/strong><span class=\"cf0\">Contr\u00f4le<\/span><span class=\"cf0\">\u00a0point par point\u00a0<\/span><span class=\"cf0\">avec<\/span>\u00a0<span class=\"cf0\">une<\/span><span class=\"cf0\">\u00a0puissance de\u00a0<\/span><span class=\"cf0\">per\u00e7age<\/span>\u00a0<span class=\"cf0\">compl\u00e8te\u00a0<\/span><span class=\"cf0\">\u00e0\u00a0<\/span><span class=\"cf0\">toutes<\/span><span class=\"cf0\">\u00a0les\u00a0<\/span><span class=\"cf0\">vitesses<\/span><span class=\"cf0\">.<\/span><\/li><li><strong>16 points<\/strong><br \/>La capacit\u00e9 de point 4\/3\/2 fils permet des points de surjet, des points plats, des ourlets roulott\u00e9s et bien plus encore. Vous pouvez coudre, couper, surfiler et embellir une large gamme de projets.<\/li><li><strong>Rallonge incluse<\/strong><br \/>Les projets de plus grande envergure sont bien soutenus par cette surface robuste et plane, qui offre un espace de travail suppl\u00e9mentaire de 25,5 cm.<\/li><li><strong>Genouill\u00e8re<\/strong><br \/>Utilisez la genouill\u00e8re pour lever et abaisser le pied presseur, vous permettant ainsi de garder les deux mains sur votre projet \u2013 particuli\u00e8rement utile lorsque vous travaillez sur des projets plus grands et des tissus difficiles \u00e0 manipuler.<\/li><\/ul>\t\t\t\t\t\t<\/div>\n\t\t\t\t<\/div>\n\t\t\t\t\t<\/div>\n\t\t<\/div>\n\t\t\t\t\t\t\t<\/div>\n\t\t<\/section>\n\t\t\t\t\t\t\t<\/div>\n\t\t","protected":false},"excerpt":{"rendered":"<p>Con\u00e7ue pour la pr\u00e9cision et les performances, la surjeteuse PFAFF\u00ae admire\u2122 3000 propose 16 points polyvalents, un contr\u00f4le pr\u00e9cis de l\u2019enfilage et une vitesse de couture \u00e9lev\u00e9e pour donner vie \u00e0 vos id\u00e9es. Des fonctionnalit\u00e9s soigneusement con\u00e7ues, telles que l\u2019\u00e9clairage du boucleur inf\u00e9rieur, les ourlets roul\u00e9s instantan\u00e9s et une table d\u2019extension spacieuse, garantissent une exp\u00e9rience de couture fluide et efficace du d\u00e9but \u00e0 la fin.<\/p>\n<p><a href=\"https:\/\/pfaffbenelux.com\/wp-content\/uploads\/2011\/03\/Pfaff-Admire3000-FR-OnePager-A4.pdf\" target=\"_blank\" rel=\"noopener\"><img loading=\"lazy\" class=\"alignnone wp-image-17937 size-full\" src=\"https:\/\/www.maisonschwind.lu\/shop\/wp-content\/uploads\/2022\/09\/pdf-brochure-fr-3.png\" alt=\"\" width=\"150\" height=\"60\" \/><\/a><\/p>\n<p>Garantie 2 ans + 3 ans si enregistrement produit<\/p>\n","protected":false},"featured_media":59255,"comment_status":"closed","ping_status":"closed","template":"","meta":[],"product_cat":[1381],"product_tag":[],"aioseo_notices":[],"_links":{"self":[{"href":"https:\/\/www.maisonschwind.lu\/fr\/wp-json\/wp\/v2\/product\/59263"}],"collection":[{"href":"https:\/\/www.maisonschwind.lu\/fr\/wp-json\/wp\/v2\/product"}],"about":[{"href":"https:\/\/www.maisonschwind.lu\/fr\/wp-json\/wp\/v2\/types\/product"}],"replies":[{"embeddable":true,"href":"https:\/\/www.maisonschwind.lu\/fr\/wp-json\/wp\/v2\/comments?post=59263"}],"version-history":[{"count":2,"href":"https:\/\/www.maisonschwind.lu\/fr\/wp-json\/wp\/v2\/product\/59263\/revisions"}],"predecessor-version":[{"id":59270,"href":"https:\/\/www.maisonschwind.lu\/fr\/wp-json\/wp\/v2\/product\/59263\/revisions\/59270"}],"wp:featuredmedia":[{"embeddable":true,"href":"https:\/\/www.maisonschwind.lu\/fr\/wp-json\/wp\/v2\/media\/59255"}],"wp:attachment":[{"href":"https:\/\/www.maisonschwind.lu\/fr\/wp-json\/wp\/v2\/media?parent=59263"}],"wp:term":[{"taxonomy":"product_cat","embeddable":true,"href":"https:\/\/www.maisonschwind.lu\/fr\/wp-json\/wp\/v2\/product_cat?post=59263"},{"taxonomy":"product_tag","embeddable":true,"href":"https:\/\/www.maisonschwind.lu\/fr\/wp-json\/wp\/v2\/product_tag?post=59263"}],"curies":[{"name":"wp","href":"https:\/\/api.w.org\/{rel}","templated":true}]}}