{"id":59314,"date":"2025-10-02T12:16:03","date_gmt":"2025-10-02T10:16:03","guid":{"rendered":"https:\/\/www.maisonschwind.lu\/product\/pfaff-quilt-expression-725\/"},"modified":"2025-11-13T15:58:16","modified_gmt":"2025-11-13T14:58:16","slug":"pfaff-quilt-expression-725","status":"publish","type":"product","link":"https:\/\/www.maisonschwind.lu\/fr\/produit\/pfaff-quilt-expression-725\/","title":{"rendered":"PFAFF Quilt expression 725"},"content":{"rendered":"\t\t<div data-elementor-type=\"wp-post\" data-elementor-id=\"59314\" class=\"elementor elementor-59314 elementor-59188\">\n\t\t\t\t\t\t\t\t\t<section class=\"elementor-section elementor-top-section elementor-element elementor-element-10749cc8 elementor-section-boxed elementor-section-height-default elementor-section-height-default\" data-id=\"10749cc8\" data-element_type=\"section\">\n\t\t\t\t\t\t<div class=\"elementor-container elementor-column-gap-default\">\n\t\t\t\t\t<div class=\"elementor-column elementor-col-100 elementor-top-column elementor-element elementor-element-3391f45a\" data-id=\"3391f45a\" data-element_type=\"column\">\n\t\t\t<div class=\"elementor-widget-wrap elementor-element-populated\">\n\t\t\t\t\t\t\t\t<div class=\"elementor-element elementor-element-241e0352 elementor-widget elementor-widget-text-editor\" data-id=\"241e0352\" data-element_type=\"widget\" data-widget_type=\"text-editor.default\">\n\t\t\t\t<div class=\"elementor-widget-container\">\n\t\t\t<style>\/*! elementor - v3.6.7 - 03-07-2022 *\/\n.elementor-widget-text-editor.elementor-drop-cap-view-stacked .elementor-drop-cap{background-color:#818a91;color:#fff}.elementor-widget-text-editor.elementor-drop-cap-view-framed .elementor-drop-cap{color:#818a91;border:3px solid;background-color:transparent}.elementor-widget-text-editor:not(.elementor-drop-cap-view-default) .elementor-drop-cap{margin-top:8px}.elementor-widget-text-editor:not(.elementor-drop-cap-view-default) .elementor-drop-cap-letter{width:1em;height:1em}.elementor-widget-text-editor .elementor-drop-cap{float:left;text-align:center;line-height:1;font-size:50px}.elementor-widget-text-editor .elementor-drop-cap-letter{display:inline-block}<\/style>\t\t\t\t<p><strong>COUTURE :<\/strong><\/p><ul><li>730 Points<\/li><li>6 Polices de caract\u00e8re mode couture<\/li><li>37 positions d\u2019aiguille<\/li><li>Programmation de points avec m\u00e9moires<\/li><li>4 Options de mouvement libre<\/li><li>Bouton de r\u00e9glage de l\u2019aiguille haut\/bas<\/li><li>17 Boutonni\u00e8res parfaitement \u00e9quilibr\u00e9es<\/li><li>R\u00e9p\u00e9tition de point<\/li><li>Arr\u00eat de point automatique<\/li><li>Tapering sur les points d\u00e9coratifs<\/li><li>Coupe-fil int\u00e9gr\u00e9<\/li><\/ul><p><strong>MACHINE :<\/strong><\/p><ul><li>Arr\u00eat automatique<\/li><li>Tension du fil \u00e0 r\u00e9glage automatique<\/li><li>Curseur de vitesse<\/li><li>Genouill\u00e8re \u00e9lectronique<\/li><li>Aide rapide<\/li><li>Exp\u00e9rience personnalis\u00e9e \u00e0 l\u2019\u00e9cran et assistant de configuration de la machine<\/li><\/ul>\t\t\t\t\t\t<\/div>\n\t\t\t\t<\/div>\n\t\t\t\t\t<\/div>\n\t\t<\/div>\n\t\t\t\t\t\t\t<\/div>\n\t\t<\/section>\n\t\t\t\t\t\t\t<\/div>\n\t\t","protected":false},"excerpt":{"rendered":"<p><strong><em>A voir en magasin !<\/em><\/strong><\/p>\n<p>La machine \u00e0 coudre quilt expression\u2122 725 est con\u00e7ue pour les passionn\u00e9s de patchwork qui exigent de la pr\u00e9cision, un grand espace de travail et un contr\u00f4le sur leurs projets.<\/p>\n<p><a href=\"https:\/\/www.maisonschwind.lu\/shop\/wp-content\/uploads\/2025\/10\/PFAFF-quilt-expression-725-FR-A4-OnePager.pdf\" target=\"_blank\" rel=\"noopener\"><img loading=\"lazy\" class=\"alignnone wp-image-17937 size-full\" src=\"https:\/\/www.maisonschwind.lu\/shop\/wp-content\/uploads\/2022\/09\/pdf-brochure-fr-3.png\" alt=\"\" width=\"150\" height=\"60\" \/><\/a><\/p>\n<p>Garantie 2 ans + 1 an si enregistrement<\/p>\n","protected":false},"featured_media":59198,"comment_status":"closed","ping_status":"closed","template":"","meta":[],"product_cat":[1380],"product_tag":[],"aioseo_notices":[],"_links":{"self":[{"href":"https:\/\/www.maisonschwind.lu\/fr\/wp-json\/wp\/v2\/product\/59314"}],"collection":[{"href":"https:\/\/www.maisonschwind.lu\/fr\/wp-json\/wp\/v2\/product"}],"about":[{"href":"https:\/\/www.maisonschwind.lu\/fr\/wp-json\/wp\/v2\/types\/product"}],"replies":[{"embeddable":true,"href":"https:\/\/www.maisonschwind.lu\/fr\/wp-json\/wp\/v2\/comments?post=59314"}],"version-history":[{"count":3,"href":"https:\/\/www.maisonschwind.lu\/fr\/wp-json\/wp\/v2\/product\/59314\/revisions"}],"predecessor-version":[{"id":61581,"href":"https:\/\/www.maisonschwind.lu\/fr\/wp-json\/wp\/v2\/product\/59314\/revisions\/61581"}],"wp:featuredmedia":[{"embeddable":true,"href":"https:\/\/www.maisonschwind.lu\/fr\/wp-json\/wp\/v2\/media\/59198"}],"wp:attachment":[{"href":"https:\/\/www.maisonschwind.lu\/fr\/wp-json\/wp\/v2\/media?parent=59314"}],"wp:term":[{"taxonomy":"product_cat","embeddable":true,"href":"https:\/\/www.maisonschwind.lu\/fr\/wp-json\/wp\/v2\/product_cat?post=59314"},{"taxonomy":"product_tag","embeddable":true,"href":"https:\/\/www.maisonschwind.lu\/fr\/wp-json\/wp\/v2\/product_tag?post=59314"}],"curies":[{"name":"wp","href":"https:\/\/api.w.org\/{rel}","templated":true}]}}