{"id":59345,"date":"2025-10-07T09:55:53","date_gmt":"2025-10-07T07:55:53","guid":{"rendered":"https:\/\/www.maisonschwind.lu\/product\/pfaff-expression-715\/"},"modified":"2025-10-07T10:02:56","modified_gmt":"2025-10-07T08:02:56","slug":"pfaff-expression-715","status":"publish","type":"product","link":"https:\/\/www.maisonschwind.lu\/fr\/produit\/pfaff-expression-715\/","title":{"rendered":"PFAFF expression\u2122 715"},"content":{"rendered":"\t\t<div data-elementor-type=\"wp-post\" data-elementor-id=\"59345\" class=\"elementor elementor-59345 elementor-59327\">\n\t\t\t\t\t\t\t\t\t<section class=\"elementor-section elementor-top-section elementor-element elementor-element-10749cc8 elementor-section-boxed elementor-section-height-default elementor-section-height-default\" data-id=\"10749cc8\" data-element_type=\"section\">\n\t\t\t\t\t\t<div class=\"elementor-container elementor-column-gap-default\">\n\t\t\t\t\t<div class=\"elementor-column elementor-col-100 elementor-top-column elementor-element elementor-element-3391f45a\" data-id=\"3391f45a\" data-element_type=\"column\">\n\t\t\t<div class=\"elementor-widget-wrap elementor-element-populated\">\n\t\t\t\t\t\t\t\t<div class=\"elementor-element elementor-element-241e0352 elementor-widget elementor-widget-text-editor\" data-id=\"241e0352\" data-element_type=\"widget\" data-widget_type=\"text-editor.default\">\n\t\t\t\t<div class=\"elementor-widget-container\">\n\t\t\t<style>\/*! elementor - v3.6.7 - 03-07-2022 *\/\n.elementor-widget-text-editor.elementor-drop-cap-view-stacked .elementor-drop-cap{background-color:#818a91;color:#fff}.elementor-widget-text-editor.elementor-drop-cap-view-framed .elementor-drop-cap{color:#818a91;border:3px solid;background-color:transparent}.elementor-widget-text-editor:not(.elementor-drop-cap-view-default) .elementor-drop-cap{margin-top:8px}.elementor-widget-text-editor:not(.elementor-drop-cap-view-default) .elementor-drop-cap-letter{width:1em;height:1em}.elementor-widget-text-editor .elementor-drop-cap{float:left;text-align:center;line-height:1;font-size:50px}.elementor-widget-text-editor .elementor-drop-cap-letter{display:inline-block}<\/style>\t\t\t\t<p><strong>COUTURE :<\/strong><br \/>600 Points<br \/>4 Polices de caract\u00e8re mode couture<br \/>37 positions d\u2019aiguille<br \/>Positionnement de point<br \/>Red\u00e9marrage de point<br \/>Programmation de points avec m\u00e9moires<br \/>4 Options de mouvement libre<br \/>Bouton de r\u00e9glage de l\u2019aiguille haut\/bas<br \/>14 Boutonni\u00e8res parfaitement \u00e9quilibr\u00e9es<br \/>R\u00e9p\u00e9tition de point<br \/>S\u00e9curit\u00e9 de largeur de point<br \/>Arr\u00eat de point automatique<br \/>Tapering sur les points d\u00e9coratifs<br \/>Coupe-fil int\u00e9gr\u00e9<br \/>Programme d\u2019aiguille double<\/p><p><strong>MACHINE :<\/strong><br \/>Arr\u00eat automatique<br \/>Tension du fil \u00e0 r\u00e9glage automatique<br \/>Curseur de vitesse<br \/>Smart Save<br \/>Moteur d\u2019enroulement de bobine s\u00e9par\u00e9<br \/>Aide rapide<br \/>Langues<br \/>Mises \u00e0 jour possibles<br \/>Mode \u00c9co<br \/>Exp\u00e9rience personnalis\u00e9e \u00e0 l\u2019\u00e9cran et assistant de configuration de la machine<\/p>\t\t\t\t\t\t<\/div>\n\t\t\t\t<\/div>\n\t\t\t\t\t<\/div>\n\t\t<\/div>\n\t\t\t\t\t\t\t<\/div>\n\t\t<\/section>\n\t\t\t\t\t\t\t<\/div>\n\t\t","protected":false},"excerpt":{"rendered":"<p>La s\u00e9rie PFAFF\u00ae expression\u2122 est plus qu\u2019une simple gamme de machines \u00e0 coudre : c\u2019est votre partenaire cr\u00e9atif, con\u00e7u avec<br \/>\npr\u00e9cision pour donner vie \u00e0 votre expression unique. Que votre talent artistique r\u00e9side dans la couture, le quilting ou la broderie, il existe une machine PFAFF expression con\u00e7ue pour vous.<\/p>\n<p>La machine \u00e0 coudre expression 715 est le point de d\u00e9part de la perfection : avec des fonctionnalit\u00e9s intelligentes, une<br \/>\ning\u00e9nierie de pointe et une technologie signature IDT\u2122 qui offre des r\u00e9sultats impeccables et constants.<\/p>\n<p><a href=\"https:\/\/pfaffbenelux.com\/wp-content\/uploads\/2025\/05\/PFAFF-expression-715-FR-A4-OnePager.pdf\" target=\"_blank\" rel=\"noopener\"><img loading=\"lazy\" class=\"alignnone wp-image-17937 size-full\" src=\"https:\/\/www.maisonschwind.lu\/shop\/wp-content\/uploads\/2022\/09\/pdf-brochure-fr-3.png\" alt=\"\" width=\"150\" height=\"60\" \/><\/a><\/p>\n<p>Garantie 2 ans + 1 an si enregistrement produit<\/p>\n","protected":false},"featured_media":59329,"comment_status":"closed","ping_status":"closed","template":"","meta":[],"product_cat":[1380],"product_tag":[],"aioseo_notices":[],"_links":{"self":[{"href":"https:\/\/www.maisonschwind.lu\/fr\/wp-json\/wp\/v2\/product\/59345"}],"collection":[{"href":"https:\/\/www.maisonschwind.lu\/fr\/wp-json\/wp\/v2\/product"}],"about":[{"href":"https:\/\/www.maisonschwind.lu\/fr\/wp-json\/wp\/v2\/types\/product"}],"replies":[{"embeddable":true,"href":"https:\/\/www.maisonschwind.lu\/fr\/wp-json\/wp\/v2\/comments?post=59345"}],"version-history":[{"count":3,"href":"https:\/\/www.maisonschwind.lu\/fr\/wp-json\/wp\/v2\/product\/59345\/revisions"}],"predecessor-version":[{"id":59348,"href":"https:\/\/www.maisonschwind.lu\/fr\/wp-json\/wp\/v2\/product\/59345\/revisions\/59348"}],"wp:featuredmedia":[{"embeddable":true,"href":"https:\/\/www.maisonschwind.lu\/fr\/wp-json\/wp\/v2\/media\/59329"}],"wp:attachment":[{"href":"https:\/\/www.maisonschwind.lu\/fr\/wp-json\/wp\/v2\/media?parent=59345"}],"wp:term":[{"taxonomy":"product_cat","embeddable":true,"href":"https:\/\/www.maisonschwind.lu\/fr\/wp-json\/wp\/v2\/product_cat?post=59345"},{"taxonomy":"product_tag","embeddable":true,"href":"https:\/\/www.maisonschwind.lu\/fr\/wp-json\/wp\/v2\/product_tag?post=59345"}],"curies":[{"name":"wp","href":"https:\/\/api.w.org\/{rel}","templated":true}]}}