{"id":59398,"date":"2025-10-07T10:15:06","date_gmt":"2025-10-07T08:15:06","guid":{"rendered":"https:\/\/www.maisonschwind.lu\/product\/husqvarna-viking-designer-topaz-65\/"},"modified":"2025-10-07T10:22:32","modified_gmt":"2025-10-07T08:22:32","slug":"husqvarna-viking-designer-topaz-65","status":"publish","type":"product","link":"https:\/\/www.maisonschwind.lu\/fr\/produit\/husqvarna-viking-designer-topaz-65\/","title":{"rendered":"Husqvarna Viking DESIGNER TOPAZ\u2122 65"},"content":{"rendered":"\t\t<div data-elementor-type=\"wp-post\" data-elementor-id=\"59398\" class=\"elementor elementor-59398 elementor-59381\">\n\t\t\t\t\t\t\t\t\t<section class=\"elementor-section elementor-top-section elementor-element elementor-element-10749cc8 elementor-section-boxed elementor-section-height-default elementor-section-height-default\" data-id=\"10749cc8\" data-element_type=\"section\">\n\t\t\t\t\t\t<div class=\"elementor-container elementor-column-gap-default\">\n\t\t\t\t\t<div class=\"elementor-column elementor-col-100 elementor-top-column elementor-element elementor-element-3391f45a\" data-id=\"3391f45a\" data-element_type=\"column\">\n\t\t\t<div class=\"elementor-widget-wrap elementor-element-populated\">\n\t\t\t\t\t\t\t\t<div class=\"elementor-element elementor-element-241e0352 elementor-widget elementor-widget-text-editor\" data-id=\"241e0352\" data-element_type=\"widget\" data-widget_type=\"text-editor.default\">\n\t\t\t\t<div class=\"elementor-widget-container\">\n\t\t\t<style>\/*! elementor - v3.6.7 - 03-07-2022 *\/\n.elementor-widget-text-editor.elementor-drop-cap-view-stacked .elementor-drop-cap{background-color:#818a91;color:#fff}.elementor-widget-text-editor.elementor-drop-cap-view-framed .elementor-drop-cap{color:#818a91;border:3px solid;background-color:transparent}.elementor-widget-text-editor:not(.elementor-drop-cap-view-default) .elementor-drop-cap{margin-top:8px}.elementor-widget-text-editor:not(.elementor-drop-cap-view-default) .elementor-drop-cap-letter{width:1em;height:1em}.elementor-widget-text-editor .elementor-drop-cap{float:left;text-align:center;line-height:1;font-size:50px}.elementor-widget-text-editor .elementor-drop-cap-letter{display:inline-block}<\/style>\t\t\t\t<p><strong>BRODERIE<\/strong><\/p><ul><li>Grande zone de broderie: 360 x 200 mm<\/li><li>340 Motifs de broderie<\/li><li>Conceptions techniques sp\u00e9cialis\u00e9es<\/li><li>Personnalisation de motifs de broderie<\/li><li>Position exacte<\/li><li>Conception et mise en forme<\/li><li>Options de b\u00e2ti<\/li><li>Coupe automatique des points de saut<\/li><li>Vitesse de broderie: 850 points par minute<\/li><\/ul><p><strong>COUTURE<\/strong><\/p><ul><li>470 points<\/li><li>5 Polices de caract\u00e8res pour la couture<\/li><li>Cr\u00e9er une s\u00e9quence<\/li><li>Vitesse de couture: 1050 points par minute<\/li><li>Boutons parfaitement \u00e9quilibr\u00e9s<\/li><li>Positionnement des points<\/li><li>29 positions d\u2019aiguille<\/li><li>\u00c9quilibre des points<\/li><li>Couture \u00e0 mouvement libre avec points d\u00e9coratifs<\/li><li>S\u00e9curit\u00e9 double aiguille<\/li><li>S\u00e9curit\u00e9 relative \u00e0 la largeur des points<\/li><\/ul><p><strong>MACHINE<\/strong><\/p><ul><li>Tension automatique du fil<\/li><li>\u00c9conomie intelligente<\/li><li>\u00c9clairage LED<\/li><li>12 Accessoires inclus<\/li><li>Moulage en aluminium l\u00e9ger<\/li><li>Bobinage de la canette \u00e0 travers l\u2019aiguille<\/li><li>Crochet rotatif anti-bourrage<\/li><li>Port USB<\/li><li>Con\u00e7u et d\u00e9velopp\u00e9 en Su\u00e8de<\/li><li>Plateau pour accessoires<\/li><li>R\u00e8gle en pouces\/cm sur plaque de base\u00a0<\/li><\/ul>\t\t\t\t\t\t<\/div>\n\t\t\t\t<\/div>\n\t\t\t\t\t<\/div>\n\t\t<\/div>\n\t\t\t\t\t\t\t<\/div>\n\t\t<\/section>\n\t\t\t\t\t\t\t<\/div>\n\t\t","protected":false},"excerpt":{"rendered":"<p>La machine \u00e0 coudre et \u00e0 broder DESIGNER TOPAZ\u2122 65 poss\u00e8de tout ce que la machine TOPAZ 55Q offre, apportant la broderie dans votre monde, avec une grande zone de broderie, une position exacte et des motifs de techniques sp\u00e9ciales.<\/p>\n<p><a href=\"https:\/\/husqvarnavikingbenelux.com\/wp-content\/uploads\/2025\/08\/Husqvarna-Viking-Designer-Topaz-65-FR-A4-Product-page.pdf\" target=\"_blank\" rel=\"noopener\"><img loading=\"lazy\" class=\"alignnone wp-image-17937 size-full\" src=\"https:\/\/www.maisonschwind.lu\/shop\/wp-content\/uploads\/2022\/09\/pdf-brochure-fr-3.png\" alt=\"\" width=\"150\" height=\"60\" \/><\/a><\/p>\n<p>Garantie 2 ans + 1 an si enregistrement produit<\/p>\n","protected":false},"featured_media":59383,"comment_status":"closed","ping_status":"closed","template":"","meta":[],"product_cat":[1375,1380],"product_tag":[],"aioseo_notices":[],"_links":{"self":[{"href":"https:\/\/www.maisonschwind.lu\/fr\/wp-json\/wp\/v2\/product\/59398"}],"collection":[{"href":"https:\/\/www.maisonschwind.lu\/fr\/wp-json\/wp\/v2\/product"}],"about":[{"href":"https:\/\/www.maisonschwind.lu\/fr\/wp-json\/wp\/v2\/types\/product"}],"replies":[{"embeddable":true,"href":"https:\/\/www.maisonschwind.lu\/fr\/wp-json\/wp\/v2\/comments?post=59398"}],"version-history":[{"count":2,"href":"https:\/\/www.maisonschwind.lu\/fr\/wp-json\/wp\/v2\/product\/59398\/revisions"}],"predecessor-version":[{"id":59404,"href":"https:\/\/www.maisonschwind.lu\/fr\/wp-json\/wp\/v2\/product\/59398\/revisions\/59404"}],"wp:featuredmedia":[{"embeddable":true,"href":"https:\/\/www.maisonschwind.lu\/fr\/wp-json\/wp\/v2\/media\/59383"}],"wp:attachment":[{"href":"https:\/\/www.maisonschwind.lu\/fr\/wp-json\/wp\/v2\/media?parent=59398"}],"wp:term":[{"taxonomy":"product_cat","embeddable":true,"href":"https:\/\/www.maisonschwind.lu\/fr\/wp-json\/wp\/v2\/product_cat?post=59398"},{"taxonomy":"product_tag","embeddable":true,"href":"https:\/\/www.maisonschwind.lu\/fr\/wp-json\/wp\/v2\/product_tag?post=59398"}],"curies":[{"name":"wp","href":"https:\/\/api.w.org\/{rel}","templated":true}]}}