{"id":59457,"date":"2025-10-07T10:37:50","date_gmt":"2025-10-07T08:37:50","guid":{"rendered":"https:\/\/www.maisonschwind.lu\/product\/singer-heavy-duty-pink-limited-edition\/"},"modified":"2026-03-01T09:49:20","modified_gmt":"2026-03-01T08:49:20","slug":"singer-heavy-duty-4411-pink-limited-edition","status":"publish","type":"product","link":"https:\/\/www.maisonschwind.lu\/fr\/produit\/singer-heavy-duty-4411-pink-limited-edition\/","title":{"rendered":"SINGER Heavy Duty\u2122 4411 | Pink Limited Edition"},"content":{"rendered":"\t\t<div data-elementor-type=\"wp-post\" data-elementor-id=\"59457\" class=\"elementor elementor-59457 elementor-59429\">\n\t\t\t\t\t\t\t\t\t<section class=\"elementor-section elementor-top-section elementor-element elementor-element-10749cc8 elementor-section-boxed elementor-section-height-default elementor-section-height-default\" data-id=\"10749cc8\" data-element_type=\"section\">\n\t\t\t\t\t\t<div class=\"elementor-container elementor-column-gap-default\">\n\t\t\t\t\t<div class=\"elementor-column elementor-col-100 elementor-top-column elementor-element elementor-element-3391f45a\" data-id=\"3391f45a\" data-element_type=\"column\">\n\t\t\t<div class=\"elementor-widget-wrap elementor-element-populated\">\n\t\t\t\t\t\t\t\t<div class=\"elementor-element elementor-element-241e0352 elementor-widget elementor-widget-text-editor\" data-id=\"241e0352\" data-element_type=\"widget\" data-widget_type=\"text-editor.default\">\n\t\t\t\t<div class=\"elementor-widget-container\">\n\t\t\t<style>\/*! elementor - v3.6.7 - 03-07-2022 *\/\n.elementor-widget-text-editor.elementor-drop-cap-view-stacked .elementor-drop-cap{background-color:#818a91;color:#fff}.elementor-widget-text-editor.elementor-drop-cap-view-framed .elementor-drop-cap{color:#818a91;border:3px solid;background-color:transparent}.elementor-widget-text-editor:not(.elementor-drop-cap-view-default) .elementor-drop-cap{margin-top:8px}.elementor-widget-text-editor:not(.elementor-drop-cap-view-default) .elementor-drop-cap-letter{width:1em;height:1em}.elementor-widget-text-editor .elementor-drop-cap{float:left;text-align:center;line-height:1;font-size:50px}.elementor-widget-text-editor .elementor-drop-cap-letter{display:inline-block}<\/style>\t\t\t\t<ul><li>Nombreux accessoires inclus<\/li><li>50 % de puissance en plus pour les tissus \u00e9pais<\/li><li>69 applications de points pour n\u2019importe quel tissu<\/li><li>Vitesse de couture tr\u00e8s \u00e9lev\u00e9e<\/li><li>Guides d\u2019enfilage rapides et faciles \u00e0 suivre<\/li><li>16 cm espace de couture (de l\u2019aiguille \u00e0 la tour) et 11 cm hauteur<\/li><li>Utilisez des bobines transparentes singer Classe 15<\/li><\/ul>\t\t\t\t\t\t<\/div>\n\t\t\t\t<\/div>\n\t\t\t\t\t<\/div>\n\t\t<\/div>\n\t\t\t\t\t\t\t<\/div>\n\t\t<\/section>\n\t\t\t\t\t\t\t<\/div>\n\t\t","protected":false},"excerpt":{"rendered":"<p><strong>!!! EDITION LIMITEE !!!<\/strong><\/p>\n<p><strong>\u00ab Cousez avec puissance. Cousez avec audace. Cousez en ROSE !<\/strong><br \/>\nD\u00e9couvrez cette puissante machine \u00e0 coudre SINGER\u00ae Heavy Duty\u2122 dans une \u00e9dition exclusive rose ! C\u2019est l\u2019occasion d\u2019acqu\u00e9rir une machine en \u00e9dition limit\u00e9e qui allie puissance industrielle et look joyeux et p\u00e9tillant. Que vous cousiez des tissus \u00e9pais ou r\u00e9alisiez des projets cr\u00e9atifs, le moteur puissant, la surface en acier inoxydable du bras libre et la vitesse de 1 100 points par minute vous garantissent des ann\u00e9es de plaisir \u00e0 coudre !<\/p>\n<p><a href=\"https:\/\/singerbenelux.com\/fr\/product\/heavy-duty-pink\/#1709300637600-3f2ee867-c7d877d4-ac71\" target=\"_blank\" rel=\"noopener\"><img loading=\"lazy\" class=\"alignnone wp-image-17937 size-full\" src=\"https:\/\/www.maisonschwind.lu\/shop\/wp-content\/uploads\/2022\/09\/pdf-brochure-fr-3.png\" alt=\"\" width=\"150\" height=\"60\" \/><\/a><\/p>\n<p>Garantie 2 ans + 1 an si enregistrement produit<\/p>\n","protected":false},"featured_media":59445,"comment_status":"closed","ping_status":"closed","template":"","meta":[],"product_cat":[1379,1473],"product_tag":[],"aioseo_notices":[],"_links":{"self":[{"href":"https:\/\/www.maisonschwind.lu\/fr\/wp-json\/wp\/v2\/product\/59457"}],"collection":[{"href":"https:\/\/www.maisonschwind.lu\/fr\/wp-json\/wp\/v2\/product"}],"about":[{"href":"https:\/\/www.maisonschwind.lu\/fr\/wp-json\/wp\/v2\/types\/product"}],"replies":[{"embeddable":true,"href":"https:\/\/www.maisonschwind.lu\/fr\/wp-json\/wp\/v2\/comments?post=59457"}],"version-history":[{"count":4,"href":"https:\/\/www.maisonschwind.lu\/fr\/wp-json\/wp\/v2\/product\/59457\/revisions"}],"predecessor-version":[{"id":65057,"href":"https:\/\/www.maisonschwind.lu\/fr\/wp-json\/wp\/v2\/product\/59457\/revisions\/65057"}],"wp:featuredmedia":[{"embeddable":true,"href":"https:\/\/www.maisonschwind.lu\/fr\/wp-json\/wp\/v2\/media\/59445"}],"wp:attachment":[{"href":"https:\/\/www.maisonschwind.lu\/fr\/wp-json\/wp\/v2\/media?parent=59457"}],"wp:term":[{"taxonomy":"product_cat","embeddable":true,"href":"https:\/\/www.maisonschwind.lu\/fr\/wp-json\/wp\/v2\/product_cat?post=59457"},{"taxonomy":"product_tag","embeddable":true,"href":"https:\/\/www.maisonschwind.lu\/fr\/wp-json\/wp\/v2\/product_tag?post=59457"}],"curies":[{"name":"wp","href":"https:\/\/api.w.org\/{rel}","templated":true}]}}