{"id":59482,"date":"2025-10-07T10:56:27","date_gmt":"2025-10-07T08:56:27","guid":{"rendered":"https:\/\/www.maisonschwind.lu\/product\/singer-se9185\/"},"modified":"2025-10-07T11:04:58","modified_gmt":"2025-10-07T09:04:58","slug":"singer-se9185","status":"publish","type":"product","link":"https:\/\/www.maisonschwind.lu\/fr\/produit\/singer-se9185\/","title":{"rendered":"SINGER SE9185"},"content":{"rendered":"\t\t<div data-elementor-type=\"wp-post\" data-elementor-id=\"59482\" class=\"elementor elementor-59482 elementor-59467\">\n\t\t\t\t\t\t\t\t\t<section class=\"elementor-section elementor-top-section elementor-element elementor-element-10749cc8 elementor-section-boxed elementor-section-height-default elementor-section-height-default\" data-id=\"10749cc8\" data-element_type=\"section\">\n\t\t\t\t\t\t<div class=\"elementor-container elementor-column-gap-default\">\n\t\t\t\t\t<div class=\"elementor-column elementor-col-100 elementor-top-column elementor-element elementor-element-3391f45a\" data-id=\"3391f45a\" data-element_type=\"column\">\n\t\t\t<div class=\"elementor-widget-wrap elementor-element-populated\">\n\t\t\t\t\t\t\t\t<div class=\"elementor-element elementor-element-241e0352 elementor-widget elementor-widget-text-editor\" data-id=\"241e0352\" data-element_type=\"widget\" data-widget_type=\"text-editor.default\">\n\t\t\t\t<div class=\"elementor-widget-container\">\n\t\t\t<style>\/*! elementor - v3.6.7 - 03-07-2022 *\/\n.elementor-widget-text-editor.elementor-drop-cap-view-stacked .elementor-drop-cap{background-color:#818a91;color:#fff}.elementor-widget-text-editor.elementor-drop-cap-view-framed .elementor-drop-cap{color:#818a91;border:3px solid;background-color:transparent}.elementor-widget-text-editor:not(.elementor-drop-cap-view-default) .elementor-drop-cap{margin-top:8px}.elementor-widget-text-editor:not(.elementor-drop-cap-view-default) .elementor-drop-cap-letter{width:1em;height:1em}.elementor-widget-text-editor .elementor-drop-cap{float:left;text-align:center;line-height:1;font-size:50px}.elementor-widget-text-editor .elementor-drop-cap-letter{display:inline-block}<\/style>\t\t\t\t<ul><li>L\u2019espace C de 165 mm (espace \u00e0 droite de l\u2019aiguille) permet de r\u00e9aliser de grands projets<\/li><li>Surface de broderie de 170 x 100 mm<\/li><li>Enfileur semi-automatique pratique<\/li><li>Boutonni\u00e8res faciles \u00e0 r\u00e9aliser en une seule \u00e9tape<\/li><li>Largeur de point de 7 mm et longueur de point de 5 mm<\/li><li>Combinez, faites pivoter et d\u00e9placez les dessins directement sur l\u2019\u00e9cran tactile couleur de 7 pouces<\/li><li>Vitesse de couture 850 points p\/m, vitesse de broderie 450 points p\/m<\/li><li>Pas moins de 250 points int\u00e9gr\u00e9s, 4 polices diff\u00e9rentes, 150 motifs de broderie int\u00e9gr\u00e9s et 10 polices de broderie<\/li><\/ul>\t\t\t\t\t\t<\/div>\n\t\t\t\t<\/div>\n\t\t\t\t\t<\/div>\n\t\t<\/div>\n\t\t\t\t\t\t\t<\/div>\n\t\t<\/section>\n\t\t\t\t\t\t\t<\/div>\n\t\t","protected":false},"excerpt":{"rendered":"<p><strong>La premi\u00e8re machine \u00e0 coudre et \u00e0 broder SINGER\u00ae avec mySewnet\u2122 !<\/strong><\/p>\n<p>La SINGER\u00ae SE9185 est une machine parfaite pour celles qui aiment coudre et d\u00e9couvrir la broderie. Elle offre un excellent rapport qualit\u00e9-prix et est \u00e9galement la premi\u00e8re machine \u00e0 coudre et \u00e0 broder SINGER\u00ae \u00e0 \u00eatre \u00e9quip\u00e9e du wifi. Connectez-vous sans fil \u00e0 mySewnet\u2122 et un monde s\u2019ouvrira \u00e0 vous ! mySewnet\u2122 est un groupe d\u2019apps et de services bas\u00e9s sur le Cloud con\u00e7us pour soutenir votre couture et votre cr\u00e9ativit\u00e9 !<\/p>\n<p><a href=\"https:\/\/singerbenelux.com\/wp-content\/uploads\/2018\/02\/SE9185_Flyer_FR.pdf\" target=\"_blank\" rel=\"noopener\"><img loading=\"lazy\" class=\"alignnone wp-image-17937 size-full\" src=\"https:\/\/www.maisonschwind.lu\/shop\/wp-content\/uploads\/2022\/09\/pdf-brochure-fr-3.png\" alt=\"\" width=\"150\" height=\"60\" \/><\/a><\/p>\n<p><em>DESIGN BOOKLET<\/em> = CLICK <strong><a href=\"https:\/\/singerbenelux.com\/wp-content\/uploads\/2018\/02\/Design_Booklet_SE91XX.pdf\">HERE<\/a><\/strong><\/p>\n<p>Garantie 2 ans + 1 an si enregistrement produit<\/p>\n","protected":false},"featured_media":59469,"comment_status":"closed","ping_status":"closed","template":"","meta":[],"product_cat":[1375,1380],"product_tag":[],"aioseo_notices":[],"_links":{"self":[{"href":"https:\/\/www.maisonschwind.lu\/fr\/wp-json\/wp\/v2\/product\/59482"}],"collection":[{"href":"https:\/\/www.maisonschwind.lu\/fr\/wp-json\/wp\/v2\/product"}],"about":[{"href":"https:\/\/www.maisonschwind.lu\/fr\/wp-json\/wp\/v2\/types\/product"}],"replies":[{"embeddable":true,"href":"https:\/\/www.maisonschwind.lu\/fr\/wp-json\/wp\/v2\/comments?post=59482"}],"version-history":[{"count":2,"href":"https:\/\/www.maisonschwind.lu\/fr\/wp-json\/wp\/v2\/product\/59482\/revisions"}],"predecessor-version":[{"id":59488,"href":"https:\/\/www.maisonschwind.lu\/fr\/wp-json\/wp\/v2\/product\/59482\/revisions\/59488"}],"wp:featuredmedia":[{"embeddable":true,"href":"https:\/\/www.maisonschwind.lu\/fr\/wp-json\/wp\/v2\/media\/59469"}],"wp:attachment":[{"href":"https:\/\/www.maisonschwind.lu\/fr\/wp-json\/wp\/v2\/media?parent=59482"}],"wp:term":[{"taxonomy":"product_cat","embeddable":true,"href":"https:\/\/www.maisonschwind.lu\/fr\/wp-json\/wp\/v2\/product_cat?post=59482"},{"taxonomy":"product_tag","embeddable":true,"href":"https:\/\/www.maisonschwind.lu\/fr\/wp-json\/wp\/v2\/product_tag?post=59482"}],"curies":[{"name":"wp","href":"https:\/\/api.w.org\/{rel}","templated":true}]}}