{"id":59533,"date":"2025-10-07T13:02:48","date_gmt":"2025-10-07T11:02:48","guid":{"rendered":"https:\/\/www.maisonschwind.lu\/product\/singer-momento-square-press\/"},"modified":"2025-10-07T13:08:50","modified_gmt":"2025-10-07T11:08:50","slug":"singer-momento-square-press","status":"publish","type":"product","link":"https:\/\/www.maisonschwind.lu\/fr\/produit\/singer-momento-square-press\/","title":{"rendered":"Singer Momento\u2122 Square Press"},"content":{"rendered":"\t\t<div data-elementor-type=\"wp-post\" data-elementor-id=\"59533\" class=\"elementor elementor-59533 elementor-59522\">\n\t\t\t\t\t\t\t\t\t<section class=\"elementor-section elementor-top-section elementor-element elementor-element-10749cc8 elementor-section-boxed elementor-section-height-default elementor-section-height-default\" data-id=\"10749cc8\" data-element_type=\"section\">\n\t\t\t\t\t\t<div class=\"elementor-container elementor-column-gap-default\">\n\t\t\t\t\t<div class=\"elementor-column elementor-col-100 elementor-top-column elementor-element elementor-element-3391f45a\" data-id=\"3391f45a\" data-element_type=\"column\">\n\t\t\t<div class=\"elementor-widget-wrap elementor-element-populated\">\n\t\t\t\t\t\t\t\t<div class=\"elementor-element elementor-element-241e0352 elementor-widget elementor-widget-text-editor\" data-id=\"241e0352\" data-element_type=\"widget\" data-widget_type=\"text-editor.default\">\n\t\t\t\t<div class=\"elementor-widget-container\">\n\t\t\t<style>\/*! elementor - v3.6.7 - 03-07-2022 *\/\n.elementor-widget-text-editor.elementor-drop-cap-view-stacked .elementor-drop-cap{background-color:#818a91;color:#fff}.elementor-widget-text-editor.elementor-drop-cap-view-framed .elementor-drop-cap{color:#818a91;border:3px solid;background-color:transparent}.elementor-widget-text-editor:not(.elementor-drop-cap-view-default) .elementor-drop-cap{margin-top:8px}.elementor-widget-text-editor:not(.elementor-drop-cap-view-default) .elementor-drop-cap-letter{width:1em;height:1em}.elementor-widget-text-editor .elementor-drop-cap{float:left;text-align:center;line-height:1;font-size:50px}.elementor-widget-text-editor .elementor-drop-cap-letter{display:inline-block}<\/style>\t\t\t\t<p><strong>Points forts :\u00a0<\/strong><\/p><ul><li><strong>Polyvalente :<\/strong>\u00a0Notre presse \u00e0 chaud carr\u00e9e 9\u00d79\u2033 peut traiter les petits et les grands projets avec facilit\u00e9.<\/li><li><strong>Chauffage homog\u00e8ne :<\/strong>\u00a0Obtenez des r\u00e9sultats parfaits \u00e0 chaque fois gr\u00e2ce \u00e0 une r\u00e9partition homog\u00e8ne de la chaleur.<\/li><li><strong>Contr\u00f4le facile de la temp\u00e9rature et de l\u2019heure :<\/strong>\u00a0Notre bouton num\u00e9rique facilite le r\u00e9glage de l\u2019heure et de la temp\u00e9rature.<\/li><li><strong>Poign\u00e9e pleine largeur :<\/strong>\u00a0Notre conception facile \u00e0 saisir permet une utilisation d\u2019une ou deux mains et facilite le transport et le stockage.<\/li><li><strong>Durable :<\/strong>\u00a0Construction durable pour une utilisation \u00e0 long terme.<\/li><li><strong>Facile \u00e0 utiliser<\/strong>: Nos commandes simples et nos instructions claires facilitent la mise en route.<\/li><\/ul><p>Les produits SINGER\u00ae Momento\u2122 sont sp\u00e9cialement con\u00e7us pour les hobbyistes enthousiastes qui laissent libre cours \u00e0 leur cr\u00e9ativit\u00e9 en cr\u00e9ant des projets uniques \u00e0 l\u2019aide de diff\u00e9rentes techniques et comp\u00e9tences.<\/p>\t\t\t\t\t\t<\/div>\n\t\t\t\t<\/div>\n\t\t\t\t\t<\/div>\n\t\t<\/div>\n\t\t\t\t\t\t\t<\/div>\n\t\t<\/section>\n\t\t\t\t\t\t\t<\/div>\n\t\t","protected":false},"excerpt":{"rendered":"<p>Cette presse \u00e0 chaud carr\u00e9e et pratique est indispensable \u00e0 tous les hobbyistes ! Pour des r\u00e9sultats de premi\u00e8re qualit\u00e9, \u00e0 chaque fois !<\/p>\n<ul>\n<li>Presse \u00e0 chaud carr\u00e9e 23 x 23 cm<\/li>\n<li>Tapis de pressage<\/li>\n<li>Base de s\u00e9curit\u00e9<\/li>\n<\/ul>\n","protected":false},"featured_media":59526,"comment_status":"closed","ping_status":"closed","template":"","meta":[],"product_cat":[1572],"product_tag":[],"aioseo_notices":[],"_links":{"self":[{"href":"https:\/\/www.maisonschwind.lu\/fr\/wp-json\/wp\/v2\/product\/59533"}],"collection":[{"href":"https:\/\/www.maisonschwind.lu\/fr\/wp-json\/wp\/v2\/product"}],"about":[{"href":"https:\/\/www.maisonschwind.lu\/fr\/wp-json\/wp\/v2\/types\/product"}],"replies":[{"embeddable":true,"href":"https:\/\/www.maisonschwind.lu\/fr\/wp-json\/wp\/v2\/comments?post=59533"}],"version-history":[{"count":2,"href":"https:\/\/www.maisonschwind.lu\/fr\/wp-json\/wp\/v2\/product\/59533\/revisions"}],"predecessor-version":[{"id":59539,"href":"https:\/\/www.maisonschwind.lu\/fr\/wp-json\/wp\/v2\/product\/59533\/revisions\/59539"}],"wp:featuredmedia":[{"embeddable":true,"href":"https:\/\/www.maisonschwind.lu\/fr\/wp-json\/wp\/v2\/media\/59526"}],"wp:attachment":[{"href":"https:\/\/www.maisonschwind.lu\/fr\/wp-json\/wp\/v2\/media?parent=59533"}],"wp:term":[{"taxonomy":"product_cat","embeddable":true,"href":"https:\/\/www.maisonschwind.lu\/fr\/wp-json\/wp\/v2\/product_cat?post=59533"},{"taxonomy":"product_tag","embeddable":true,"href":"https:\/\/www.maisonschwind.lu\/fr\/wp-json\/wp\/v2\/product_tag?post=59533"}],"curies":[{"name":"wp","href":"https:\/\/api.w.org\/{rel}","templated":true}]}}