{"id":59602,"date":"2025-10-07T13:21:27","date_gmt":"2025-10-07T11:21:27","guid":{"rendered":"https:\/\/www.maisonschwind.lu\/product\/singer-intelligent-2-0-26%e2%80%b3\/"},"modified":"2025-10-07T13:31:10","modified_gmt":"2025-10-07T11:31:10","slug":"singer-intelligent-2-0-26%e2%80%b3","status":"publish","type":"product","link":"https:\/\/www.maisonschwind.lu\/fr\/produit\/singer-intelligent-2-0-26%e2%80%b3\/","title":{"rendered":"Singer Intelligent\u2122 2.0 \u2013 26\u2033"},"content":{"rendered":"\t\t<div data-elementor-type=\"wp-post\" data-elementor-id=\"59602\" class=\"elementor elementor-59602 elementor-59575\">\n\t\t\t\t\t\t\t\t\t<section class=\"elementor-section elementor-top-section elementor-element elementor-element-10749cc8 elementor-section-boxed elementor-section-height-default elementor-section-height-default\" data-id=\"10749cc8\" data-element_type=\"section\">\n\t\t\t\t\t\t<div class=\"elementor-container elementor-column-gap-default\">\n\t\t\t\t\t<div class=\"elementor-column elementor-col-100 elementor-top-column elementor-element elementor-element-3391f45a\" data-id=\"3391f45a\" data-element_type=\"column\">\n\t\t\t<div class=\"elementor-widget-wrap elementor-element-populated\">\n\t\t\t\t\t\t\t\t<div class=\"elementor-element elementor-element-241e0352 elementor-widget elementor-widget-text-editor\" data-id=\"241e0352\" data-element_type=\"widget\" data-widget_type=\"text-editor.default\">\n\t\t\t\t<div class=\"elementor-widget-container\">\n\t\t\t<style>\/*! elementor - v3.6.7 - 03-07-2022 *\/\n.elementor-widget-text-editor.elementor-drop-cap-view-stacked .elementor-drop-cap{background-color:#818a91;color:#fff}.elementor-widget-text-editor.elementor-drop-cap-view-framed .elementor-drop-cap{color:#818a91;border:3px solid;background-color:transparent}.elementor-widget-text-editor:not(.elementor-drop-cap-view-default) .elementor-drop-cap{margin-top:8px}.elementor-widget-text-editor:not(.elementor-drop-cap-view-default) .elementor-drop-cap-letter{width:1em;height:1em}.elementor-widget-text-editor .elementor-drop-cap{float:left;text-align:center;line-height:1;font-size:50px}.elementor-widget-text-editor .elementor-drop-cap-letter{display:inline-block}<\/style>\t\t\t\t<div class=\"wpb_text_column wpb_content_element vc_custom_1750323126722\"><div class=\"wpb_wrapper\"><h5>Contr\u00f4le num\u00e9rique SMART facile et intuitif<\/h5><\/div><\/div><div class=\"wpb_text_column wpb_content_element vc_custom_1750323174826\"><div class=\"wpb_wrapper\"><p><strong>Mode Facile<\/strong>\u00a0\u2013 5 options pr\u00e9r\u00e9gl\u00e9es pour la s\u00e9lection des tissus.\u00a0<strong>Mode Pro<\/strong>\u00a0\u2013 r\u00e9glage enti\u00e8rement personnalisable de la temp\u00e9rature et du temps.<\/p><div class=\"wpb_text_column wpb_content_element vc_custom_1750323236434\"><div class=\"wpb_wrapper\"><h5>Deux options de diffusion de vapeur<\/h5><\/div><\/div><div class=\"wpb_text_column wpb_content_element vc_custom_1750323261624\"><div class=\"wpb_wrapper\"><p>D\u00e9bit vapeur continu de 110 g\/min avec deux boutons pratiques pour des jets de vapeur \u00e0 la demande.<\/p><div class=\"wpb_text_column wpb_content_element vc_custom_1750764283872\"><div class=\"wpb_wrapper\"><h5>Bords de protection contre la chaleur<\/h5><\/div><\/div><div class=\"wpb_text_column wpb_content_element vc_custom_1750764296009\"><div class=\"wpb_wrapper\"><p>Les bords situ\u00e9s dans les coins de la presse vous prot\u00e8gent du contact avec la surface m\u00e9tallique chauff\u00e9e.<\/p><div class=\"wpb_text_column wpb_content_element vc_custom_1750323647181\"><div class=\"wpb_wrapper\"><h5>R\u00e9servoir d\u2019eau et filtre \u00e0 eau rempla\u00e7able<\/h5><\/div><\/div><div class=\"wpb_text_column wpb_content_element vc_custom_1750323671639\"><div class=\"wpb_wrapper\"><p>R\u00e9servoir d\u2019eau de 1000 ml facile \u00e0 remplir et filtre rempla\u00e7able permettant d\u2019utiliser l\u2019eau du robinet ; l\u2019affichage num\u00e9rique avertit lorsque le filtre doit \u00eatre<br \/>remplac\u00e9.<\/p><div class=\"wpb_text_column wpb_content_element vc_custom_1750323689326\"><div class=\"wpb_wrapper\"><h5>Adapt\u00e9 au support optionnel<\/h5><\/div><\/div><div class=\"wpb_text_column wpb_content_element vc_custom_1757333575293\"><div class=\"wpb_wrapper\"><p>Avec le support optionnel r\u00e9glable en hauteur, vous pouvez presser confortablement, sans table, assis ou debout.\u00a0<\/p><\/div><\/div><\/div><\/div><\/div><\/div><\/div><\/div><\/div><\/div>\t\t\t\t\t\t<\/div>\n\t\t\t\t<\/div>\n\t\t\t\t\t<\/div>\n\t\t<\/div>\n\t\t\t\t\t\t\t<\/div>\n\t\t<\/section>\n\t\t\t\t\t\t\t<\/div>\n\t\t","protected":false},"excerpt":{"rendered":"<p><strong>Repassage efficace et de haute qualit\u00e9 !<\/strong><br \/>\nAvec une surface de repassage 7 fois plus grande qu\u2019un fer \u00e0 repasser standard, la presse \u00e0 repasser SINGER\u00ae INTELLIGENT\u2122 2.0 26\u2033 permet d\u2019obtenir des r\u00e9sultats de haute qualit\u00e9 en une fraction du temps. Repassez facilement des chemises, des pantalons, du linge de maison, du tissu pour des projets de couture et bien plus encore \u2013 avec ou sans vapeur. La taille g\u00e9n\u00e9reuse et la r\u00e9partition uniforme de la chaleur font de cette presse un outil id\u00e9al pour la couture, le quilting et les travaux manuels. La presse peut \u00eatre utilis\u00e9e sur une table pour plus de commodit\u00e9.<\/p>\n<p><a href=\"https:\/\/singerbenelux.com\/wp-content\/uploads\/2025\/06\/SINGER-Intelligent2.0-26Inch-SteamPress-OnePager-A4_FR.pdf\" target=\"_blank\" rel=\"noopener\"><img loading=\"lazy\" class=\"alignnone wp-image-17937 size-full\" src=\"https:\/\/www.maisonschwind.lu\/shop\/wp-content\/uploads\/2022\/09\/pdf-brochure-fr-3.png\" alt=\"\" width=\"150\" height=\"60\" \/><\/a><\/p>\n<p>Garantie 2 ans<\/p>\n","protected":false},"featured_media":59577,"comment_status":"closed","ping_status":"closed","template":"","meta":[],"product_cat":[1572,1387],"product_tag":[],"aioseo_notices":[],"_links":{"self":[{"href":"https:\/\/www.maisonschwind.lu\/fr\/wp-json\/wp\/v2\/product\/59602"}],"collection":[{"href":"https:\/\/www.maisonschwind.lu\/fr\/wp-json\/wp\/v2\/product"}],"about":[{"href":"https:\/\/www.maisonschwind.lu\/fr\/wp-json\/wp\/v2\/types\/product"}],"replies":[{"embeddable":true,"href":"https:\/\/www.maisonschwind.lu\/fr\/wp-json\/wp\/v2\/comments?post=59602"}],"version-history":[{"count":2,"href":"https:\/\/www.maisonschwind.lu\/fr\/wp-json\/wp\/v2\/product\/59602\/revisions"}],"predecessor-version":[{"id":59608,"href":"https:\/\/www.maisonschwind.lu\/fr\/wp-json\/wp\/v2\/product\/59602\/revisions\/59608"}],"wp:featuredmedia":[{"embeddable":true,"href":"https:\/\/www.maisonschwind.lu\/fr\/wp-json\/wp\/v2\/media\/59577"}],"wp:attachment":[{"href":"https:\/\/www.maisonschwind.lu\/fr\/wp-json\/wp\/v2\/media?parent=59602"}],"wp:term":[{"taxonomy":"product_cat","embeddable":true,"href":"https:\/\/www.maisonschwind.lu\/fr\/wp-json\/wp\/v2\/product_cat?post=59602"},{"taxonomy":"product_tag","embeddable":true,"href":"https:\/\/www.maisonschwind.lu\/fr\/wp-json\/wp\/v2\/product_tag?post=59602"}],"curies":[{"name":"wp","href":"https:\/\/api.w.org\/{rel}","templated":true}]}}