{"id":59696,"date":"2025-10-07T14:30:54","date_gmt":"2025-10-07T12:30:54","guid":{"rendered":"https:\/\/www.maisonschwind.lu\/product\/dileta-i7\/"},"modified":"2025-10-07T14:38:29","modified_gmt":"2025-10-07T12:38:29","slug":"dileta-i7","status":"publish","type":"product","link":"https:\/\/www.maisonschwind.lu\/fr\/produit\/dileta-i7\/","title":{"rendered":"DILETA I7"},"content":{"rendered":"\t\t<div data-elementor-type=\"wp-post\" data-elementor-id=\"59696\" class=\"elementor elementor-59696 elementor-59685\">\n\t\t\t\t\t\t\t\t\t<section class=\"elementor-section elementor-top-section elementor-element elementor-element-10749cc8 elementor-section-boxed elementor-section-height-default elementor-section-height-default\" data-id=\"10749cc8\" data-element_type=\"section\">\n\t\t\t\t\t\t<div class=\"elementor-container elementor-column-gap-default\">\n\t\t\t\t\t<div class=\"elementor-column elementor-col-100 elementor-top-column elementor-element elementor-element-3391f45a\" data-id=\"3391f45a\" data-element_type=\"column\">\n\t\t\t<div class=\"elementor-widget-wrap elementor-element-populated\">\n\t\t\t\t\t\t\t\t<div class=\"elementor-element elementor-element-241e0352 elementor-widget elementor-widget-text-editor\" data-id=\"241e0352\" data-element_type=\"widget\" data-widget_type=\"text-editor.default\">\n\t\t\t\t<div class=\"elementor-widget-container\">\n\t\t\t<style>\/*! elementor - v3.6.7 - 03-07-2022 *\/\n.elementor-widget-text-editor.elementor-drop-cap-view-stacked .elementor-drop-cap{background-color:#818a91;color:#fff}.elementor-widget-text-editor.elementor-drop-cap-view-framed .elementor-drop-cap{color:#818a91;border:3px solid;background-color:transparent}.elementor-widget-text-editor:not(.elementor-drop-cap-view-default) .elementor-drop-cap{margin-top:8px}.elementor-widget-text-editor:not(.elementor-drop-cap-view-default) .elementor-drop-cap-letter{width:1em;height:1em}.elementor-widget-text-editor .elementor-drop-cap{float:left;text-align:center;line-height:1;font-size:50px}.elementor-widget-text-editor .elementor-drop-cap-letter{display:inline-block}<\/style>\t\t\t\t<p><strong>Principales caract\u00e9ristiques\u00a0:<\/strong><\/p><p>Fonction vapeur r\u00e9glable pour une performance optimale sur tout type de tissu.<\/p><p>Interrupteur chaudi\u00e8re et fer s\u00e9par\u00e9s pour un fonctionnement \u00e9conome en \u00e9nergie.<\/p><p>Voyants vapeur (orange) et eau vide (rouge) pour une utilisation intuitive.<\/p><p>Kit de vidange et de d\u00e9tartrage pour un entretien facile et une dur\u00e9e de vie prolong\u00e9e.<\/p><p>R\u00e9servoir d&#8217;eau froide avec bouchon amovible\u00a0: remplissage s\u00e9curis\u00e9, sans perte de pression ni temps d&#8217;attente.<\/p><p>Thermostat et bouton vapeur int\u00e9gr\u00e9s pour un contr\u00f4le pr\u00e9cis pendant le repassage.<\/p><p>Semelle haute qualit\u00e9 pour une r\u00e9partition homog\u00e8ne de la chaleur et une excellente glisse.<\/p><p>Poign\u00e9e ergonomique et repose-fer antid\u00e9rapant pour une utilisation s\u00fbre et confortable.<\/p><p>Bouton de s\u00e9curit\u00e9 pour une fixation s\u00fbre des pi\u00e8ces pendant le transport ou le rangement.<\/p><p>Cordon d&#8217;alimentation robuste avec connexion s\u00e9curis\u00e9e pour une utilisation longue dur\u00e9e.<\/p>\t\t\t\t\t\t<\/div>\n\t\t\t\t<\/div>\n\t\t\t\t\t<\/div>\n\t\t<\/div>\n\t\t\t\t\t\t\t<\/div>\n\t\t<\/section>\n\t\t\t\t\t\t\t<\/div>\n\t\t","protected":false},"excerpt":{"rendered":"<p><strong>Puissance vapeur intelligente et pr\u00e9cision in\u00e9gal\u00e9e<\/strong><\/p>\n<p>La Dileta I7 est une centrale vapeur haut de gamme offrant un contr\u00f4le, un confort et une durabilit\u00e9 exceptionnels. Con\u00e7ue avec les derni\u00e8res technologies et une grande simplicit\u00e9 d&#8217;utilisation, la I7 offre des performances impressionnantes \u00e0 chaque repassage. Que vous repassiez des tissus d\u00e9licats ou \u00e9pais, la I7 vous garantit des r\u00e9sultats professionnels \u00e0 chaque fois.<\/p>\n<p><strong>Garantie 10 ans<\/strong><\/p>\n","protected":false},"featured_media":59687,"comment_status":"closed","ping_status":"closed","template":"","meta":[],"product_cat":[1387],"product_tag":[],"aioseo_notices":[],"_links":{"self":[{"href":"https:\/\/www.maisonschwind.lu\/fr\/wp-json\/wp\/v2\/product\/59696"}],"collection":[{"href":"https:\/\/www.maisonschwind.lu\/fr\/wp-json\/wp\/v2\/product"}],"about":[{"href":"https:\/\/www.maisonschwind.lu\/fr\/wp-json\/wp\/v2\/types\/product"}],"replies":[{"embeddable":true,"href":"https:\/\/www.maisonschwind.lu\/fr\/wp-json\/wp\/v2\/comments?post=59696"}],"version-history":[{"count":2,"href":"https:\/\/www.maisonschwind.lu\/fr\/wp-json\/wp\/v2\/product\/59696\/revisions"}],"predecessor-version":[{"id":59702,"href":"https:\/\/www.maisonschwind.lu\/fr\/wp-json\/wp\/v2\/product\/59696\/revisions\/59702"}],"wp:featuredmedia":[{"embeddable":true,"href":"https:\/\/www.maisonschwind.lu\/fr\/wp-json\/wp\/v2\/media\/59687"}],"wp:attachment":[{"href":"https:\/\/www.maisonschwind.lu\/fr\/wp-json\/wp\/v2\/media?parent=59696"}],"wp:term":[{"taxonomy":"product_cat","embeddable":true,"href":"https:\/\/www.maisonschwind.lu\/fr\/wp-json\/wp\/v2\/product_cat?post=59696"},{"taxonomy":"product_tag","embeddable":true,"href":"https:\/\/www.maisonschwind.lu\/fr\/wp-json\/wp\/v2\/product_tag?post=59696"}],"curies":[{"name":"wp","href":"https:\/\/api.w.org\/{rel}","templated":true}]}}