{"id":59706,"date":"2025-10-07T14:26:38","date_gmt":"2025-10-07T12:26:38","guid":{"rendered":"https:\/\/www.maisonschwind.lu\/product\/dileta-i5\/"},"modified":"2025-10-07T14:40:28","modified_gmt":"2025-10-07T12:40:28","slug":"dileta-i5","status":"publish","type":"product","link":"https:\/\/www.maisonschwind.lu\/fr\/produit\/dileta-i5\/","title":{"rendered":"DILETA I5"},"content":{"rendered":"\t\t<div data-elementor-type=\"wp-post\" data-elementor-id=\"59706\" class=\"elementor elementor-59706 elementor-59674\">\n\t\t\t\t\t\t\t\t\t<section class=\"elementor-section elementor-top-section elementor-element elementor-element-10749cc8 elementor-section-boxed elementor-section-height-default elementor-section-height-default\" data-id=\"10749cc8\" data-element_type=\"section\">\n\t\t\t\t\t\t<div class=\"elementor-container elementor-column-gap-default\">\n\t\t\t\t\t<div class=\"elementor-column elementor-col-100 elementor-top-column elementor-element elementor-element-3391f45a\" data-id=\"3391f45a\" data-element_type=\"column\">\n\t\t\t<div class=\"elementor-widget-wrap elementor-element-populated\">\n\t\t\t\t\t\t\t\t<div class=\"elementor-element elementor-element-241e0352 elementor-widget elementor-widget-text-editor\" data-id=\"241e0352\" data-element_type=\"widget\" data-widget_type=\"text-editor.default\">\n\t\t\t\t<div class=\"elementor-widget-container\">\n\t\t\t<style>\/*! elementor - v3.6.7 - 03-07-2022 *\/\n.elementor-widget-text-editor.elementor-drop-cap-view-stacked .elementor-drop-cap{background-color:#818a91;color:#fff}.elementor-widget-text-editor.elementor-drop-cap-view-framed .elementor-drop-cap{color:#818a91;border:3px solid;background-color:transparent}.elementor-widget-text-editor:not(.elementor-drop-cap-view-default) .elementor-drop-cap{margin-top:8px}.elementor-widget-text-editor:not(.elementor-drop-cap-view-default) .elementor-drop-cap-letter{width:1em;height:1em}.elementor-widget-text-editor .elementor-drop-cap{float:left;text-align:center;line-height:1;font-size:50px}.elementor-widget-text-editor .elementor-drop-cap-letter{display:inline-block}<\/style>\t\t\t\t<p><strong>Principales caract\u00e9ristiques\u00a0:<\/strong><\/p><p>Ouverture de remplissage avec bouchon pour un remplissage facile du r\u00e9servoir d&#8217;eau.<\/p><p>R\u00e9gulateurs de vapeur et de pression pour ajuster l&#8217;intensit\u00e9 de la vapeur \u00e0 tout type de tissu.<\/p><p>Interrupteurs s\u00e9par\u00e9s pour la chaudi\u00e8re et le fer.<\/p><p>Voyant orange \u00ab\u00a0vapeur pr\u00eate\u00a0\u00bb indique lorsque la temp\u00e9rature id\u00e9ale est atteinte.<\/p><p>Voyant rouge \u00ab\u00a0vide d&#8217;eau\u00a0\u00bb pour un remplissage rapide\u00a0: plus de panne de vapeur inopin\u00e9e.<\/p><p>Bouton de thermostat pour un r\u00e9glage pr\u00e9cis de la temp\u00e9rature.<\/p><p>Bouton vapeur int\u00e9gr\u00e9 \u00e0 la poign\u00e9e ergonomique pour un contr\u00f4le direct.<\/p><p>Semelle de haute qualit\u00e9 pour une r\u00e9partition homog\u00e8ne de la chaleur.<\/p><p>Cordon d&#8217;alimentation avec connexion s\u00e9curis\u00e9e et longueur suffisante pour une utilisation flexible.<\/p>\t\t\t\t\t\t<\/div>\n\t\t\t\t<\/div>\n\t\t\t\t\t<\/div>\n\t\t<\/div>\n\t\t\t\t\t\t\t<\/div>\n\t\t<\/section>\n\t\t\t\t\t\t\t<\/div>\n\t\t","protected":false},"excerpt":{"rendered":"<p>Centrale vapeur puissante pour des r\u00e9sultats impeccables<\/p>\n<p>Avec la Dileta C5, profitez de la puissance vapeur professionnelle \u00e0 domicile. Cette centrale vapeur avanc\u00e9e est con\u00e7ue pour ceux qui exigent des performances optimales, \u00e0 la maison comme en milieu professionnel. Gr\u00e2ce \u00e0 un contr\u00f4le pr\u00e9cis de la temp\u00e9rature, un d\u00e9bit vapeur puissant et des fonctions de s\u00e9curit\u00e9 intelligentes, la C5 garantit des r\u00e9sultats de repassage parfaits au quotidien.<\/p>\n<p><strong>Garantie 10 ans<\/strong><\/p>\n","protected":false},"featured_media":59676,"comment_status":"closed","ping_status":"closed","template":"","meta":[],"product_cat":[1387],"product_tag":[],"aioseo_notices":[],"_links":{"self":[{"href":"https:\/\/www.maisonschwind.lu\/fr\/wp-json\/wp\/v2\/product\/59706"}],"collection":[{"href":"https:\/\/www.maisonschwind.lu\/fr\/wp-json\/wp\/v2\/product"}],"about":[{"href":"https:\/\/www.maisonschwind.lu\/fr\/wp-json\/wp\/v2\/types\/product"}],"replies":[{"embeddable":true,"href":"https:\/\/www.maisonschwind.lu\/fr\/wp-json\/wp\/v2\/comments?post=59706"}],"version-history":[{"count":2,"href":"https:\/\/www.maisonschwind.lu\/fr\/wp-json\/wp\/v2\/product\/59706\/revisions"}],"predecessor-version":[{"id":59712,"href":"https:\/\/www.maisonschwind.lu\/fr\/wp-json\/wp\/v2\/product\/59706\/revisions\/59712"}],"wp:featuredmedia":[{"embeddable":true,"href":"https:\/\/www.maisonschwind.lu\/fr\/wp-json\/wp\/v2\/media\/59676"}],"wp:attachment":[{"href":"https:\/\/www.maisonschwind.lu\/fr\/wp-json\/wp\/v2\/media?parent=59706"}],"wp:term":[{"taxonomy":"product_cat","embeddable":true,"href":"https:\/\/www.maisonschwind.lu\/fr\/wp-json\/wp\/v2\/product_cat?post=59706"},{"taxonomy":"product_tag","embeddable":true,"href":"https:\/\/www.maisonschwind.lu\/fr\/wp-json\/wp\/v2\/product_tag?post=59706"}],"curies":[{"name":"wp","href":"https:\/\/api.w.org\/{rel}","templated":true}]}}