{"id":59743,"date":"2025-10-07T14:47:25","date_gmt":"2025-10-07T12:47:25","guid":{"rendered":"https:\/\/www.maisonschwind.lu\/product\/dileta-b7\/"},"modified":"2025-10-07T14:53:50","modified_gmt":"2025-10-07T12:53:50","slug":"dileta-b7","status":"publish","type":"product","link":"https:\/\/www.maisonschwind.lu\/fr\/produit\/dileta-b7\/","title":{"rendered":"DILETA B7"},"content":{"rendered":"\t\t<div data-elementor-type=\"wp-post\" data-elementor-id=\"59743\" class=\"elementor elementor-59743 elementor-59729\">\n\t\t\t\t\t\t\t\t\t<section class=\"elementor-section elementor-top-section elementor-element elementor-element-10749cc8 elementor-section-boxed elementor-section-height-default elementor-section-height-default\" data-id=\"10749cc8\" data-element_type=\"section\">\n\t\t\t\t\t\t<div class=\"elementor-container elementor-column-gap-default\">\n\t\t\t\t\t<div class=\"elementor-column elementor-col-100 elementor-top-column elementor-element elementor-element-3391f45a\" data-id=\"3391f45a\" data-element_type=\"column\">\n\t\t\t<div class=\"elementor-widget-wrap elementor-element-populated\">\n\t\t\t\t\t\t\t\t<div class=\"elementor-element elementor-element-241e0352 elementor-widget elementor-widget-text-editor\" data-id=\"241e0352\" data-element_type=\"widget\" data-widget_type=\"text-editor.default\">\n\t\t\t\t<div class=\"elementor-widget-container\">\n\t\t\t<style>\/*! elementor - v3.6.7 - 03-07-2022 *\/\n.elementor-widget-text-editor.elementor-drop-cap-view-stacked .elementor-drop-cap{background-color:#818a91;color:#fff}.elementor-widget-text-editor.elementor-drop-cap-view-framed .elementor-drop-cap{color:#818a91;border:3px solid;background-color:transparent}.elementor-widget-text-editor:not(.elementor-drop-cap-view-default) .elementor-drop-cap{margin-top:8px}.elementor-widget-text-editor:not(.elementor-drop-cap-view-default) .elementor-drop-cap-letter{width:1em;height:1em}.elementor-widget-text-editor .elementor-drop-cap{float:left;text-align:center;line-height:1;font-size:50px}.elementor-widget-text-editor .elementor-drop-cap-letter{display:inline-block}<\/style>\t\t\t\t<p><strong>Principales caract\u00e9ristiques\u00a0:<\/strong><\/p><p>D\u00e9bit vapeur puissant gr\u00e2ce \u00e0 un tuyau vapeur de haute qualit\u00e9 et une poign\u00e9e ergonomique.<\/p><p>Bouton de r\u00e9glage de la temp\u00e9rature avec voyants lumineux indiquant la temp\u00e9rature ou la pression de vapeur souhait\u00e9e.<\/p><p>Le syst\u00e8me d&#8217;aspiration et de soufflage (r\u00e9glable en positions I et II) maintient les tissus fermement en place ou les laisse flotter pour un r\u00e9sultat impeccable.<\/p><p>Indicateurs d&#8217;entretien et de niveau d&#8217;eau pour une s\u00e9curit\u00e9 et une facilit\u00e9 d&#8217;utilisation optimales.<\/p><p>R\u00e9glage de la hauteur par simple levier\u00a0: pour un repassage ergonomique quelle que soit la hauteur de travail.<\/p><p>Bouton de r\u00e9initialisation et verrouillage de s\u00e9curit\u00e9 pour une tranquillit\u00e9 d&#8217;esprit accrue.<\/p><p>Chaudi\u00e8re avec bouchon de vidange pour un entretien facile et des performances durables.<\/p><p>Support \u00e0 v\u00eatements, support de fer et range-cordon int\u00e9gr\u00e9s pour un espace de travail optimal.<\/p>\t\t\t\t\t\t<\/div>\n\t\t\t\t<\/div>\n\t\t\t\t\t<\/div>\n\t\t<\/div>\n\t\t\t\t\t\t\t<\/div>\n\t\t<\/section>\n\t\t\t\t\t\t\t<\/div>\n\t\t","protected":false},"excerpt":{"rendered":"<p><strong>La table \u00e0 repasser vapeur professionnelle pour des r\u00e9sultats impeccables<\/strong><\/p>\n<p>D\u00e9couvrez l&#8217;alliance ultime de la technologie, du confort et de la performance avec la Dileta B7, une table \u00e0 repasser vapeur avanc\u00e9e sp\u00e9cialement con\u00e7ue pour les amateurs de perfection. Cette solution de repassage puissante et extr\u00eamement facile d&#8217;utilisation est con\u00e7ue pour un usage professionnel comme pour les particuliers exigeants.<\/p>\n<p><em>Contrairement aux produits similaires concurrents, ce mod\u00e8le est r\u00e9parable dans nos ateliers par nos soins<\/em><\/p>\n<p><strong>Garantie 10 ans<\/strong><\/p>\n","protected":false},"featured_media":59737,"comment_status":"closed","ping_status":"closed","template":"","meta":[],"product_cat":[1387],"product_tag":[],"aioseo_notices":[],"_links":{"self":[{"href":"https:\/\/www.maisonschwind.lu\/fr\/wp-json\/wp\/v2\/product\/59743"}],"collection":[{"href":"https:\/\/www.maisonschwind.lu\/fr\/wp-json\/wp\/v2\/product"}],"about":[{"href":"https:\/\/www.maisonschwind.lu\/fr\/wp-json\/wp\/v2\/types\/product"}],"replies":[{"embeddable":true,"href":"https:\/\/www.maisonschwind.lu\/fr\/wp-json\/wp\/v2\/comments?post=59743"}],"version-history":[{"count":2,"href":"https:\/\/www.maisonschwind.lu\/fr\/wp-json\/wp\/v2\/product\/59743\/revisions"}],"predecessor-version":[{"id":59749,"href":"https:\/\/www.maisonschwind.lu\/fr\/wp-json\/wp\/v2\/product\/59743\/revisions\/59749"}],"wp:featuredmedia":[{"embeddable":true,"href":"https:\/\/www.maisonschwind.lu\/fr\/wp-json\/wp\/v2\/media\/59737"}],"wp:attachment":[{"href":"https:\/\/www.maisonschwind.lu\/fr\/wp-json\/wp\/v2\/media?parent=59743"}],"wp:term":[{"taxonomy":"product_cat","embeddable":true,"href":"https:\/\/www.maisonschwind.lu\/fr\/wp-json\/wp\/v2\/product_cat?post=59743"},{"taxonomy":"product_tag","embeddable":true,"href":"https:\/\/www.maisonschwind.lu\/fr\/wp-json\/wp\/v2\/product_tag?post=59743"}],"curies":[{"name":"wp","href":"https:\/\/api.w.org\/{rel}","templated":true}]}}