{"id":60715,"date":"2025-10-15T11:05:44","date_gmt":"2025-10-15T09:05:44","guid":{"rendered":"https:\/\/www.maisonschwind.lu\/product\/valise-a-roulettes-babylock-bl-3000-11\/"},"modified":"2025-10-16T10:17:16","modified_gmt":"2025-10-16T08:17:16","slug":"valise-a-roulettes-babylock-bl-3000-11","status":"publish","type":"product","link":"https:\/\/www.maisonschwind.lu\/fr\/produit\/valise-a-roulettes-babylock-bl-3000-11\/","title":{"rendered":"Valise \u00e0 roulettes Babylock BL-3000-11"},"content":{"rendered":"\t\t<div data-elementor-type=\"wp-post\" data-elementor-id=\"60715\" class=\"elementor elementor-60715 elementor-60522\">\n\t\t\t\t\t\t\t\t\t<section class=\"elementor-section elementor-top-section elementor-element elementor-element-10749cc8 elementor-section-boxed elementor-section-height-default elementor-section-height-default\" data-id=\"10749cc8\" data-element_type=\"section\">\n\t\t\t\t\t\t<div class=\"elementor-container elementor-column-gap-default\">\n\t\t\t\t\t<div class=\"elementor-column elementor-col-100 elementor-top-column elementor-element elementor-element-3391f45a\" data-id=\"3391f45a\" data-element_type=\"column\">\n\t\t\t<div class=\"elementor-widget-wrap elementor-element-populated\">\n\t\t\t\t\t\t\t\t<div class=\"elementor-element elementor-element-241e0352 elementor-widget elementor-widget-text-editor\" data-id=\"241e0352\" data-element_type=\"widget\" data-widget_type=\"text-editor.default\">\n\t\t\t\t<div class=\"elementor-widget-container\">\n\t\t\t<style>\/*! elementor - v3.6.7 - 03-07-2022 *\/\n.elementor-widget-text-editor.elementor-drop-cap-view-stacked .elementor-drop-cap{background-color:#818a91;color:#fff}.elementor-widget-text-editor.elementor-drop-cap-view-framed .elementor-drop-cap{color:#818a91;border:3px solid;background-color:transparent}.elementor-widget-text-editor:not(.elementor-drop-cap-view-default) .elementor-drop-cap{margin-top:8px}.elementor-widget-text-editor:not(.elementor-drop-cap-view-default) .elementor-drop-cap-letter{width:1em;height:1em}.elementor-widget-text-editor .elementor-drop-cap{float:left;text-align:center;line-height:1;font-size:50px}.elementor-widget-text-editor .elementor-drop-cap-letter{display:inline-block}<\/style>\t\t\t\t<p class=\"p1\"><span class=\"s1\"><b>Compagnon de couture mobile pour les machines baby lock\u00a0!<\/b><\/span><\/p><p class=\"p1\"><span class=\"s1\">Il permet de transporter nos machines en toute s\u00e9curit\u00e9 et de mani\u00e8re confortable \u00e0 chaque cours de couture, atelier ou rencontre avec des amis sur ce th\u00e8me. Valise \u00e0 roulettes \/ trolley est robuste et stable, tout en \u00e9tant un v\u00e9ritable poids plume.<\/span><\/p><p class=\"p1\">Gr\u00e2ce \u00e0 ses nombreux compartiments int\u00e9rieurs et ext\u00e9rieurs, tout est rang\u00e9 \u00e0 port\u00e9e de main : pieds presseurs, fils, tissus ou autres accessoires y trouvent leur place. La valise peut \u00eatre d\u00e9plac\u00e9e sans effort gr\u00e2ce \u00e0 ses roulettes et \u00e0 sa poign\u00e9e t\u00e9lescopique. Ses poign\u00e9es lat\u00e9rales facilitent le rangement dans le coffre de la voiture (par exemple).\u00a0<\/p>\t\t\t\t\t\t<\/div>\n\t\t\t\t<\/div>\n\t\t\t\t\t<\/div>\n\t\t<\/div>\n\t\t\t\t\t\t\t<\/div>\n\t\t<\/section>\n\t\t\t\t\t\t\t<\/div>\n\t\t","protected":false},"excerpt":{"rendered":"<ul>\n<li class=\"p2\">Adapt\u00e9e aux machines baby lock <strong>Enlighten, Enspire, Victory, Cover stitch\/blcs, Desire3<\/strong><\/li>\n<li class=\"p3\">Dimensions valise \u00e0 roulettes en cm (l x h x p) : 38 x 46 x 36. Hauteur avec poign\u00e9e d\u00e9ploy\u00e9e :<span class=\"Apple-converted-space\">\u00a0\u00a0<\/span>env. 100 cm<\/li>\n<li class=\"p3\">Poids \u00e0 vide : 3 kg<\/li>\n<li class=\"p3\">4 poches int\u00e9rieures et 3 poches ext\u00e9rieures<\/li>\n<li class=\"p3\">Toile r\u00e9sistante, hydrofuge et facile d\u2018entretien<\/li>\n<li class=\"p3\">Rangement et d\u00e9ballage faciles de la machine<\/li>\n<li class=\"p3\">Maniement confortable gr\u00e2ce aux roulettes, \u00e0 la poign\u00e9e t\u00e9lescopique \u00e0 \u2009deux niveaux et aux poign\u00e9es de transport lat\u00e9rales<\/li>\n<\/ul>\n","protected":false},"featured_media":60530,"comment_status":"closed","ping_status":"closed","template":"","meta":[],"product_cat":[1516,1397,1391],"product_tag":[],"aioseo_notices":[],"_links":{"self":[{"href":"https:\/\/www.maisonschwind.lu\/fr\/wp-json\/wp\/v2\/product\/60715"}],"collection":[{"href":"https:\/\/www.maisonschwind.lu\/fr\/wp-json\/wp\/v2\/product"}],"about":[{"href":"https:\/\/www.maisonschwind.lu\/fr\/wp-json\/wp\/v2\/types\/product"}],"replies":[{"embeddable":true,"href":"https:\/\/www.maisonschwind.lu\/fr\/wp-json\/wp\/v2\/comments?post=60715"}],"version-history":[{"count":2,"href":"https:\/\/www.maisonschwind.lu\/fr\/wp-json\/wp\/v2\/product\/60715\/revisions"}],"predecessor-version":[{"id":60722,"href":"https:\/\/www.maisonschwind.lu\/fr\/wp-json\/wp\/v2\/product\/60715\/revisions\/60722"}],"wp:featuredmedia":[{"embeddable":true,"href":"https:\/\/www.maisonschwind.lu\/fr\/wp-json\/wp\/v2\/media\/60530"}],"wp:attachment":[{"href":"https:\/\/www.maisonschwind.lu\/fr\/wp-json\/wp\/v2\/media?parent=60715"}],"wp:term":[{"taxonomy":"product_cat","embeddable":true,"href":"https:\/\/www.maisonschwind.lu\/fr\/wp-json\/wp\/v2\/product_cat?post=60715"},{"taxonomy":"product_tag","embeddable":true,"href":"https:\/\/www.maisonschwind.lu\/fr\/wp-json\/wp\/v2\/product_tag?post=60715"}],"curies":[{"name":"wp","href":"https:\/\/api.w.org\/{rel}","templated":true}]}}