{"id":60913,"date":"2025-10-17T10:42:52","date_gmt":"2025-10-17T08:42:52","guid":{"rendered":"https:\/\/www.maisonschwind.lu\/product\/ciseaux-cactus-katana-255cm-m180o25c1\/"},"modified":"2025-10-17T12:04:34","modified_gmt":"2025-10-17T10:04:34","slug":"ciseaux-cactus-katana-255cm-m180o25c1","status":"publish","type":"product","link":"https:\/\/www.maisonschwind.lu\/fr\/produit\/ciseaux-cactus-katana-255cm-m180o25c1\/","title":{"rendered":"Ciseaux cactus-katana 25,5cm M180O25C1"},"content":{"rendered":"\t\t<div data-elementor-type=\"wp-post\" data-elementor-id=\"60913\" class=\"elementor elementor-60913 elementor-60862\">\n\t\t\t\t\t\t\t\t\t<section class=\"elementor-section elementor-top-section elementor-element elementor-element-10749cc8 elementor-section-boxed elementor-section-height-default elementor-section-height-default\" data-id=\"10749cc8\" data-element_type=\"section\">\n\t\t\t\t\t\t<div class=\"elementor-container elementor-column-gap-default\">\n\t\t\t\t\t<div class=\"elementor-column elementor-col-100 elementor-top-column elementor-element elementor-element-3391f45a\" data-id=\"3391f45a\" data-element_type=\"column\">\n\t\t\t<div class=\"elementor-widget-wrap elementor-element-populated\">\n\t\t\t\t\t\t\t\t<div class=\"elementor-element elementor-element-241e0352 elementor-widget elementor-widget-text-editor\" data-id=\"241e0352\" data-element_type=\"widget\" data-widget_type=\"text-editor.default\">\n\t\t\t\t<div class=\"elementor-widget-container\">\n\t\t\t<style>\/*! elementor - v3.6.7 - 03-07-2022 *\/\n.elementor-widget-text-editor.elementor-drop-cap-view-stacked .elementor-drop-cap{background-color:#818a91;color:#fff}.elementor-widget-text-editor.elementor-drop-cap-view-framed .elementor-drop-cap{color:#818a91;border:3px solid;background-color:transparent}.elementor-widget-text-editor:not(.elementor-drop-cap-view-default) .elementor-drop-cap{margin-top:8px}.elementor-widget-text-editor:not(.elementor-drop-cap-view-default) .elementor-drop-cap-letter{width:1em;height:1em}.elementor-widget-text-editor .elementor-drop-cap{float:left;text-align:center;line-height:1;font-size:50px}.elementor-widget-text-editor .elementor-drop-cap-letter{display:inline-block}<\/style>\t\t\t\t<p><strong>Donn\u00e9es techniques :<\/strong><\/p><ul><li>Les lames sont imbriqu\u00e9es jusqu&#8217;au bout des poign\u00e9es (a)<\/li><li>Premium mat\u00e9rial HRC58<\/li><li>Lames tranchantes pr\u00e9cises, jusqu&#8217;au bout de la pointe<\/li><li>Haute technologie<\/li><li>Crochet de suspension int\u00e9gr\u00e9 (b)\u00a0<\/li><\/ul>\t\t\t\t\t\t<\/div>\n\t\t\t\t<\/div>\n\t\t\t\t\t<\/div>\n\t\t<\/div>\n\t\t\t\t\t\t\t<\/div>\n\t\t<\/section>\n\t\t\t\t\t\t\t<\/div>\n\t\t","protected":false},"excerpt":{"rendered":"<p>Con\u00e7ue pour les professionnels exigeants, la S\u00e9rie KATANA incarne une nouvelle g\u00e9n\u00e9ration de ciseaux de couture professionnel de haute pr\u00e9cision. Forg\u00e9es en acier inoxydable d&#8217;une duret\u00e9 de 58 HRC, les lames \u00e9paisses (entre 3,3 et 3,8mm) assurent une coupe nette, sable et durable, m\u00eame dans les tissus les plus \u00e9pais. Les surfaces mate anti-reflet conf\u00e8re une esth\u00e9tique raffin\u00e9e tout en r\u00e9duisant la fatigue visuelle due \u00e0 la r\u00e9verb\u00e9ration lumineuse lors d&#8217;un usage prolong\u00e9.<\/p>\n<p>Dimensions :<\/p>\n<ul>\n<li>25,5 x 9,3 cm<\/li>\n<\/ul>\n","protected":false},"featured_media":60864,"comment_status":"closed","ping_status":"closed","template":"","meta":[],"product_cat":[1401],"product_tag":[],"aioseo_notices":[],"_links":{"self":[{"href":"https:\/\/www.maisonschwind.lu\/fr\/wp-json\/wp\/v2\/product\/60913"}],"collection":[{"href":"https:\/\/www.maisonschwind.lu\/fr\/wp-json\/wp\/v2\/product"}],"about":[{"href":"https:\/\/www.maisonschwind.lu\/fr\/wp-json\/wp\/v2\/types\/product"}],"replies":[{"embeddable":true,"href":"https:\/\/www.maisonschwind.lu\/fr\/wp-json\/wp\/v2\/comments?post=60913"}],"version-history":[{"count":8,"href":"https:\/\/www.maisonschwind.lu\/fr\/wp-json\/wp\/v2\/product\/60913\/revisions"}],"predecessor-version":[{"id":60959,"href":"https:\/\/www.maisonschwind.lu\/fr\/wp-json\/wp\/v2\/product\/60913\/revisions\/60959"}],"wp:featuredmedia":[{"embeddable":true,"href":"https:\/\/www.maisonschwind.lu\/fr\/wp-json\/wp\/v2\/media\/60864"}],"wp:attachment":[{"href":"https:\/\/www.maisonschwind.lu\/fr\/wp-json\/wp\/v2\/media?parent=60913"}],"wp:term":[{"taxonomy":"product_cat","embeddable":true,"href":"https:\/\/www.maisonschwind.lu\/fr\/wp-json\/wp\/v2\/product_cat?post=60913"},{"taxonomy":"product_tag","embeddable":true,"href":"https:\/\/www.maisonschwind.lu\/fr\/wp-json\/wp\/v2\/product_tag?post=60913"}],"curies":[{"name":"wp","href":"https:\/\/api.w.org\/{rel}","templated":true}]}}