{"id":62380,"date":"2025-11-26T13:22:01","date_gmt":"2025-11-26T12:22:01","guid":{"rendered":"https:\/\/www.maisonschwind.lu\/product\/patron-accessoires-de-salle-de-bains-nikko-pochette-02-nikk-ikper99p\/"},"modified":"2025-12-05T20:28:13","modified_gmt":"2025-12-05T19:28:13","slug":"patron-accessoires-de-salle-de-bains-nikko-pochette-02-nikk-ikper99p","status":"publish","type":"product","link":"https:\/\/www.maisonschwind.lu\/fr\/produit\/patron-accessoires-de-salle-de-bains-nikko-pochette-02-nikk-ikper99p\/","title":{"rendered":"Patron accessoires de salle de bains NIKKO pochette 02.NIKK-IKPER99P"},"content":{"rendered":"\t\t<div data-elementor-type=\"wp-post\" data-elementor-id=\"62380\" class=\"elementor elementor-62380 elementor-61824\">\n\t\t\t\t\t\t\t\t\t<section class=\"elementor-section elementor-top-section elementor-element elementor-element-10749cc8 elementor-section-boxed elementor-section-height-default elementor-section-height-default\" data-id=\"10749cc8\" data-element_type=\"section\">\n\t\t\t\t\t\t<div class=\"elementor-container elementor-column-gap-default\">\n\t\t\t\t\t<div class=\"elementor-column elementor-col-100 elementor-top-column elementor-element elementor-element-3391f45a\" data-id=\"3391f45a\" data-element_type=\"column\">\n\t\t\t<div class=\"elementor-widget-wrap elementor-element-populated\">\n\t\t\t\t\t\t\t\t<div class=\"elementor-element elementor-element-241e0352 elementor-widget elementor-widget-text-editor\" data-id=\"241e0352\" data-element_type=\"widget\" data-widget_type=\"text-editor.default\">\n\t\t\t\t<div class=\"elementor-widget-container\">\n\t\t\t<style>\/*! elementor - v3.6.7 - 03-07-2022 *\/\n.elementor-widget-text-editor.elementor-drop-cap-view-stacked .elementor-drop-cap{background-color:#818a91;color:#fff}.elementor-widget-text-editor.elementor-drop-cap-view-framed .elementor-drop-cap{color:#818a91;border:3px solid;background-color:transparent}.elementor-widget-text-editor:not(.elementor-drop-cap-view-default) .elementor-drop-cap{margin-top:8px}.elementor-widget-text-editor:not(.elementor-drop-cap-view-default) .elementor-drop-cap-letter{width:1em;height:1em}.elementor-widget-text-editor .elementor-drop-cap{float:left;text-align:center;line-height:1;font-size:50px}.elementor-widget-text-editor .elementor-drop-cap-letter{display:inline-block}<\/style>\t\t\t\t<p>Nikko est un ensemble de patrons pour cr\u00e9er 6 accessoires pour la salle de bains et les voyages : un bandeau et des poignets, une lingette, une pochette pour savon, des pochons de rangement en trois tailles et une trousse nomade.<\/p><p><strong>Bandeau et des poignets, lingette, pochette \u00e0 savon\u00a0<\/strong>: faciles et rapides \u00e0 coudre, ils se r\u00e9alisent avec une partie en tissu absorbant de type \u00e9ponge.<br \/><strong>Pochons de rangement\u00a0<\/strong>avec une coulisse, des cordons de serrage et des coutures anglaises.<br \/><strong>Trousse nomade\u00a0<\/strong>de taille compacte pour de multiples usages : trousse de toilette, de maquillage, de rangement pour les aiguilles \u00e0 tricoter ou trousse \u00e0 crayons. Elle se compose de poches zipp\u00e9es et de compartiments, se replie en 3, se ferme par des liens ou un bouton et peut \u00eatre suspendue.<\/p><p><strong>Des produits tr\u00e8s utiles au quotidien ou en d\u00e9placement et faciles \u00e0 coudre.<\/strong><\/p><p>5 patrons disponibles en taille unique, 1 patron en 3 tailles.<\/p>\t\t\t\t\t\t<\/div>\n\t\t\t\t<\/div>\n\t\t\t\t\t<\/div>\n\t\t<\/div>\n\t\t\t\t\t\t\t<\/div>\n\t\t<\/section>\n\t\t\t\t\t\t\t<\/div>\n\t\t","protected":false},"excerpt":{"rendered":"<p>Chez Ikatee, nous sommes passionn\u00e9s par la couture et nous adorons partager nos cr\u00e9ations, nos astuces et nos coups de c\u0153ur pour vous inspirer \u00e0 cr\u00e9er toujours plus. Nous proposons des patrons de couture intuitifs, complets, d\u00e9taill\u00e9s, et surtout : accessibles \u00e0 tous !<\/p>\n","protected":false},"featured_media":61828,"comment_status":"closed","ping_status":"closed","template":"","meta":[],"product_cat":[1556],"product_tag":[],"aioseo_notices":[],"_links":{"self":[{"href":"https:\/\/www.maisonschwind.lu\/fr\/wp-json\/wp\/v2\/product\/62380"}],"collection":[{"href":"https:\/\/www.maisonschwind.lu\/fr\/wp-json\/wp\/v2\/product"}],"about":[{"href":"https:\/\/www.maisonschwind.lu\/fr\/wp-json\/wp\/v2\/types\/product"}],"replies":[{"embeddable":true,"href":"https:\/\/www.maisonschwind.lu\/fr\/wp-json\/wp\/v2\/comments?post=62380"}],"version-history":[{"count":2,"href":"https:\/\/www.maisonschwind.lu\/fr\/wp-json\/wp\/v2\/product\/62380\/revisions"}],"predecessor-version":[{"id":62386,"href":"https:\/\/www.maisonschwind.lu\/fr\/wp-json\/wp\/v2\/product\/62380\/revisions\/62386"}],"wp:featuredmedia":[{"embeddable":true,"href":"https:\/\/www.maisonschwind.lu\/fr\/wp-json\/wp\/v2\/media\/61828"}],"wp:attachment":[{"href":"https:\/\/www.maisonschwind.lu\/fr\/wp-json\/wp\/v2\/media?parent=62380"}],"wp:term":[{"taxonomy":"product_cat","embeddable":true,"href":"https:\/\/www.maisonschwind.lu\/fr\/wp-json\/wp\/v2\/product_cat?post=62380"},{"taxonomy":"product_tag","embeddable":true,"href":"https:\/\/www.maisonschwind.lu\/fr\/wp-json\/wp\/v2\/product_tag?post=62380"}],"curies":[{"name":"wp","href":"https:\/\/api.w.org\/{rel}","templated":true}]}}