{"id":62390,"date":"2025-11-26T13:37:00","date_gmt":"2025-11-26T12:37:00","guid":{"rendered":"https:\/\/www.maisonschwind.lu\/product\/patron-sweat-et-bomber-enfant-jules-pochette-02-jule-ik16e049p\/"},"modified":"2025-12-05T20:35:59","modified_gmt":"2025-12-05T19:35:59","slug":"patron-sweat-et-bomber-enfant-jules-pochette-02-jule-ik16e049p","status":"publish","type":"product","link":"https:\/\/www.maisonschwind.lu\/fr\/produit\/patron-sweat-et-bomber-enfant-jules-pochette-02-jule-ik16e049p\/","title":{"rendered":"Patron sweat et bomber enfant JULES pochette 02.JULE-IK16E049P"},"content":{"rendered":"\t\t<div data-elementor-type=\"wp-post\" data-elementor-id=\"62390\" class=\"elementor elementor-62390 elementor-61844\">\n\t\t\t\t\t\t\t\t\t<section class=\"elementor-section elementor-top-section elementor-element elementor-element-10749cc8 elementor-section-boxed elementor-section-height-default elementor-section-height-default\" data-id=\"10749cc8\" data-element_type=\"section\">\n\t\t\t\t\t\t<div class=\"elementor-container elementor-column-gap-default\">\n\t\t\t\t\t<div class=\"elementor-column elementor-col-100 elementor-top-column elementor-element elementor-element-3391f45a\" data-id=\"3391f45a\" data-element_type=\"column\">\n\t\t\t<div class=\"elementor-widget-wrap elementor-element-populated\">\n\t\t\t\t\t\t\t\t<div class=\"elementor-element elementor-element-241e0352 elementor-widget elementor-widget-text-editor\" data-id=\"241e0352\" data-element_type=\"widget\" data-widget_type=\"text-editor.default\">\n\t\t\t\t<div class=\"elementor-widget-container\">\n\t\t\t<style>\/*! elementor - v3.6.7 - 03-07-2022 *\/\n.elementor-widget-text-editor.elementor-drop-cap-view-stacked .elementor-drop-cap{background-color:#818a91;color:#fff}.elementor-widget-text-editor.elementor-drop-cap-view-framed .elementor-drop-cap{color:#818a91;border:3px solid;background-color:transparent}.elementor-widget-text-editor:not(.elementor-drop-cap-view-default) .elementor-drop-cap{margin-top:8px}.elementor-widget-text-editor:not(.elementor-drop-cap-view-default) .elementor-drop-cap-letter{width:1em;height:1em}.elementor-widget-text-editor .elementor-drop-cap{float:left;text-align:center;line-height:1;font-size:50px}.elementor-widget-text-editor .elementor-drop-cap-letter{display:inline-block}<\/style>\t\t\t\t<p>Jules est un patron de sweat zipp\u00e9 et de bomber mixte pour enfant. La coupe est loose pour un plus grand confort. Il dispose d\u2019\u00e9paules descendues, d\u2019une ouverture sur le devant par fermeture \u00e0 glissi\u00e8re et de poches prises dans la couture c\u00f4t\u00e9. De jolies finitions sont propos\u00e9es : un biais int\u00e9rieur \u00e0 l\u2019encolure ainsi que du bord-c\u00f4te sur le bas du corps, les poignets et au col.<br \/><strong>Un basique au look d\u00e9contract\u00e9.<\/strong><\/p><p>Disponible du 3 au 12 ans.<\/p>\t\t\t\t\t\t<\/div>\n\t\t\t\t<\/div>\n\t\t\t\t\t<\/div>\n\t\t<\/div>\n\t\t\t\t\t\t\t<\/div>\n\t\t<\/section>\n\t\t\t\t\t\t\t<\/div>\n\t\t","protected":false},"excerpt":{"rendered":"<p>Chez Ikatee, nous sommes passionn\u00e9s par la couture et nous adorons partager nos cr\u00e9ations, nos astuces et nos coups de c\u0153ur pour vous inspirer \u00e0 cr\u00e9er toujours plus. Nous proposons des patrons de couture intuitifs, complets, d\u00e9taill\u00e9s, et surtout : accessibles \u00e0 tous !<\/p>\n","protected":false},"featured_media":61854,"comment_status":"closed","ping_status":"closed","template":"","meta":[],"product_cat":[1556],"product_tag":[],"aioseo_notices":[],"_links":{"self":[{"href":"https:\/\/www.maisonschwind.lu\/fr\/wp-json\/wp\/v2\/product\/62390"}],"collection":[{"href":"https:\/\/www.maisonschwind.lu\/fr\/wp-json\/wp\/v2\/product"}],"about":[{"href":"https:\/\/www.maisonschwind.lu\/fr\/wp-json\/wp\/v2\/types\/product"}],"replies":[{"embeddable":true,"href":"https:\/\/www.maisonschwind.lu\/fr\/wp-json\/wp\/v2\/comments?post=62390"}],"version-history":[{"count":2,"href":"https:\/\/www.maisonschwind.lu\/fr\/wp-json\/wp\/v2\/product\/62390\/revisions"}],"predecessor-version":[{"id":62397,"href":"https:\/\/www.maisonschwind.lu\/fr\/wp-json\/wp\/v2\/product\/62390\/revisions\/62397"}],"wp:featuredmedia":[{"embeddable":true,"href":"https:\/\/www.maisonschwind.lu\/fr\/wp-json\/wp\/v2\/media\/61854"}],"wp:attachment":[{"href":"https:\/\/www.maisonschwind.lu\/fr\/wp-json\/wp\/v2\/media?parent=62390"}],"wp:term":[{"taxonomy":"product_cat","embeddable":true,"href":"https:\/\/www.maisonschwind.lu\/fr\/wp-json\/wp\/v2\/product_cat?post=62390"},{"taxonomy":"product_tag","embeddable":true,"href":"https:\/\/www.maisonschwind.lu\/fr\/wp-json\/wp\/v2\/product_tag?post=62390"}],"curies":[{"name":"wp","href":"https:\/\/api.w.org\/{rel}","templated":true}]}}